{"id":2564,"date":"2023-03-06T11:39:11","date_gmt":"2023-03-06T11:39:11","guid":{"rendered":"https:\/\/bricer.pt\/produto\/antifadiga-atacadores-encerados-castanho-90cm-emb-1-par\/"},"modified":"2026-02-16T10:05:24","modified_gmt":"2026-02-16T10:05:24","slug":"antifadiga-atacadores-encerados-castanho-90cm-emb-1-par","status":"publish","type":"product","link":"https:\/\/bricer.pt\/?product=antifadiga-atacadores-encerados-castanho-90cm-emb-1-par","title":{"rendered":"Antifadiga Atacadores Encerados Castanho 90cm  Emb. 1 Par"},"content":{"rendered":"<p><strong>Antifadiga Atacadores Encerados Castanho 90cm<\/strong> Emb. 1 Par<\/p>\n<p>&nbsp;<\/p>\n<p><strong>Caracter\u00edsticas<\/strong>: Atacadores que proporcionam estabilidade e um aperto eficaz do cal\u00e7ado.<\/p>\n<p><strong>Advert\u00eancias<\/strong>: Manter afastado do fogo.<\/p>\n","protected":false},"excerpt":{"rendered":"<p>Antifadiga Atacadores Encerados Castanho 90cm Emb. 1 Par &nbsp; Caracter\u00edsticas: Atacadores que proporcionam estabilidade e um aperto eficaz do cal\u00e7ado. Advert\u00eancias: Manter afastado do fogo.<\/p>\n","protected":false},"featured_media":2565,"template":"","meta":[],"product_brand":[],"product_cat":[348,349],"product_tag":[],"class_list":{"0":"post-2564","1":"product","2":"type-product","3":"status-publish","4":"has-post-thumbnail","6":"product_cat-acessorios","7":"product_cat-atacadores","8":"pa_marcas-antifadiga","9":"pa_pais-portugal","11":"first","12":"instock","13":"taxable","14":"shipping-taxable","15":"product-type-simple"},"_links":{"self":[{"href":"https:\/\/bricer.pt\/index.php?rest_route=\/wp\/v2\/product\/2564","targetHints":{"allow":["GET"]}}],"collection":[{"href":"https:\/\/bricer.pt\/index.php?rest_route=\/wp\/v2\/product"}],"about":[{"href":"https:\/\/bricer.pt\/index.php?rest_route=\/wp\/v2\/types\/product"}],"wp:featuredmedia":[{"embeddable":true,"href":"https:\/\/bricer.pt\/index.php?rest_route=\/wp\/v2\/media\/2565"}],"wp:attachment":[{"href":"https:\/\/bricer.pt\/index.php?rest_route=%2Fwp%2Fv2%2Fmedia&parent=2564"}],"wp:term":[{"taxonomy":"product_brand","embeddable":true,"href":"https:\/\/bricer.pt\/index.php?rest_route=%2Fwp%2Fv2%2Fproduct_brand&post=2564"},{"taxonomy":"product_cat","embeddable":true,"href":"https:\/\/bricer.pt\/index.php?rest_route=%2Fwp%2Fv2%2Fproduct_cat&post=2564"},{"taxonomy":"product_tag","embeddable":true,"href":"https:\/\/bricer.pt\/index.php?rest_route=%2Fwp%2Fv2%2Fproduct_tag&post=2564"}],"curies":[{"name":"wp","href":"https:\/\/api.w.org\/{rel}","templated":true}]}}