{"id":2554,"date":"2023-03-06T11:39:11","date_gmt":"2023-03-06T11:39:11","guid":{"rendered":"https:\/\/bricer.pt\/produto\/gerolsteiner-agua-mineral-natural-garrafa-pet-0-75l\/"},"modified":"2025-10-14T08:35:27","modified_gmt":"2025-10-14T08:35:27","slug":"gerolsteiner-agua-mineral-natural-garrafa-pet-0-75l","status":"publish","type":"product","link":"https:\/\/bricer.pt\/?product=gerolsteiner-agua-mineral-natural-garrafa-pet-0-75l","title":{"rendered":"Gerolsteiner \u00c1gua Mineral Natural  Garrafa PET 0.75L"},"content":{"rendered":"<p><strong>Gerolsteiner \u00c1gua Mineral Natural Garrafa PET 0.75L<\/strong><\/p>\n<p>&nbsp;<\/p>\n<p><strong>Ingrediente<\/strong>: \u00c1gua mineral natural.<\/p>\n<p><strong>An\u00e1lise Qu\u00edmica em mg\/l:<\/strong> Bicarbonato (HCO3-) 577; C\u00e1lcio (Ca\u00b2+) 125;<br \/>\nMagn\u00e9sio (Mg\u00b2+) 44; Sulfato (SO4\u00b2-) 24; S\u00f3dio (Na+) 17; Cloreto (Cl-) 15;<br \/>\nPot\u00e1ssio (K+) 5.<\/p>\n","protected":false},"excerpt":{"rendered":"<p>Gerolsteiner \u00c1gua Mineral Natural Garrafa PET 0.75L &nbsp; Ingrediente: \u00c1gua mineral natural. An\u00e1lise Qu\u00edmica em mg\/l: Bicarbonato (HCO3-) 577; C\u00e1lcio (Ca\u00b2+) 125; Magn\u00e9sio (Mg\u00b2+) 44; Sulfato (SO4\u00b2-) 24; S\u00f3dio (Na+) 17; Cloreto (Cl-) 15; Pot\u00e1ssio (K+) 5.<\/p>\n","protected":false},"featured_media":2555,"template":"","meta":[],"product_brand":[],"product_cat":[149,45,20],"product_tag":[],"class_list":{"0":"post-2554","1":"product","2":"type-product","3":"status-publish","4":"has-post-thumbnail","6":"product_cat-agua-mineral","7":"product_cat-aguas","8":"product_cat-bebidas","9":"pa_marcas-gerolsteiner","10":"pa_pais-alemanha","12":"first","13":"instock","14":"taxable","15":"shipping-taxable","16":"product-type-simple"},"_links":{"self":[{"href":"https:\/\/bricer.pt\/index.php?rest_route=\/wp\/v2\/product\/2554","targetHints":{"allow":["GET"]}}],"collection":[{"href":"https:\/\/bricer.pt\/index.php?rest_route=\/wp\/v2\/product"}],"about":[{"href":"https:\/\/bricer.pt\/index.php?rest_route=\/wp\/v2\/types\/product"}],"wp:featuredmedia":[{"embeddable":true,"href":"https:\/\/bricer.pt\/index.php?rest_route=\/wp\/v2\/media\/2555"}],"wp:attachment":[{"href":"https:\/\/bricer.pt\/index.php?rest_route=%2Fwp%2Fv2%2Fmedia&parent=2554"}],"wp:term":[{"taxonomy":"product_brand","embeddable":true,"href":"https:\/\/bricer.pt\/index.php?rest_route=%2Fwp%2Fv2%2Fproduct_brand&post=2554"},{"taxonomy":"product_cat","embeddable":true,"href":"https:\/\/bricer.pt\/index.php?rest_route=%2Fwp%2Fv2%2Fproduct_cat&post=2554"},{"taxonomy":"product_tag","embeddable":true,"href":"https:\/\/bricer.pt\/index.php?rest_route=%2Fwp%2Fv2%2Fproduct_tag&post=2554"}],"curies":[{"name":"wp","href":"https:\/\/api.w.org\/{rel}","templated":true}]}}