{"id":2550,"date":"2023-03-06T11:39:11","date_gmt":"2023-03-06T11:39:11","guid":{"rendered":"https:\/\/bricer.pt\/produto\/fiji-agua-mineral-garrafa-pet-0-5l\/"},"modified":"2025-11-20T11:58:03","modified_gmt":"2025-11-20T11:58:03","slug":"fiji-agua-mineral-garrafa-pet-0-5l","status":"publish","type":"product","link":"https:\/\/bricer.pt\/?product=fiji-agua-mineral-garrafa-pet-0-5l","title":{"rendered":"Fiji \u00c1gua Mineral  Garrafa PET 0.5L"},"content":{"rendered":"<p><strong>Fiji \u00c1gua Mineral Garrafa PET 0.5L<\/strong><\/p>\n<p>&nbsp;<\/p>\n<p><strong>Ingrediente<\/strong>: \u00c1gua mineral de po\u00e7o artesiano das ilhas Fiji. A \u00e1gua \u00e9 tratada por<br \/>\nradia\u00e7\u00e3o UV e ultrafiltra\u00e7\u00e3o.<\/p>\n<p><strong>An\u00e1lise Qu\u00edmica tipo em mg\/L:<\/strong> S\u00edlica (SiO2) 93; C\u00e1lcio (Ca) 18; Nitratos (NO3) 1; Magn\u00e9sio (Mg) 15; Sulfatos (SO4) 1; S\u00f3dio (Na) 18; Bicarbonatos (HCO3) 153; Pot\u00e1ssio (K) 5; Cloretos (Cl) 9; pH = 7,7.<\/p>\n","protected":false},"excerpt":{"rendered":"<p>Fiji \u00c1gua Mineral Garrafa PET 0.5L &nbsp; Ingrediente: \u00c1gua mineral de po\u00e7o artesiano das ilhas Fiji. A \u00e1gua \u00e9 tratada por radia\u00e7\u00e3o UV e ultrafiltra\u00e7\u00e3o. An\u00e1lise Qu\u00edmica tipo em mg\/L: S\u00edlica (SiO2) 93; C\u00e1lcio (Ca) 18; Nitratos (NO3) 1; Magn\u00e9sio (Mg) 15; Sulfatos (SO4) 1; S\u00f3dio (Na) 18; Bicarbonatos (HCO3) 153; Pot\u00e1ssio (K) 5; Cloretos [&hellip;]<\/p>\n","protected":false},"featured_media":2551,"template":"","meta":[],"product_brand":[],"product_cat":[149,45,20],"product_tag":[],"class_list":{"0":"post-2550","1":"product","2":"type-product","3":"status-publish","4":"has-post-thumbnail","6":"product_cat-agua-mineral","7":"product_cat-aguas","8":"product_cat-bebidas","9":"pa_marcas-fiji","11":"first","12":"instock","13":"taxable","14":"shipping-taxable","15":"product-type-simple"},"_links":{"self":[{"href":"https:\/\/bricer.pt\/index.php?rest_route=\/wp\/v2\/product\/2550","targetHints":{"allow":["GET"]}}],"collection":[{"href":"https:\/\/bricer.pt\/index.php?rest_route=\/wp\/v2\/product"}],"about":[{"href":"https:\/\/bricer.pt\/index.php?rest_route=\/wp\/v2\/types\/product"}],"wp:featuredmedia":[{"embeddable":true,"href":"https:\/\/bricer.pt\/index.php?rest_route=\/wp\/v2\/media\/2551"}],"wp:attachment":[{"href":"https:\/\/bricer.pt\/index.php?rest_route=%2Fwp%2Fv2%2Fmedia&parent=2550"}],"wp:term":[{"taxonomy":"product_brand","embeddable":true,"href":"https:\/\/bricer.pt\/index.php?rest_route=%2Fwp%2Fv2%2Fproduct_brand&post=2550"},{"taxonomy":"product_cat","embeddable":true,"href":"https:\/\/bricer.pt\/index.php?rest_route=%2Fwp%2Fv2%2Fproduct_cat&post=2550"},{"taxonomy":"product_tag","embeddable":true,"href":"https:\/\/bricer.pt\/index.php?rest_route=%2Fwp%2Fv2%2Fproduct_tag&post=2550"}],"curies":[{"name":"wp","href":"https:\/\/api.w.org\/{rel}","templated":true}]}}