{"id":2544,"date":"2023-03-06T11:39:11","date_gmt":"2023-03-06T11:39:11","guid":{"rendered":"https:\/\/bricer.pt\/produto\/solan-de-cabras-agua-mineral-garrafa-pet-0-5l\/"},"modified":"2023-04-17T08:01:49","modified_gmt":"2023-04-17T08:01:49","slug":"solan-de-cabras-agua-mineral-garrafa-pet-0-5l","status":"publish","type":"product","link":"https:\/\/bricer.pt\/?product=solan-de-cabras-agua-mineral-garrafa-pet-0-5l","title":{"rendered":"Solan de Cabras \u00c1gua Mineral Garrafa PET 0.5L"},"content":{"rendered":"<p><strong>Solan de Cabras \u00c1gua Mineral Garrafa PET 0.5L.<\/strong><\/p>\n<p>&nbsp;<\/p>\n<p><strong>Ingredientes<\/strong>: 100% \u00c1gua Mineral Natural. \u00c1gua de mineraliza\u00e7\u00e3o baixa.<\/p>\n<p><strong>An\u00e1lise Qu\u00edmica (mg\/L):<\/strong> Bicarbonatos 284; C\u00e1lcio 60,0; Magn\u00e9sio 26,7; Pot\u00e1ssio 1,0; S\u00f3dio 4,8; Res\u00edduo seco 278. pH naturalmente balanceado no ponto de origem 7,7.<\/p>\n","protected":false},"excerpt":{"rendered":"<p>Solan de Cabras \u00c1gua Mineral Garrafa PET 0.5L. &nbsp; Ingredientes: 100% \u00c1gua Mineral Natural. \u00c1gua de mineraliza\u00e7\u00e3o baixa. An\u00e1lise Qu\u00edmica (mg\/L): Bicarbonatos 284; C\u00e1lcio 60,0; Magn\u00e9sio 26,7; Pot\u00e1ssio 1,0; S\u00f3dio 4,8; Res\u00edduo seco 278. pH naturalmente balanceado no ponto de origem 7,7.<\/p>\n","protected":false},"featured_media":2545,"template":"","meta":[],"product_brand":[],"product_cat":[149,45,20],"product_tag":[],"class_list":{"0":"post-2544","1":"product","2":"type-product","3":"status-publish","4":"has-post-thumbnail","6":"product_cat-agua-mineral","7":"product_cat-aguas","8":"product_cat-bebidas","9":"pa_marcas-solan-de-cabras","10":"pa_pais-espanha","12":"first","13":"instock","14":"taxable","15":"shipping-taxable","16":"product-type-simple"},"_links":{"self":[{"href":"https:\/\/bricer.pt\/index.php?rest_route=\/wp\/v2\/product\/2544","targetHints":{"allow":["GET"]}}],"collection":[{"href":"https:\/\/bricer.pt\/index.php?rest_route=\/wp\/v2\/product"}],"about":[{"href":"https:\/\/bricer.pt\/index.php?rest_route=\/wp\/v2\/types\/product"}],"wp:featuredmedia":[{"embeddable":true,"href":"https:\/\/bricer.pt\/index.php?rest_route=\/wp\/v2\/media\/2545"}],"wp:attachment":[{"href":"https:\/\/bricer.pt\/index.php?rest_route=%2Fwp%2Fv2%2Fmedia&parent=2544"}],"wp:term":[{"taxonomy":"product_brand","embeddable":true,"href":"https:\/\/bricer.pt\/index.php?rest_route=%2Fwp%2Fv2%2Fproduct_brand&post=2544"},{"taxonomy":"product_cat","embeddable":true,"href":"https:\/\/bricer.pt\/index.php?rest_route=%2Fwp%2Fv2%2Fproduct_cat&post=2544"},{"taxonomy":"product_tag","embeddable":true,"href":"https:\/\/bricer.pt\/index.php?rest_route=%2Fwp%2Fv2%2Fproduct_tag&post=2544"}],"curies":[{"name":"wp","href":"https:\/\/api.w.org\/{rel}","templated":true}]}}