{"id":2528,"date":"2023-03-06T11:38:56","date_gmt":"2023-03-06T11:38:56","guid":{"rendered":"https:\/\/bricer.pt\/produto\/wax-lyrical-difusor-windsor-noel-assorted-emb-140ml\/"},"modified":"2026-04-17T09:11:59","modified_gmt":"2026-04-17T09:11:59","slug":"wax-lyrical-difusor-windsor-noel-assorted-emb-140ml","status":"publish","type":"product","link":"https:\/\/bricer.pt\/?product=wax-lyrical-difusor-windsor-noel-assorted-emb-140ml","title":{"rendered":"Wax Lyrical Difusor &#8220;Windsor &#038; Noel&#8221;  Assorted  Emb. 140ml"},"content":{"rendered":"<p><strong>Wax Lyrical Difusor &#8220;Windsor &amp; Noel&#8221; Assorted<\/strong> Emb. 140ml.<\/p>\n<p>&nbsp;<\/p>\n<p><strong>Caracter\u00edsticas: <\/strong>O desenho soldado de brinquedo dos quebra-nozes \u00e9 visto como um s\u00edmbolo de boa sorte para a \u00e9poca festiva, e os nossos quebra-nozes perfumados fazem um presente maravilhoso! Dentro da fabulosamente festiva lata vermelha ou verde de quebra-nozes, encontrar\u00e1 o muito adorado desenho da \u00c1rvore de Natal decorando um difusor de vidro com tampa dourada, cheio com uma de duas fragr\u00e2ncias. Noel encher\u00e1 a sua casa com notas de madeira de cedro e agulha de abeto, enquanto uma mistura de laranja, arandos, noz-moscada e cravo-da-\u00edndia cria uma frag\u00e2ncia \u00fanica. Windsor traz a frescura da agulha de abeto, pinheiro, e abeto com o calor de bagas de azevinho vermelho brilhante para a sua casa, criando uma atmosfera sazonal encantadora.<\/p>\n","protected":false},"excerpt":{"rendered":"<p>Wax Lyrical Difusor &#8220;Windsor &amp; Noel&#8221; Assorted Emb. 140ml. &nbsp; Caracter\u00edsticas: O desenho soldado de brinquedo dos quebra-nozes \u00e9 visto como um s\u00edmbolo de boa sorte para a \u00e9poca festiva, e os nossos quebra-nozes perfumados fazem um presente maravilhoso! Dentro da fabulosamente festiva lata vermelha ou verde de quebra-nozes, encontrar\u00e1 o muito adorado desenho da [&hellip;]<\/p>\n","protected":false},"featured_media":2529,"template":"","meta":[],"product_brand":[],"product_cat":[287,55],"product_tag":[],"class_list":{"0":"post-2528","1":"product","2":"type-product","3":"status-publish","4":"has-post-thumbnail","6":"product_cat-ambientadores-para-casa","7":"product_cat-dph","8":"pa_marcas-wax-lyrical","9":"pa_pais-reino-unido","11":"first","12":"outofstock","13":"taxable","14":"shipping-taxable","15":"product-type-simple"},"_links":{"self":[{"href":"https:\/\/bricer.pt\/index.php?rest_route=\/wp\/v2\/product\/2528","targetHints":{"allow":["GET"]}}],"collection":[{"href":"https:\/\/bricer.pt\/index.php?rest_route=\/wp\/v2\/product"}],"about":[{"href":"https:\/\/bricer.pt\/index.php?rest_route=\/wp\/v2\/types\/product"}],"wp:featuredmedia":[{"embeddable":true,"href":"https:\/\/bricer.pt\/index.php?rest_route=\/wp\/v2\/media\/2529"}],"wp:attachment":[{"href":"https:\/\/bricer.pt\/index.php?rest_route=%2Fwp%2Fv2%2Fmedia&parent=2528"}],"wp:term":[{"taxonomy":"product_brand","embeddable":true,"href":"https:\/\/bricer.pt\/index.php?rest_route=%2Fwp%2Fv2%2Fproduct_brand&post=2528"},{"taxonomy":"product_cat","embeddable":true,"href":"https:\/\/bricer.pt\/index.php?rest_route=%2Fwp%2Fv2%2Fproduct_cat&post=2528"},{"taxonomy":"product_tag","embeddable":true,"href":"https:\/\/bricer.pt\/index.php?rest_route=%2Fwp%2Fv2%2Fproduct_tag&post=2528"}],"curies":[{"name":"wp","href":"https:\/\/api.w.org\/{rel}","templated":true}]}}