{"id":2520,"date":"2023-03-06T11:38:56","date_gmt":"2023-03-06T11:38:56","guid":{"rendered":"https:\/\/bricer.pt\/produto\/wax-lyrical-vela-grande-perfumada-atrium-blue-cypress-emb-287g\/"},"modified":"2026-04-17T09:14:45","modified_gmt":"2026-04-17T09:14:45","slug":"wax-lyrical-vela-grande-perfumada-atrium-blue-cypress-emb-287g","status":"publish","type":"product","link":"https:\/\/bricer.pt\/?product=wax-lyrical-vela-grande-perfumada-atrium-blue-cypress-emb-287g","title":{"rendered":"Wax Lyrical Vela Grande Perfumada &#8220;Atrium Blue Cypress&#8221;  Emb. 287g"},"content":{"rendered":"<p><strong>Wax Lyrical Vela Grande Perfumada &#8220;Atrium Blue Cypress&#8221;<\/strong>\u00a0 \u00a0 Emb. 287g.<\/p>\n<p>&nbsp;<\/p>\n<p><strong>Caracter\u00edsticas: <\/strong>Uma fragr\u00e2ncia refrescante e masculina que apresenta notas aguadas adocicadas por um cora\u00e7\u00e3o floral puro e figos verdes frescos. Esta evolui para uma base rica e amadeirada que se harmoniza com o \u00e2mbar e o alm\u00edscar. Apresentada numa lata premium com a estampa ic\u00f3nica &#8220;Atrium&#8221;, a vela \u00e9 tamb\u00e9m presenteada num saco de lona de algod\u00e3o, tornando-a um presente fant\u00e1stico. Tempo de queima: at\u00e9 50 horas.<\/p>\n<p>&nbsp;<\/p>\n","protected":false},"excerpt":{"rendered":"<p>Wax Lyrical Vela Grande Perfumada &#8220;Atrium Blue Cypress&#8221;\u00a0 \u00a0 Emb. 287g. &nbsp; Caracter\u00edsticas: Uma fragr\u00e2ncia refrescante e masculina que apresenta notas aguadas adocicadas por um cora\u00e7\u00e3o floral puro e figos verdes frescos. Esta evolui para uma base rica e amadeirada que se harmoniza com o \u00e2mbar e o alm\u00edscar. Apresentada numa lata premium com a [&hellip;]<\/p>\n","protected":false},"featured_media":2521,"template":"","meta":[],"product_brand":[],"product_cat":[55,288],"product_tag":[],"class_list":{"0":"post-2520","1":"product","2":"type-product","3":"status-publish","4":"has-post-thumbnail","6":"product_cat-dph","7":"product_cat-velas","8":"pa_marcas-wax-lyrical","9":"pa_pais-reino-unido","11":"first","12":"outofstock","13":"taxable","14":"shipping-taxable","15":"product-type-simple"},"_links":{"self":[{"href":"https:\/\/bricer.pt\/index.php?rest_route=\/wp\/v2\/product\/2520","targetHints":{"allow":["GET"]}}],"collection":[{"href":"https:\/\/bricer.pt\/index.php?rest_route=\/wp\/v2\/product"}],"about":[{"href":"https:\/\/bricer.pt\/index.php?rest_route=\/wp\/v2\/types\/product"}],"wp:featuredmedia":[{"embeddable":true,"href":"https:\/\/bricer.pt\/index.php?rest_route=\/wp\/v2\/media\/2521"}],"wp:attachment":[{"href":"https:\/\/bricer.pt\/index.php?rest_route=%2Fwp%2Fv2%2Fmedia&parent=2520"}],"wp:term":[{"taxonomy":"product_brand","embeddable":true,"href":"https:\/\/bricer.pt\/index.php?rest_route=%2Fwp%2Fv2%2Fproduct_brand&post=2520"},{"taxonomy":"product_cat","embeddable":true,"href":"https:\/\/bricer.pt\/index.php?rest_route=%2Fwp%2Fv2%2Fproduct_cat&post=2520"},{"taxonomy":"product_tag","embeddable":true,"href":"https:\/\/bricer.pt\/index.php?rest_route=%2Fwp%2Fv2%2Fproduct_tag&post=2520"}],"curies":[{"name":"wp","href":"https:\/\/api.w.org\/{rel}","templated":true}]}}