{"id":2518,"date":"2023-03-06T11:38:56","date_gmt":"2023-03-06T11:38:56","guid":{"rendered":"https:\/\/bricer.pt\/produto\/wax-lyrical-difusor-c-varetas-atrium-blue-cypress-emb-180ml\/"},"modified":"2026-04-17T09:15:21","modified_gmt":"2026-04-17T09:15:21","slug":"wax-lyrical-difusor-c-varetas-atrium-blue-cypress-emb-180ml","status":"publish","type":"product","link":"https:\/\/bricer.pt\/?product=wax-lyrical-difusor-c-varetas-atrium-blue-cypress-emb-180ml","title":{"rendered":"Wax Lyrical Difusor c\/ Varetas &#8220;Atrium Blue Cypress&#8221;  Emb. 180ml"},"content":{"rendered":"<p><strong>Wax Lyrical Difusor c\/ Varetas &#8220;Atrium Blue Cypress&#8221;\u00a0<\/strong> \u00a0 Emb. 180ml.<\/p>\n<p>&nbsp;<\/p>\n<p><strong>Caracter\u00edsticas: <\/strong>Este impressionante difusor de cana \u00e9 apresentado numa lata floral e geom\u00e9trica contrastante, enquanto o frasco difusor no interior \u00e9 bordejado com uma estampa estampada a estampa para refletir o cheiro fresco e o desenho ic\u00f3nico do Atrium. Uma fragr\u00e2ncia refrescante e masculina que apresenta notas aguadas adocicadas por um cora\u00e7\u00e3o floral puro e figos verdes frescos. Isto evolui para uma base rica e amadeirada, harmonizada com \u00e2mbar e alm\u00edscar.<\/p>\n<p><strong>Ingredientes<\/strong>: 1-(1,2,3,4,5,6,7,8-Octahydro-2,3,8,8-tetramethyl-2-naphthyl)-ethan-1-one (OTNE), linalool. Cont\u00e9m subst\u00e2ncias sensibilizantes. Pode produzir uma rea\u00e7\u00e3o al\u00e9rgica. Ler sempre o r\u00f3tulo e a informa\u00e7\u00e3o do produto antes de o utilizar.<\/p>\n","protected":false},"excerpt":{"rendered":"<p>Wax Lyrical Difusor c\/ Varetas &#8220;Atrium Blue Cypress&#8221;\u00a0 \u00a0 Emb. 180ml. &nbsp; Caracter\u00edsticas: Este impressionante difusor de cana \u00e9 apresentado numa lata floral e geom\u00e9trica contrastante, enquanto o frasco difusor no interior \u00e9 bordejado com uma estampa estampada a estampa para refletir o cheiro fresco e o desenho ic\u00f3nico do Atrium. Uma fragr\u00e2ncia refrescante e [&hellip;]<\/p>\n","protected":false},"featured_media":2519,"template":"","meta":[],"product_brand":[],"product_cat":[287,55],"product_tag":[],"class_list":{"0":"post-2518","1":"product","2":"type-product","3":"status-publish","4":"has-post-thumbnail","6":"product_cat-ambientadores-para-casa","7":"product_cat-dph","8":"pa_marcas-wax-lyrical","9":"pa_pais-reino-unido","11":"first","12":"outofstock","13":"taxable","14":"shipping-taxable","15":"product-type-simple"},"_links":{"self":[{"href":"https:\/\/bricer.pt\/index.php?rest_route=\/wp\/v2\/product\/2518","targetHints":{"allow":["GET"]}}],"collection":[{"href":"https:\/\/bricer.pt\/index.php?rest_route=\/wp\/v2\/product"}],"about":[{"href":"https:\/\/bricer.pt\/index.php?rest_route=\/wp\/v2\/types\/product"}],"wp:featuredmedia":[{"embeddable":true,"href":"https:\/\/bricer.pt\/index.php?rest_route=\/wp\/v2\/media\/2519"}],"wp:attachment":[{"href":"https:\/\/bricer.pt\/index.php?rest_route=%2Fwp%2Fv2%2Fmedia&parent=2518"}],"wp:term":[{"taxonomy":"product_brand","embeddable":true,"href":"https:\/\/bricer.pt\/index.php?rest_route=%2Fwp%2Fv2%2Fproduct_brand&post=2518"},{"taxonomy":"product_cat","embeddable":true,"href":"https:\/\/bricer.pt\/index.php?rest_route=%2Fwp%2Fv2%2Fproduct_cat&post=2518"},{"taxonomy":"product_tag","embeddable":true,"href":"https:\/\/bricer.pt\/index.php?rest_route=%2Fwp%2Fv2%2Fproduct_tag&post=2518"}],"curies":[{"name":"wp","href":"https:\/\/api.w.org\/{rel}","templated":true}]}}