{"id":2516,"date":"2023-03-06T11:38:56","date_gmt":"2023-03-06T11:38:56","guid":{"rendered":"https:\/\/bricer.pt\/produto\/wax-lyrical-difusor-c-varetas-harmony-wild-woods-emb-180ml\/"},"modified":"2026-04-17T09:12:07","modified_gmt":"2026-04-17T09:12:07","slug":"wax-lyrical-difusor-c-varetas-harmony-wild-woods-emb-180ml","status":"publish","type":"product","link":"https:\/\/bricer.pt\/?product=wax-lyrical-difusor-c-varetas-harmony-wild-woods-emb-180ml","title":{"rendered":"Wax Lyrical Difusor c\/ Varetas &#8220;Harmony Wild Woods&#8221;  Emb. 180ml"},"content":{"rendered":"<p><strong>Wax Lyrical Difusor c\/ Varetas &#8220;Harmony Wild Woods&#8221;\u00a0 \u00a0<\/strong> Emb. 180ml.<\/p>\n<p>&nbsp;<\/p>\n<p><strong>Caracter\u00edsticas:<\/strong> Esta fragr\u00e2ncia oce\u00e2nica sublime abre-se com notas de ozono brilhantes e refrescantes, levando a um cora\u00e7\u00e3o vibrante de flores brancas, sal marinho e notas de ervas descansando sobre uma base refrescante.<\/p>\n","protected":false},"excerpt":{"rendered":"<p>Wax Lyrical Difusor c\/ Varetas &#8220;Harmony Wild Woods&#8221;\u00a0 \u00a0 Emb. 180ml. &nbsp; Caracter\u00edsticas: Esta fragr\u00e2ncia oce\u00e2nica sublime abre-se com notas de ozono brilhantes e refrescantes, levando a um cora\u00e7\u00e3o vibrante de flores brancas, sal marinho e notas de ervas descansando sobre uma base refrescante.<\/p>\n","protected":false},"featured_media":2517,"template":"","meta":[],"product_brand":[],"product_cat":[287,55],"product_tag":[],"class_list":{"0":"post-2516","1":"product","2":"type-product","3":"status-publish","4":"has-post-thumbnail","6":"product_cat-ambientadores-para-casa","7":"product_cat-dph","8":"pa_marcas-wax-lyrical","9":"pa_pais-reino-unido","11":"first","12":"outofstock","13":"taxable","14":"shipping-taxable","15":"product-type-simple"},"_links":{"self":[{"href":"https:\/\/bricer.pt\/index.php?rest_route=\/wp\/v2\/product\/2516","targetHints":{"allow":["GET"]}}],"collection":[{"href":"https:\/\/bricer.pt\/index.php?rest_route=\/wp\/v2\/product"}],"about":[{"href":"https:\/\/bricer.pt\/index.php?rest_route=\/wp\/v2\/types\/product"}],"wp:featuredmedia":[{"embeddable":true,"href":"https:\/\/bricer.pt\/index.php?rest_route=\/wp\/v2\/media\/2517"}],"wp:attachment":[{"href":"https:\/\/bricer.pt\/index.php?rest_route=%2Fwp%2Fv2%2Fmedia&parent=2516"}],"wp:term":[{"taxonomy":"product_brand","embeddable":true,"href":"https:\/\/bricer.pt\/index.php?rest_route=%2Fwp%2Fv2%2Fproduct_brand&post=2516"},{"taxonomy":"product_cat","embeddable":true,"href":"https:\/\/bricer.pt\/index.php?rest_route=%2Fwp%2Fv2%2Fproduct_cat&post=2516"},{"taxonomy":"product_tag","embeddable":true,"href":"https:\/\/bricer.pt\/index.php?rest_route=%2Fwp%2Fv2%2Fproduct_tag&post=2516"}],"curies":[{"name":"wp","href":"https:\/\/api.w.org\/{rel}","templated":true}]}}