{"id":2514,"date":"2023-03-06T11:38:56","date_gmt":"2023-03-06T11:38:56","guid":{"rendered":"https:\/\/bricer.pt\/produto\/wax-lyrical-silentnight-room-spray-sleep-oakmoss-patchouli-emb-100ml\/"},"modified":"2023-04-17T08:01:46","modified_gmt":"2023-04-17T08:01:46","slug":"wax-lyrical-silentnight-room-spray-sleep-oakmoss-patchouli-emb-100ml","status":"publish","type":"product","link":"https:\/\/bricer.pt\/?product=wax-lyrical-silentnight-room-spray-sleep-oakmoss-patchouli-emb-100ml","title":{"rendered":"Wax Lyrical SILENTNIGHT &#8220;Room Spray&#8221; &#8211; &#8220;Sleep &#8211; Oakmoss &#038; Patchouli&#8221;  Emb. 100ml"},"content":{"rendered":"<p><strong>Wax Lyrical SILENTNIGHT &#8220;Room Spray&#8221; &#8211; &#8220;Sleep &#8211; Oakmoss &amp; Patchouli&#8221;\u00a0<\/strong> \u00a0 Emb. 100ml.<\/p>\n<p>&nbsp;<\/p>\n<p><strong>Caracter\u00edsticas: <\/strong>Cria um ref\u00fagio de tranquilidade e deriva para uma noite de sono tranquila com este aroma suave e calmante de ervas. Infuso com \u00f3leos essenciais de lavanda e patchouli, esta fragr\u00e2ncia \u00e9 enriquecida com aromas que se diz relaxarem a mente e encorajarem o sono repousante. Adicione um spritz da sua fragr\u00e2ncia favorita \u00e0 sua casa ao toque de um bocal com este spray de sala que foi concebido para se sentar elegantemente em qualquer divis\u00e3o da sua casa.<\/p>\n","protected":false},"excerpt":{"rendered":"<p>Wax Lyrical SILENTNIGHT &#8220;Room Spray&#8221; &#8211; &#8220;Sleep &#8211; Oakmoss &amp; Patchouli&#8221;\u00a0 \u00a0 Emb. 100ml. &nbsp; Caracter\u00edsticas: Cria um ref\u00fagio de tranquilidade e deriva para uma noite de sono tranquila com este aroma suave e calmante de ervas. Infuso com \u00f3leos essenciais de lavanda e patchouli, esta fragr\u00e2ncia \u00e9 enriquecida com aromas que se diz relaxarem [&hellip;]<\/p>\n","protected":false},"featured_media":2515,"template":"","meta":[],"product_brand":[],"product_cat":[287,55],"product_tag":[],"class_list":{"0":"post-2514","1":"product","2":"type-product","3":"status-publish","4":"has-post-thumbnail","6":"product_cat-ambientadores-para-casa","7":"product_cat-dph","8":"pa_marcas-wax-lyrical","9":"pa_pais-reino-unido","11":"first","12":"instock","13":"taxable","14":"shipping-taxable","15":"product-type-simple"},"_links":{"self":[{"href":"https:\/\/bricer.pt\/index.php?rest_route=\/wp\/v2\/product\/2514","targetHints":{"allow":["GET"]}}],"collection":[{"href":"https:\/\/bricer.pt\/index.php?rest_route=\/wp\/v2\/product"}],"about":[{"href":"https:\/\/bricer.pt\/index.php?rest_route=\/wp\/v2\/types\/product"}],"wp:featuredmedia":[{"embeddable":true,"href":"https:\/\/bricer.pt\/index.php?rest_route=\/wp\/v2\/media\/2515"}],"wp:attachment":[{"href":"https:\/\/bricer.pt\/index.php?rest_route=%2Fwp%2Fv2%2Fmedia&parent=2514"}],"wp:term":[{"taxonomy":"product_brand","embeddable":true,"href":"https:\/\/bricer.pt\/index.php?rest_route=%2Fwp%2Fv2%2Fproduct_brand&post=2514"},{"taxonomy":"product_cat","embeddable":true,"href":"https:\/\/bricer.pt\/index.php?rest_route=%2Fwp%2Fv2%2Fproduct_cat&post=2514"},{"taxonomy":"product_tag","embeddable":true,"href":"https:\/\/bricer.pt\/index.php?rest_route=%2Fwp%2Fv2%2Fproduct_tag&post=2514"}],"curies":[{"name":"wp","href":"https:\/\/api.w.org\/{rel}","templated":true}]}}