{"id":2506,"date":"2023-03-06T11:38:56","date_gmt":"2023-03-06T11:38:56","guid":{"rendered":"https:\/\/bricer.pt\/produto\/wax-lyrical-pot-pourri-c-perfume-cotton-flower-emb-180g\/"},"modified":"2023-04-17T08:01:46","modified_gmt":"2023-04-17T08:01:46","slug":"wax-lyrical-pot-pourri-c-perfume-cotton-flower-emb-180g","status":"publish","type":"product","link":"https:\/\/bricer.pt\/?product=wax-lyrical-pot-pourri-c-perfume-cotton-flower-emb-180g","title":{"rendered":"Wax Lyrical &#8220;Pot Pourri&#8221; c\/ Perfume &#8220;Cotton Flower&#8221;  Emb. 180g"},"content":{"rendered":"<p><strong>Wax Lyrical &#8220;Pot Pourri&#8221; c\/ Perfume &#8220;Cotton Flower&#8221;<\/strong>\u00a0 \u00a0 Emb. 180g.<\/p>\n<p>&nbsp;<\/p>\n<p><strong>Caracter\u00edsticas:\u00a0 <\/strong>O nosso &#8220;pot pourri&#8221; de col\u00f3nia \u00e9 apresentado num saco de celofane embrulhado em fita, faz uma bela ideia de presente e \u00e9 uma bela forma de perfumar a sua casa. Esta rica fragr\u00e2ncia floral traz um bouquet de violeta, l\u00edrio, jasmim e \u00edris, enquanto uma pitada de ylang \u00e9 polvilhada com um cora\u00e7\u00e3o pulverulento de mimosa. Esta combina\u00e7\u00e3o floral perfumada \u00e9 tudo colocado contra o doce pano de fundo da tonka para fechar.<\/p>\n","protected":false},"excerpt":{"rendered":"<p>Wax Lyrical &#8220;Pot Pourri&#8221; c\/ Perfume &#8220;Cotton Flower&#8221;\u00a0 \u00a0 Emb. 180g. &nbsp; Caracter\u00edsticas:\u00a0 O nosso &#8220;pot pourri&#8221; de col\u00f3nia \u00e9 apresentado num saco de celofane embrulhado em fita, faz uma bela ideia de presente e \u00e9 uma bela forma de perfumar a sua casa. Esta rica fragr\u00e2ncia floral traz um bouquet de violeta, l\u00edrio, jasmim [&hellip;]<\/p>\n","protected":false},"featured_media":2507,"template":"","meta":[],"product_brand":[],"product_cat":[287,55],"product_tag":[],"class_list":{"0":"post-2506","1":"product","2":"type-product","3":"status-publish","4":"has-post-thumbnail","6":"product_cat-ambientadores-para-casa","7":"product_cat-dph","8":"pa_marcas-wax-lyrical","9":"pa_pais-reino-unido","11":"first","12":"instock","13":"taxable","14":"shipping-taxable","15":"product-type-simple"},"_links":{"self":[{"href":"https:\/\/bricer.pt\/index.php?rest_route=\/wp\/v2\/product\/2506","targetHints":{"allow":["GET"]}}],"collection":[{"href":"https:\/\/bricer.pt\/index.php?rest_route=\/wp\/v2\/product"}],"about":[{"href":"https:\/\/bricer.pt\/index.php?rest_route=\/wp\/v2\/types\/product"}],"wp:featuredmedia":[{"embeddable":true,"href":"https:\/\/bricer.pt\/index.php?rest_route=\/wp\/v2\/media\/2507"}],"wp:attachment":[{"href":"https:\/\/bricer.pt\/index.php?rest_route=%2Fwp%2Fv2%2Fmedia&parent=2506"}],"wp:term":[{"taxonomy":"product_brand","embeddable":true,"href":"https:\/\/bricer.pt\/index.php?rest_route=%2Fwp%2Fv2%2Fproduct_brand&post=2506"},{"taxonomy":"product_cat","embeddable":true,"href":"https:\/\/bricer.pt\/index.php?rest_route=%2Fwp%2Fv2%2Fproduct_cat&post=2506"},{"taxonomy":"product_tag","embeddable":true,"href":"https:\/\/bricer.pt\/index.php?rest_route=%2Fwp%2Fv2%2Fproduct_tag&post=2506"}],"curies":[{"name":"wp","href":"https:\/\/api.w.org\/{rel}","templated":true}]}}