{"id":2502,"date":"2023-03-06T11:38:56","date_gmt":"2023-03-06T11:38:56","guid":{"rendered":"https:\/\/bricer.pt\/produto\/wax-lyrical-pot-pourri-c-perfume-fresh-linen-emb-180g\/"},"modified":"2023-04-17T08:01:45","modified_gmt":"2023-04-17T08:01:45","slug":"wax-lyrical-pot-pourri-c-perfume-fresh-linen-emb-180g","status":"publish","type":"product","link":"https:\/\/bricer.pt\/?product=wax-lyrical-pot-pourri-c-perfume-fresh-linen-emb-180g","title":{"rendered":"Wax Lyrical  &#8220;Pot Pourri&#8221; c\/ Perfume &#8220;Fresh Linen&#8221;  Emb. 180g"},"content":{"rendered":"<p><strong>Wax Lyrical &#8220;Pot Pourri&#8221; c\/ Perfume &#8220;Fresh Linen&#8221;\u00a0<\/strong> \u00a0 Emb. 180g.<\/p>\n<p>&nbsp;<\/p>\n<p><strong>Caracter\u00edsticas:\u00a0 <\/strong>A nossa Col\u00f3nia &#8220;Pot Pourri&#8221; \u00e9 apresentada numa bolsa de celofane embrulhada em fita, faz uma bela ideia de presente e \u00e9 uma bela forma de perfumar a sua casa. Aromas limpos e estaladi\u00e7os trazem a sensa\u00e7\u00e3o de linho acabado de lavar numa brisa quente para dentro de casa Notas subtis de c\u00edtricos e s\u00e2ndalo acrescentam a esta fragr\u00e2ncia leve e fresca.<\/p>\n","protected":false},"excerpt":{"rendered":"<p>Wax Lyrical &#8220;Pot Pourri&#8221; c\/ Perfume &#8220;Fresh Linen&#8221;\u00a0 \u00a0 Emb. 180g. &nbsp; Caracter\u00edsticas:\u00a0 A nossa Col\u00f3nia &#8220;Pot Pourri&#8221; \u00e9 apresentada numa bolsa de celofane embrulhada em fita, faz uma bela ideia de presente e \u00e9 uma bela forma de perfumar a sua casa. Aromas limpos e estaladi\u00e7os trazem a sensa\u00e7\u00e3o de linho acabado de lavar [&hellip;]<\/p>\n","protected":false},"featured_media":2503,"template":"","meta":[],"product_brand":[],"product_cat":[287,55],"product_tag":[],"class_list":{"0":"post-2502","1":"product","2":"type-product","3":"status-publish","4":"has-post-thumbnail","6":"product_cat-ambientadores-para-casa","7":"product_cat-dph","8":"pa_marcas-wax-lyrical","9":"pa_pais-reino-unido","11":"first","12":"instock","13":"taxable","14":"shipping-taxable","15":"product-type-simple"},"_links":{"self":[{"href":"https:\/\/bricer.pt\/index.php?rest_route=\/wp\/v2\/product\/2502","targetHints":{"allow":["GET"]}}],"collection":[{"href":"https:\/\/bricer.pt\/index.php?rest_route=\/wp\/v2\/product"}],"about":[{"href":"https:\/\/bricer.pt\/index.php?rest_route=\/wp\/v2\/types\/product"}],"wp:featuredmedia":[{"embeddable":true,"href":"https:\/\/bricer.pt\/index.php?rest_route=\/wp\/v2\/media\/2503"}],"wp:attachment":[{"href":"https:\/\/bricer.pt\/index.php?rest_route=%2Fwp%2Fv2%2Fmedia&parent=2502"}],"wp:term":[{"taxonomy":"product_brand","embeddable":true,"href":"https:\/\/bricer.pt\/index.php?rest_route=%2Fwp%2Fv2%2Fproduct_brand&post=2502"},{"taxonomy":"product_cat","embeddable":true,"href":"https:\/\/bricer.pt\/index.php?rest_route=%2Fwp%2Fv2%2Fproduct_cat&post=2502"},{"taxonomy":"product_tag","embeddable":true,"href":"https:\/\/bricer.pt\/index.php?rest_route=%2Fwp%2Fv2%2Fproduct_tag&post=2502"}],"curies":[{"name":"wp","href":"https:\/\/api.w.org\/{rel}","templated":true}]}}