{"id":2498,"date":"2023-03-06T11:38:49","date_gmt":"2023-03-06T11:38:49","guid":{"rendered":"https:\/\/bricer.pt\/produto\/wax-lyrical-pot-pourri-c-perfume-berry-picking-emb-180g\/"},"modified":"2023-04-17T08:01:44","modified_gmt":"2023-04-17T08:01:44","slug":"wax-lyrical-pot-pourri-c-perfume-berry-picking-emb-180g","status":"publish","type":"product","link":"https:\/\/bricer.pt\/?product=wax-lyrical-pot-pourri-c-perfume-berry-picking-emb-180g","title":{"rendered":"Wax Lyrical &#8220;Pot Pourri&#8221; c\/ Perfume &#8220;Berry Picking&#8221;  Emb. 180g"},"content":{"rendered":"<p><strong>Wax Lyrical &#8220;Pot Pourri&#8221; c\/ Perfume &#8220;Berry Picking&#8221;\u00a0<\/strong> \u00a0 Emb. 180g.<\/p>\n<p>&nbsp;<\/p>\n<p><strong>Caracter\u00edsticas: <\/strong>Uma colec\u00e7\u00e3o Wax Lyrical de assinatura, a Col\u00f3nia est\u00e1 impregnada de tradi\u00e7\u00e3o e \u00e9 a ep\u00edtome de fragr\u00e2ncias caseiras cl\u00e1ssicas feitas no Reino Unido. Desde as fragr\u00e2ncias mais vendidas at\u00e9 aos vasos de renome, os produtos Colony s\u00e3o adorados atrav\u00e9s de gera\u00e7\u00f5es Frescos mas doces, esta fragr\u00e2ncia de madressilva exala notas quentes de bals\u00e2micas e florais. Complementando o leve toque deste aroma, as notas verdes herb\u00e1ceas descansam suavemente sobre uma base de alm\u00edscar e \u00e2mbar.<\/p>\n","protected":false},"excerpt":{"rendered":"<p>Wax Lyrical &#8220;Pot Pourri&#8221; c\/ Perfume &#8220;Berry Picking&#8221;\u00a0 \u00a0 Emb. 180g. &nbsp; Caracter\u00edsticas: Uma colec\u00e7\u00e3o Wax Lyrical de assinatura, a Col\u00f3nia est\u00e1 impregnada de tradi\u00e7\u00e3o e \u00e9 a ep\u00edtome de fragr\u00e2ncias caseiras cl\u00e1ssicas feitas no Reino Unido. Desde as fragr\u00e2ncias mais vendidas at\u00e9 aos vasos de renome, os produtos Colony s\u00e3o adorados atrav\u00e9s de gera\u00e7\u00f5es [&hellip;]<\/p>\n","protected":false},"featured_media":2499,"template":"","meta":[],"product_brand":[],"product_cat":[287,55],"product_tag":[],"class_list":{"0":"post-2498","1":"product","2":"type-product","3":"status-publish","4":"has-post-thumbnail","6":"product_cat-ambientadores-para-casa","7":"product_cat-dph","8":"pa_marcas-wax-lyrical","9":"pa_pais-reino-unido","11":"first","12":"instock","13":"taxable","14":"shipping-taxable","15":"product-type-simple"},"_links":{"self":[{"href":"https:\/\/bricer.pt\/index.php?rest_route=\/wp\/v2\/product\/2498","targetHints":{"allow":["GET"]}}],"collection":[{"href":"https:\/\/bricer.pt\/index.php?rest_route=\/wp\/v2\/product"}],"about":[{"href":"https:\/\/bricer.pt\/index.php?rest_route=\/wp\/v2\/types\/product"}],"wp:featuredmedia":[{"embeddable":true,"href":"https:\/\/bricer.pt\/index.php?rest_route=\/wp\/v2\/media\/2499"}],"wp:attachment":[{"href":"https:\/\/bricer.pt\/index.php?rest_route=%2Fwp%2Fv2%2Fmedia&parent=2498"}],"wp:term":[{"taxonomy":"product_brand","embeddable":true,"href":"https:\/\/bricer.pt\/index.php?rest_route=%2Fwp%2Fv2%2Fproduct_brand&post=2498"},{"taxonomy":"product_cat","embeddable":true,"href":"https:\/\/bricer.pt\/index.php?rest_route=%2Fwp%2Fv2%2Fproduct_cat&post=2498"},{"taxonomy":"product_tag","embeddable":true,"href":"https:\/\/bricer.pt\/index.php?rest_route=%2Fwp%2Fv2%2Fproduct_tag&post=2498"}],"curies":[{"name":"wp","href":"https:\/\/api.w.org\/{rel}","templated":true}]}}