{"id":2494,"date":"2023-03-06T11:38:49","date_gmt":"2023-03-06T11:38:49","guid":{"rendered":"https:\/\/bricer.pt\/produto\/wax-lyrical-pot-pourri-c-perfume-lavender-fields-emb-180g\/"},"modified":"2023-10-25T08:48:06","modified_gmt":"2023-10-25T08:48:06","slug":"wax-lyrical-pot-pourri-c-perfume-lavender-fields-emb-180g","status":"publish","type":"product","link":"https:\/\/bricer.pt\/?product=wax-lyrical-pot-pourri-c-perfume-lavender-fields-emb-180g","title":{"rendered":"Wax Lyrical &#8220;Pot Pourri&#8221; c\/ Perfume &#8220;Lavender Fields&#8221;  Emb. 180g"},"content":{"rendered":"<p><strong>Wax Lyrical &#8220;Pot Pourri&#8221; c\/ Perfume &#8220;Lavender Fields&#8221;\u00a0<\/strong> \u00a0 Emb. 180g.<\/p>\n<p>&nbsp;<\/p>\n<p><strong>Caracter\u00edsticas: <\/strong>A nossa Col\u00f3nia Pot Pourri \u00e9 apresentada numa bolsa de celofane embrulhada em fita, faz uma bela ideia de presente e \u00e9 uma bela forma de perfumar a sua casa. Perfumes serenos de bergamota de eucalipto e folhas verdes orvalhadas brisa atrav\u00e9s do campo de lavanda e descansar sobre um ninho de musgo mole de tonka doce patchouli e alm\u00edscar lenhoso.<\/p>\n<p>&nbsp;<\/p>\n","protected":false},"excerpt":{"rendered":"<p>Wax Lyrical &#8220;Pot Pourri&#8221; c\/ Perfume &#8220;Lavender Fields&#8221;\u00a0 \u00a0 Emb. 180g. &nbsp; Caracter\u00edsticas: A nossa Col\u00f3nia Pot Pourri \u00e9 apresentada numa bolsa de celofane embrulhada em fita, faz uma bela ideia de presente e \u00e9 uma bela forma de perfumar a sua casa. Perfumes serenos de bergamota de eucalipto e folhas verdes orvalhadas brisa atrav\u00e9s [&hellip;]<\/p>\n","protected":false},"featured_media":2495,"template":"","meta":[],"product_brand":[],"product_cat":[287,55],"product_tag":[],"class_list":{"0":"post-2494","1":"product","2":"type-product","3":"status-publish","4":"has-post-thumbnail","6":"product_cat-ambientadores-para-casa","7":"product_cat-dph","8":"pa_marcas-wax-lyrical","9":"pa_pais-reino-unido","11":"first","12":"instock","13":"taxable","14":"shipping-taxable","15":"product-type-simple"},"_links":{"self":[{"href":"https:\/\/bricer.pt\/index.php?rest_route=\/wp\/v2\/product\/2494","targetHints":{"allow":["GET"]}}],"collection":[{"href":"https:\/\/bricer.pt\/index.php?rest_route=\/wp\/v2\/product"}],"about":[{"href":"https:\/\/bricer.pt\/index.php?rest_route=\/wp\/v2\/types\/product"}],"wp:featuredmedia":[{"embeddable":true,"href":"https:\/\/bricer.pt\/index.php?rest_route=\/wp\/v2\/media\/2495"}],"wp:attachment":[{"href":"https:\/\/bricer.pt\/index.php?rest_route=%2Fwp%2Fv2%2Fmedia&parent=2494"}],"wp:term":[{"taxonomy":"product_brand","embeddable":true,"href":"https:\/\/bricer.pt\/index.php?rest_route=%2Fwp%2Fv2%2Fproduct_brand&post=2494"},{"taxonomy":"product_cat","embeddable":true,"href":"https:\/\/bricer.pt\/index.php?rest_route=%2Fwp%2Fv2%2Fproduct_cat&post=2494"},{"taxonomy":"product_tag","embeddable":true,"href":"https:\/\/bricer.pt\/index.php?rest_route=%2Fwp%2Fv2%2Fproduct_tag&post=2494"}],"curies":[{"name":"wp","href":"https:\/\/api.w.org\/{rel}","templated":true}]}}