{"id":2492,"date":"2023-03-06T11:38:49","date_gmt":"2023-03-06T11:38:49","guid":{"rendered":"https:\/\/bricer.pt\/produto\/wax-lyrical-cartao-perfumado-vanilla-cashmere-emb-12g\/"},"modified":"2023-04-17T08:01:44","modified_gmt":"2023-04-17T08:01:44","slug":"wax-lyrical-cartao-perfumado-vanilla-cashmere-emb-12g","status":"publish","type":"product","link":"https:\/\/bricer.pt\/?product=wax-lyrical-cartao-perfumado-vanilla-cashmere-emb-12g","title":{"rendered":"Wax Lyrical Cart\u00e3o Perfumado &#8220;Vanilla &#038; Cashmere&#8221;  Emb. 12g"},"content":{"rendered":"<p><strong>Wax Lyrical Cart\u00e3o Perfumado &#8220;Vanilla &amp; Cashmere&#8221;<\/strong>\u00a0 \u00a0Emb. 12g.<\/p>\n<p>&nbsp;<\/p>\n<p><strong>Caracter\u00edsticas: <\/strong>O cart\u00e3o perfumado infunde a sua casa com notas de baunilha e caxemira e pode ser usado no carro, em casa ou em viagem. Fragr\u00e2ncia deliciosa com tons orientais doces de jasmim e flores brancas com um acabamento sedoso e suave de baunilha, tudo envolto num sutil redemoinho de madeira de cedro.<\/p>\n","protected":false},"excerpt":{"rendered":"<p>Wax Lyrical Cart\u00e3o Perfumado &#8220;Vanilla &amp; Cashmere&#8221;\u00a0 \u00a0Emb. 12g. &nbsp; Caracter\u00edsticas: O cart\u00e3o perfumado infunde a sua casa com notas de baunilha e caxemira e pode ser usado no carro, em casa ou em viagem. Fragr\u00e2ncia deliciosa com tons orientais doces de jasmim e flores brancas com um acabamento sedoso e suave de baunilha, tudo [&hellip;]<\/p>\n","protected":false},"featured_media":2493,"template":"","meta":[],"product_brand":[],"product_cat":[287,55],"product_tag":[],"class_list":{"0":"post-2492","1":"product","2":"type-product","3":"status-publish","4":"has-post-thumbnail","6":"product_cat-ambientadores-para-casa","7":"product_cat-dph","8":"pa_marcas-wax-lyrical","9":"pa_pais-reino-unido","11":"first","12":"instock","13":"taxable","14":"shipping-taxable","15":"product-type-simple"},"_links":{"self":[{"href":"https:\/\/bricer.pt\/index.php?rest_route=\/wp\/v2\/product\/2492","targetHints":{"allow":["GET"]}}],"collection":[{"href":"https:\/\/bricer.pt\/index.php?rest_route=\/wp\/v2\/product"}],"about":[{"href":"https:\/\/bricer.pt\/index.php?rest_route=\/wp\/v2\/types\/product"}],"wp:featuredmedia":[{"embeddable":true,"href":"https:\/\/bricer.pt\/index.php?rest_route=\/wp\/v2\/media\/2493"}],"wp:attachment":[{"href":"https:\/\/bricer.pt\/index.php?rest_route=%2Fwp%2Fv2%2Fmedia&parent=2492"}],"wp:term":[{"taxonomy":"product_brand","embeddable":true,"href":"https:\/\/bricer.pt\/index.php?rest_route=%2Fwp%2Fv2%2Fproduct_brand&post=2492"},{"taxonomy":"product_cat","embeddable":true,"href":"https:\/\/bricer.pt\/index.php?rest_route=%2Fwp%2Fv2%2Fproduct_cat&post=2492"},{"taxonomy":"product_tag","embeddable":true,"href":"https:\/\/bricer.pt\/index.php?rest_route=%2Fwp%2Fv2%2Fproduct_tag&post=2492"}],"curies":[{"name":"wp","href":"https:\/\/api.w.org\/{rel}","templated":true}]}}