{"id":2490,"date":"2023-03-06T11:38:49","date_gmt":"2023-03-06T11:38:49","guid":{"rendered":"https:\/\/bricer.pt\/produto\/wax-lyrical-room-spray-jasmine-wood-emb-235ml\/"},"modified":"2023-04-17T08:01:44","modified_gmt":"2023-04-17T08:01:44","slug":"wax-lyrical-room-spray-jasmine-wood-emb-235ml","status":"publish","type":"product","link":"https:\/\/bricer.pt\/?product=wax-lyrical-room-spray-jasmine-wood-emb-235ml","title":{"rendered":"Wax Lyrical &#8220;Room Spray&#8221; &#8211; &#8220;Jasmine &#038; Wood&#8221;  Emb. 235ml"},"content":{"rendered":"<p><strong>Wax Lyrical &#8220;Room Spray&#8221; &#8211; &#8220;Jasmine &amp; Wood&#8221;\u00a0<\/strong> \u00a0 Emb. 235ml.<\/p>\n<p>&nbsp;<\/p>\n<p><strong>Caracter\u00edsticas: <\/strong>Uma mistura rica e complexa de oudes e a\u00e7afr\u00e3o acende neste par perfeito de fragr\u00e2ncias. O jasmim intenso leva a uma profundidade de \u00e2mbar e s\u00e2ndalo. Mantenha a sua casa infundida com o seu perfume de col\u00f3nia preferido com 235ml de fragr\u00e2ncia pronta para um spritz nesta gama de n\u00e9voa de sala.<\/p>\n","protected":false},"excerpt":{"rendered":"<p>Wax Lyrical &#8220;Room Spray&#8221; &#8211; &#8220;Jasmine &amp; Wood&#8221;\u00a0 \u00a0 Emb. 235ml. &nbsp; Caracter\u00edsticas: Uma mistura rica e complexa de oudes e a\u00e7afr\u00e3o acende neste par perfeito de fragr\u00e2ncias. O jasmim intenso leva a uma profundidade de \u00e2mbar e s\u00e2ndalo. Mantenha a sua casa infundida com o seu perfume de col\u00f3nia preferido com 235ml de fragr\u00e2ncia [&hellip;]<\/p>\n","protected":false},"featured_media":2491,"template":"","meta":[],"product_brand":[],"product_cat":[287,55],"product_tag":[],"class_list":{"0":"post-2490","1":"product","2":"type-product","3":"status-publish","4":"has-post-thumbnail","6":"product_cat-ambientadores-para-casa","7":"product_cat-dph","8":"pa_marcas-wax-lyrical","9":"pa_pais-reino-unido","11":"first","12":"instock","13":"taxable","14":"shipping-taxable","15":"product-type-simple"},"_links":{"self":[{"href":"https:\/\/bricer.pt\/index.php?rest_route=\/wp\/v2\/product\/2490","targetHints":{"allow":["GET"]}}],"collection":[{"href":"https:\/\/bricer.pt\/index.php?rest_route=\/wp\/v2\/product"}],"about":[{"href":"https:\/\/bricer.pt\/index.php?rest_route=\/wp\/v2\/types\/product"}],"wp:featuredmedia":[{"embeddable":true,"href":"https:\/\/bricer.pt\/index.php?rest_route=\/wp\/v2\/media\/2491"}],"wp:attachment":[{"href":"https:\/\/bricer.pt\/index.php?rest_route=%2Fwp%2Fv2%2Fmedia&parent=2490"}],"wp:term":[{"taxonomy":"product_brand","embeddable":true,"href":"https:\/\/bricer.pt\/index.php?rest_route=%2Fwp%2Fv2%2Fproduct_brand&post=2490"},{"taxonomy":"product_cat","embeddable":true,"href":"https:\/\/bricer.pt\/index.php?rest_route=%2Fwp%2Fv2%2Fproduct_cat&post=2490"},{"taxonomy":"product_tag","embeddable":true,"href":"https:\/\/bricer.pt\/index.php?rest_route=%2Fwp%2Fv2%2Fproduct_tag&post=2490"}],"curies":[{"name":"wp","href":"https:\/\/api.w.org\/{rel}","templated":true}]}}