{"id":2480,"date":"2023-03-06T11:38:49","date_gmt":"2023-03-06T11:38:49","guid":{"rendered":"https:\/\/bricer.pt\/produto\/wax-lyrical-recarga-p-difusor-jasmine-oud-wood-emb-200ml\/"},"modified":"2023-10-25T08:47:48","modified_gmt":"2023-10-25T08:47:48","slug":"wax-lyrical-recarga-p-difusor-jasmine-oud-wood-emb-200ml","status":"publish","type":"product","link":"https:\/\/bricer.pt\/?product=wax-lyrical-recarga-p-difusor-jasmine-oud-wood-emb-200ml","title":{"rendered":"Wax Lyrical Recarga p\/ Difusor &#8220;Jasmine &#038; Oud Wood&#8221;  Emb. 200ml"},"content":{"rendered":"<p><strong>Wax Lyrical Recarga p\/ Difusor &#8220;Jasmine &amp; Oud Wood&#8221;\u00a0 \u00a0<\/strong>Emb. 200ml.<\/p>\n<p>&nbsp;<\/p>\n<p><strong>Caracter\u00edsticas: <\/strong>Uma mistura rica e complexa de a\u00e7afr\u00e3o inflama-se neste perfeito emparelhamento de fragr\u00e2ncias. O jasmim intenso leva a uma profundidade de \u00e2mbar e s\u00e2ndalo. Recarregue o seu difusor de cana com 200ml das fragr\u00e2ncias cl\u00e1ssicas e ousadas da Col\u00f3nia.<\/p>\n","protected":false},"excerpt":{"rendered":"<p>Wax Lyrical Recarga p\/ Difusor &#8220;Jasmine &amp; Oud Wood&#8221;\u00a0 \u00a0Emb. 200ml. &nbsp; Caracter\u00edsticas: Uma mistura rica e complexa de a\u00e7afr\u00e3o inflama-se neste perfeito emparelhamento de fragr\u00e2ncias. O jasmim intenso leva a uma profundidade de \u00e2mbar e s\u00e2ndalo. Recarregue o seu difusor de cana com 200ml das fragr\u00e2ncias cl\u00e1ssicas e ousadas da Col\u00f3nia.<\/p>\n","protected":false},"featured_media":2481,"template":"","meta":[],"product_brand":[],"product_cat":[287,55],"product_tag":[],"class_list":{"0":"post-2480","1":"product","2":"type-product","3":"status-publish","4":"has-post-thumbnail","6":"product_cat-ambientadores-para-casa","7":"product_cat-dph","8":"pa_marcas-wax-lyrical","9":"pa_pais-reino-unido","11":"first","12":"instock","13":"taxable","14":"shipping-taxable","15":"product-type-simple"},"_links":{"self":[{"href":"https:\/\/bricer.pt\/index.php?rest_route=\/wp\/v2\/product\/2480","targetHints":{"allow":["GET"]}}],"collection":[{"href":"https:\/\/bricer.pt\/index.php?rest_route=\/wp\/v2\/product"}],"about":[{"href":"https:\/\/bricer.pt\/index.php?rest_route=\/wp\/v2\/types\/product"}],"wp:featuredmedia":[{"embeddable":true,"href":"https:\/\/bricer.pt\/index.php?rest_route=\/wp\/v2\/media\/2481"}],"wp:attachment":[{"href":"https:\/\/bricer.pt\/index.php?rest_route=%2Fwp%2Fv2%2Fmedia&parent=2480"}],"wp:term":[{"taxonomy":"product_brand","embeddable":true,"href":"https:\/\/bricer.pt\/index.php?rest_route=%2Fwp%2Fv2%2Fproduct_brand&post=2480"},{"taxonomy":"product_cat","embeddable":true,"href":"https:\/\/bricer.pt\/index.php?rest_route=%2Fwp%2Fv2%2Fproduct_cat&post=2480"},{"taxonomy":"product_tag","embeddable":true,"href":"https:\/\/bricer.pt\/index.php?rest_route=%2Fwp%2Fv2%2Fproduct_tag&post=2480"}],"curies":[{"name":"wp","href":"https:\/\/api.w.org\/{rel}","templated":true}]}}