{"id":2476,"date":"2023-03-06T11:38:49","date_gmt":"2023-03-06T11:38:49","guid":{"rendered":"https:\/\/bricer.pt\/produto\/wax-lyrical-recarga-p-difusor-lemon-grove-emb-200ml\/"},"modified":"2023-04-17T08:01:43","modified_gmt":"2023-04-17T08:01:43","slug":"wax-lyrical-recarga-p-difusor-lemon-grove-emb-200ml","status":"publish","type":"product","link":"https:\/\/bricer.pt\/?product=wax-lyrical-recarga-p-difusor-lemon-grove-emb-200ml","title":{"rendered":"Wax Lyrical Recarga p\/ Difusor &#8220;Lemon Grove&#8221;  Emb. 200ml"},"content":{"rendered":"<p><strong>Wax Lyrical Recarga p\/ Difusor &#8220;Lemon Grove&#8221;<\/strong> Emb. 200ml.<\/p>\n<p>&nbsp;<\/p>\n<p><strong>Caracter\u00edsticas: <\/strong>Este aroma c\u00edtrico brilha com espremeduras de lim\u00e3o e uma elegante verbena fresca fazendo desta fragr\u00e2ncia doce e estaladi\u00e7a uma infus\u00e3o perfeita de luz para qualquer casa. Recarregue o seu difusor de palhetas com 200ml das fragr\u00e2ncias cl\u00e1ssicas e ousadas da Col\u00f3nia.<\/p>\n","protected":false},"excerpt":{"rendered":"<p>Wax Lyrical Recarga p\/ Difusor &#8220;Lemon Grove&#8221; Emb. 200ml. &nbsp; Caracter\u00edsticas: Este aroma c\u00edtrico brilha com espremeduras de lim\u00e3o e uma elegante verbena fresca fazendo desta fragr\u00e2ncia doce e estaladi\u00e7a uma infus\u00e3o perfeita de luz para qualquer casa. Recarregue o seu difusor de palhetas com 200ml das fragr\u00e2ncias cl\u00e1ssicas e ousadas da Col\u00f3nia.<\/p>\n","protected":false},"featured_media":2477,"template":"","meta":[],"product_brand":[],"product_cat":[287,55],"product_tag":[],"class_list":{"0":"post-2476","1":"product","2":"type-product","3":"status-publish","4":"has-post-thumbnail","6":"product_cat-ambientadores-para-casa","7":"product_cat-dph","8":"pa_marcas-wax-lyrical","9":"pa_pais-reino-unido","11":"first","12":"instock","13":"taxable","14":"shipping-taxable","15":"product-type-simple"},"_links":{"self":[{"href":"https:\/\/bricer.pt\/index.php?rest_route=\/wp\/v2\/product\/2476","targetHints":{"allow":["GET"]}}],"collection":[{"href":"https:\/\/bricer.pt\/index.php?rest_route=\/wp\/v2\/product"}],"about":[{"href":"https:\/\/bricer.pt\/index.php?rest_route=\/wp\/v2\/types\/product"}],"wp:featuredmedia":[{"embeddable":true,"href":"https:\/\/bricer.pt\/index.php?rest_route=\/wp\/v2\/media\/2477"}],"wp:attachment":[{"href":"https:\/\/bricer.pt\/index.php?rest_route=%2Fwp%2Fv2%2Fmedia&parent=2476"}],"wp:term":[{"taxonomy":"product_brand","embeddable":true,"href":"https:\/\/bricer.pt\/index.php?rest_route=%2Fwp%2Fv2%2Fproduct_brand&post=2476"},{"taxonomy":"product_cat","embeddable":true,"href":"https:\/\/bricer.pt\/index.php?rest_route=%2Fwp%2Fv2%2Fproduct_cat&post=2476"},{"taxonomy":"product_tag","embeddable":true,"href":"https:\/\/bricer.pt\/index.php?rest_route=%2Fwp%2Fv2%2Fproduct_tag&post=2476"}],"curies":[{"name":"wp","href":"https:\/\/api.w.org\/{rel}","templated":true}]}}