{"id":2472,"date":"2023-03-06T11:38:49","date_gmt":"2023-03-06T11:38:49","guid":{"rendered":"https:\/\/bricer.pt\/produto\/wax-lyrical-difusor-c-varetas-jasmine-oud-wood-emb-200ml\/"},"modified":"2023-10-25T08:46:49","modified_gmt":"2023-10-25T08:46:49","slug":"wax-lyrical-difusor-c-varetas-jasmine-oud-wood-emb-200ml","status":"publish","type":"product","link":"https:\/\/bricer.pt\/?product=wax-lyrical-difusor-c-varetas-jasmine-oud-wood-emb-200ml","title":{"rendered":"Wax Lyrical Difusor c\/ Varetas &#8220;Jasmine &#038; Oud Wood&#8221;  Emb. 200ml"},"content":{"rendered":"<p><strong>Wax Lyrical Difusor c\/ Varetas &#8220;Jasmine &amp; Oud Wood&#8221;<\/strong> Emb. 200ml.<\/p>\n<p>&nbsp;<\/p>\n<p><strong>Caracter\u00edsticas: <\/strong>Uma mistura rica e complexa de a\u00e7afr\u00e3o inflama-se neste perfeito emparelhamento de fragr\u00e2ncias. O jasmim intenso leva a uma profundidade de \u00e2mbar e s\u00e2ndalo. Este difusor m\u00e9dio de cana \u00e9 elegantemente subtil no design e tipicamente ousado na fragr\u00e2ncia de Col\u00f3nia. As palhetas de fibra branca difundem elegantemente 200ml de fragr\u00e2ncia por toda a sua casa.<\/p>\n","protected":false},"excerpt":{"rendered":"<p>Wax Lyrical Difusor c\/ Varetas &#8220;Jasmine &amp; Oud Wood&#8221; Emb. 200ml. &nbsp; Caracter\u00edsticas: Uma mistura rica e complexa de a\u00e7afr\u00e3o inflama-se neste perfeito emparelhamento de fragr\u00e2ncias. O jasmim intenso leva a uma profundidade de \u00e2mbar e s\u00e2ndalo. Este difusor m\u00e9dio de cana \u00e9 elegantemente subtil no design e tipicamente ousado na fragr\u00e2ncia de Col\u00f3nia. As [&hellip;]<\/p>\n","protected":false},"featured_media":2473,"template":"","meta":[],"product_brand":[],"product_cat":[287,55],"product_tag":[],"class_list":{"0":"post-2472","1":"product","2":"type-product","3":"status-publish","4":"has-post-thumbnail","6":"product_cat-ambientadores-para-casa","7":"product_cat-dph","8":"pa_marcas-wax-lyrical","9":"pa_pais-reino-unido","11":"first","12":"instock","13":"taxable","14":"shipping-taxable","15":"product-type-simple"},"_links":{"self":[{"href":"https:\/\/bricer.pt\/index.php?rest_route=\/wp\/v2\/product\/2472","targetHints":{"allow":["GET"]}}],"collection":[{"href":"https:\/\/bricer.pt\/index.php?rest_route=\/wp\/v2\/product"}],"about":[{"href":"https:\/\/bricer.pt\/index.php?rest_route=\/wp\/v2\/types\/product"}],"wp:featuredmedia":[{"embeddable":true,"href":"https:\/\/bricer.pt\/index.php?rest_route=\/wp\/v2\/media\/2473"}],"wp:attachment":[{"href":"https:\/\/bricer.pt\/index.php?rest_route=%2Fwp%2Fv2%2Fmedia&parent=2472"}],"wp:term":[{"taxonomy":"product_brand","embeddable":true,"href":"https:\/\/bricer.pt\/index.php?rest_route=%2Fwp%2Fv2%2Fproduct_brand&post=2472"},{"taxonomy":"product_cat","embeddable":true,"href":"https:\/\/bricer.pt\/index.php?rest_route=%2Fwp%2Fv2%2Fproduct_cat&post=2472"},{"taxonomy":"product_tag","embeddable":true,"href":"https:\/\/bricer.pt\/index.php?rest_route=%2Fwp%2Fv2%2Fproduct_tag&post=2472"}],"curies":[{"name":"wp","href":"https:\/\/api.w.org\/{rel}","templated":true}]}}