{"id":2464,"date":"2023-03-06T11:38:49","date_gmt":"2023-03-06T11:38:49","guid":{"rendered":"https:\/\/bricer.pt\/produto\/wax-lyrical-difusor-c-varetas-vanilla-cashmere-emb-200ml\/"},"modified":"2023-10-25T08:47:11","modified_gmt":"2023-10-25T08:47:11","slug":"wax-lyrical-difusor-c-varetas-vanilla-cashmere-emb-200ml","status":"publish","type":"product","link":"https:\/\/bricer.pt\/?product=wax-lyrical-difusor-c-varetas-vanilla-cashmere-emb-200ml","title":{"rendered":"Wax Lyrical Difusor c\/ Varetas &#8220;Vanilla &#038; Cashmere&#8221;  Emb. 200ml"},"content":{"rendered":"<p><strong>Wax Lyrical Difusor c\/ Varetas &#8220;Vanilla &amp; Cashmere&#8221;<\/strong> Emb. 200ml.<\/p>\n<p>&nbsp;<\/p>\n<p><strong>Caracter\u00edsticas: <\/strong>Uma fragr\u00e2ncia indulgente com tons doces e orientais de jasmim e flores brancas com um acabamento sedoso e suave de baunilha, tudo envolto num sutil redemoinho de madeira de cedro. Este difusor m\u00e9dio de cana \u00e9 elegantemente subtil no design e tipicamente ousado na fragr\u00e2ncia de Col\u00f3nia. As palhetas de fibra branca difundem elegantemente 200ml de fragr\u00e2ncia por toda a sua casa.<\/p>\n","protected":false},"excerpt":{"rendered":"<p>Wax Lyrical Difusor c\/ Varetas &#8220;Vanilla &amp; Cashmere&#8221; Emb. 200ml. &nbsp; Caracter\u00edsticas: Uma fragr\u00e2ncia indulgente com tons doces e orientais de jasmim e flores brancas com um acabamento sedoso e suave de baunilha, tudo envolto num sutil redemoinho de madeira de cedro. Este difusor m\u00e9dio de cana \u00e9 elegantemente subtil no design e tipicamente ousado [&hellip;]<\/p>\n","protected":false},"featured_media":2465,"template":"","meta":[],"product_brand":[],"product_cat":[287,55],"product_tag":[],"class_list":{"0":"post-2464","1":"product","2":"type-product","3":"status-publish","4":"has-post-thumbnail","6":"product_cat-ambientadores-para-casa","7":"product_cat-dph","8":"pa_marcas-wax-lyrical","9":"pa_pais-reino-unido","11":"first","12":"instock","13":"taxable","14":"shipping-taxable","15":"product-type-simple"},"_links":{"self":[{"href":"https:\/\/bricer.pt\/index.php?rest_route=\/wp\/v2\/product\/2464","targetHints":{"allow":["GET"]}}],"collection":[{"href":"https:\/\/bricer.pt\/index.php?rest_route=\/wp\/v2\/product"}],"about":[{"href":"https:\/\/bricer.pt\/index.php?rest_route=\/wp\/v2\/types\/product"}],"wp:featuredmedia":[{"embeddable":true,"href":"https:\/\/bricer.pt\/index.php?rest_route=\/wp\/v2\/media\/2465"}],"wp:attachment":[{"href":"https:\/\/bricer.pt\/index.php?rest_route=%2Fwp%2Fv2%2Fmedia&parent=2464"}],"wp:term":[{"taxonomy":"product_brand","embeddable":true,"href":"https:\/\/bricer.pt\/index.php?rest_route=%2Fwp%2Fv2%2Fproduct_brand&post=2464"},{"taxonomy":"product_cat","embeddable":true,"href":"https:\/\/bricer.pt\/index.php?rest_route=%2Fwp%2Fv2%2Fproduct_cat&post=2464"},{"taxonomy":"product_tag","embeddable":true,"href":"https:\/\/bricer.pt\/index.php?rest_route=%2Fwp%2Fv2%2Fproduct_tag&post=2464"}],"curies":[{"name":"wp","href":"https:\/\/api.w.org\/{rel}","templated":true}]}}