{"id":2458,"date":"2023-03-06T11:38:36","date_gmt":"2023-03-06T11:38:36","guid":{"rendered":"https:\/\/bricer.pt\/produto\/wax-lyrical-difusor-c-varetas-white-tea-pomegranate-emb-180ml\/"},"modified":"2023-10-25T08:50:38","modified_gmt":"2023-10-25T08:50:38","slug":"wax-lyrical-difusor-c-varetas-white-tea-pomegranate-emb-180ml","status":"publish","type":"product","link":"https:\/\/bricer.pt\/?product=wax-lyrical-difusor-c-varetas-white-tea-pomegranate-emb-180ml","title":{"rendered":"Wax Lyrical Difusor c\/ Varetas &#8211; &#8220;White Tea &#038; Pomegranate&#8221;  Emb. 180ml"},"content":{"rendered":"<p><strong>Wax Lyrical Difusor c\/ Varetas &#8211; &#8220;White Tea &amp; Pomegranate&#8221;<\/strong> Emb. 180ml.<\/p>\n<p>&nbsp;<\/p>\n<p><strong>Caracter\u00edsticas: <\/strong>Esta fragr\u00e2ncia apimentada \u00e9 picante mas crocante como cardamomo, armoise e tomilho complementam uma base de \u00e2mbar, tabaco e madeira de cedro, enquanto um centro c\u00edtrico e um sortido de bagas vermelhas rebentam para dar um toque doce ao final. Mergulhe a sua casa em fragr\u00e2ncia indulgente com este difusor de 180ml que apresenta o pano de fundo das famosas estampas de terra queimada e inclui um conjunto de palhetas negras elegantes.<\/p>\n<p><strong>Ingredientes<\/strong>: 1-(1,2,3,4,5,6,7,8-Octahydro-2,3,8,8-tetramethyl-2-naphthalenyl) ethanone, Benzyl salicylate, Linalool. Pode produzir rea\u00e7\u00e3o al\u00e9rgica.<\/p>\n","protected":false},"excerpt":{"rendered":"<p>Wax Lyrical Difusor c\/ Varetas &#8211; &#8220;White Tea &amp; Pomegranate&#8221; Emb. 180ml. &nbsp; Caracter\u00edsticas: Esta fragr\u00e2ncia apimentada \u00e9 picante mas crocante como cardamomo, armoise e tomilho complementam uma base de \u00e2mbar, tabaco e madeira de cedro, enquanto um centro c\u00edtrico e um sortido de bagas vermelhas rebentam para dar um toque doce ao final. Mergulhe [&hellip;]<\/p>\n","protected":false},"featured_media":2459,"template":"","meta":[],"product_brand":[],"product_cat":[289,55,290],"product_tag":[],"class_list":{"0":"post-2458","1":"product","2":"type-product","3":"status-publish","4":"has-post-thumbnail","6":"product_cat-ambientadores-para-casadph","7":"product_cat-dph","8":"product_cat-velas-ambientadores-para-casadph","9":"pa_marcas-wax-lyrical","10":"pa_pais-reino-unido","12":"first","13":"instock","14":"taxable","15":"shipping-taxable","16":"product-type-simple"},"_links":{"self":[{"href":"https:\/\/bricer.pt\/index.php?rest_route=\/wp\/v2\/product\/2458","targetHints":{"allow":["GET"]}}],"collection":[{"href":"https:\/\/bricer.pt\/index.php?rest_route=\/wp\/v2\/product"}],"about":[{"href":"https:\/\/bricer.pt\/index.php?rest_route=\/wp\/v2\/types\/product"}],"wp:featuredmedia":[{"embeddable":true,"href":"https:\/\/bricer.pt\/index.php?rest_route=\/wp\/v2\/media\/2459"}],"wp:attachment":[{"href":"https:\/\/bricer.pt\/index.php?rest_route=%2Fwp%2Fv2%2Fmedia&parent=2458"}],"wp:term":[{"taxonomy":"product_brand","embeddable":true,"href":"https:\/\/bricer.pt\/index.php?rest_route=%2Fwp%2Fv2%2Fproduct_brand&post=2458"},{"taxonomy":"product_cat","embeddable":true,"href":"https:\/\/bricer.pt\/index.php?rest_route=%2Fwp%2Fv2%2Fproduct_cat&post=2458"},{"taxonomy":"product_tag","embeddable":true,"href":"https:\/\/bricer.pt\/index.php?rest_route=%2Fwp%2Fv2%2Fproduct_tag&post=2458"}],"curies":[{"name":"wp","href":"https:\/\/api.w.org\/{rel}","templated":true}]}}