{"id":2456,"date":"2023-03-06T11:38:36","date_gmt":"2023-03-06T11:38:36","guid":{"rendered":"https:\/\/bricer.pt\/produto\/wax-lyrical-difusor-c-varetas-black-tea-jasmine-emb-180ml\/"},"modified":"2023-10-25T08:50:13","modified_gmt":"2023-10-25T08:50:13","slug":"wax-lyrical-difusor-c-varetas-black-tea-jasmine-emb-180ml","status":"publish","type":"product","link":"https:\/\/bricer.pt\/?product=wax-lyrical-difusor-c-varetas-black-tea-jasmine-emb-180ml","title":{"rendered":"Wax Lyrical Difusor c\/ Varetas &#8211; &#8220;Black Tea &#038; Jasmine&#8221;  Emb. 180ml"},"content":{"rendered":"<p><strong>Wax Lyrical Difusor c\/ Varetas &#8211; &#8220;Black Tea &amp; Jasmine&#8221;<\/strong> Emb. 180ml.<\/p>\n<p>&nbsp;<\/p>\n<p><strong>Caracter\u00edsticas: <\/strong>Esta fragr\u00e2ncia sedutora atinge um acorde oriental com especiarias, \u00e2mbar, cedro e patchouli, terminado com uma polvilhada de ch\u00e1 preto e enriquecido com notas de jasmim, madeira de guaiaco e baunilha. Mergulhe a sua casa em fragr\u00e2ncia indulgente com este difusor de cana de 180ml que apresenta o pano de fundo das c\u00e9lebres estampas\u00a0 e inclui um conjunto de palhetas negras elegantes.<\/p>\n<p><strong>Ingredientes<\/strong>: 1-(1,2,3,4,5,6,7,8-Octahydro-2,3,8,8-tetramethyl-2-naphthalenyl) ethanone, Benzyl salicylate, Linalool. Pode produzir rea\u00e7\u00e3o al\u00e9rgica.<\/p>\n","protected":false},"excerpt":{"rendered":"<p>Wax Lyrical Difusor c\/ Varetas &#8211; &#8220;Black Tea &amp; Jasmine&#8221; Emb. 180ml. &nbsp; Caracter\u00edsticas: Esta fragr\u00e2ncia sedutora atinge um acorde oriental com especiarias, \u00e2mbar, cedro e patchouli, terminado com uma polvilhada de ch\u00e1 preto e enriquecido com notas de jasmim, madeira de guaiaco e baunilha. Mergulhe a sua casa em fragr\u00e2ncia indulgente com este difusor [&hellip;]<\/p>\n","protected":false},"featured_media":2457,"template":"","meta":[],"product_brand":[],"product_cat":[289,55,290],"product_tag":[],"class_list":{"0":"post-2456","1":"product","2":"type-product","3":"status-publish","4":"has-post-thumbnail","6":"product_cat-ambientadores-para-casadph","7":"product_cat-dph","8":"product_cat-velas-ambientadores-para-casadph","9":"pa_marcas-wax-lyrical","10":"pa_pais-reino-unido","12":"first","13":"instock","14":"taxable","15":"shipping-taxable","16":"product-type-simple"},"_links":{"self":[{"href":"https:\/\/bricer.pt\/index.php?rest_route=\/wp\/v2\/product\/2456","targetHints":{"allow":["GET"]}}],"collection":[{"href":"https:\/\/bricer.pt\/index.php?rest_route=\/wp\/v2\/product"}],"about":[{"href":"https:\/\/bricer.pt\/index.php?rest_route=\/wp\/v2\/types\/product"}],"wp:featuredmedia":[{"embeddable":true,"href":"https:\/\/bricer.pt\/index.php?rest_route=\/wp\/v2\/media\/2457"}],"wp:attachment":[{"href":"https:\/\/bricer.pt\/index.php?rest_route=%2Fwp%2Fv2%2Fmedia&parent=2456"}],"wp:term":[{"taxonomy":"product_brand","embeddable":true,"href":"https:\/\/bricer.pt\/index.php?rest_route=%2Fwp%2Fv2%2Fproduct_brand&post=2456"},{"taxonomy":"product_cat","embeddable":true,"href":"https:\/\/bricer.pt\/index.php?rest_route=%2Fwp%2Fv2%2Fproduct_cat&post=2456"},{"taxonomy":"product_tag","embeddable":true,"href":"https:\/\/bricer.pt\/index.php?rest_route=%2Fwp%2Fv2%2Fproduct_tag&post=2456"}],"curies":[{"name":"wp","href":"https:\/\/api.w.org\/{rel}","templated":true}]}}