{"id":2454,"date":"2023-03-06T11:38:36","date_gmt":"2023-03-06T11:38:36","guid":{"rendered":"https:\/\/bricer.pt\/produto\/wax-lyrical-difusor-c-varetas-oolong-stem-ginger-emb-100ml\/"},"modified":"2023-04-17T08:01:41","modified_gmt":"2023-04-17T08:01:41","slug":"wax-lyrical-difusor-c-varetas-oolong-stem-ginger-emb-100ml","status":"publish","type":"product","link":"https:\/\/bricer.pt\/?product=wax-lyrical-difusor-c-varetas-oolong-stem-ginger-emb-100ml","title":{"rendered":"Wax Lyrical Difusor c\/ Varetas &#8211; &#8220;Oolong &#038; Stem Ginger&#8221;  Emb. 100ml"},"content":{"rendered":"<p><strong>Wax Lyrical Difusor c\/ Varetas &#8211; &#8220;Oolong &amp; Stem Ginger&#8221;<\/strong> Emb. 100ml.<\/p>\n<p>&nbsp;<\/p>\n<p><strong>Caracter\u00edsticas<\/strong>:\u00a0 Aromas frescos e florais revigorados por esta combina\u00e7\u00e3o de ch\u00e1 verde, especiarias e notas c\u00edtricas com uma flora\u00e7\u00e3o de flores. Uma base seca \u00e9 casada atrav\u00e9s de uma mistura de alm\u00edscar, \u00e2mbar e madeiras preciosas. Mergulhe a sua casa em fragr\u00e2ncia indulgente com este difusor de 100ml que tem como pano de fundo as famosas estampas de terra queimada e inclui um conjunto de palhetas negras elegantes.<\/p>\n<p><strong>Ingredientes<\/strong>: 1-(1,2,3,4,5,6,7,8-Octahydro-2,3,8,8-tetramethyl-2-naphthalenyl) ethanone, Benzyl salicylate, Linalool. Pode produzir rea\u00e7\u00e3o al\u00e9rgica.<\/p>\n<p>&nbsp;<\/p>\n<p>&nbsp;<\/p>\n","protected":false},"excerpt":{"rendered":"<p>Wax Lyrical Difusor c\/ Varetas &#8211; &#8220;Oolong &amp; Stem Ginger&#8221; Emb. 100ml. &nbsp; Caracter\u00edsticas:\u00a0 Aromas frescos e florais revigorados por esta combina\u00e7\u00e3o de ch\u00e1 verde, especiarias e notas c\u00edtricas com uma flora\u00e7\u00e3o de flores. Uma base seca \u00e9 casada atrav\u00e9s de uma mistura de alm\u00edscar, \u00e2mbar e madeiras preciosas. Mergulhe a sua casa em fragr\u00e2ncia [&hellip;]<\/p>\n","protected":false},"featured_media":2455,"template":"","meta":[],"product_brand":[],"product_cat":[287,55],"product_tag":[],"class_list":{"0":"post-2454","1":"product","2":"type-product","3":"status-publish","4":"has-post-thumbnail","6":"product_cat-ambientadores-para-casa","7":"product_cat-dph","8":"pa_marcas-wax-lyrical","9":"pa_pais-reino-unido","11":"first","12":"instock","13":"taxable","14":"shipping-taxable","15":"product-type-simple"},"_links":{"self":[{"href":"https:\/\/bricer.pt\/index.php?rest_route=\/wp\/v2\/product\/2454","targetHints":{"allow":["GET"]}}],"collection":[{"href":"https:\/\/bricer.pt\/index.php?rest_route=\/wp\/v2\/product"}],"about":[{"href":"https:\/\/bricer.pt\/index.php?rest_route=\/wp\/v2\/types\/product"}],"wp:featuredmedia":[{"embeddable":true,"href":"https:\/\/bricer.pt\/index.php?rest_route=\/wp\/v2\/media\/2455"}],"wp:attachment":[{"href":"https:\/\/bricer.pt\/index.php?rest_route=%2Fwp%2Fv2%2Fmedia&parent=2454"}],"wp:term":[{"taxonomy":"product_brand","embeddable":true,"href":"https:\/\/bricer.pt\/index.php?rest_route=%2Fwp%2Fv2%2Fproduct_brand&post=2454"},{"taxonomy":"product_cat","embeddable":true,"href":"https:\/\/bricer.pt\/index.php?rest_route=%2Fwp%2Fv2%2Fproduct_cat&post=2454"},{"taxonomy":"product_tag","embeddable":true,"href":"https:\/\/bricer.pt\/index.php?rest_route=%2Fwp%2Fv2%2Fproduct_tag&post=2454"}],"curies":[{"name":"wp","href":"https:\/\/api.w.org\/{rel}","templated":true}]}}