{"id":2450,"date":"2023-03-06T11:38:36","date_gmt":"2023-03-06T11:38:36","guid":{"rendered":"https:\/\/bricer.pt\/produto\/wax-lyrical-vela-media-assam-white-cedar-emb-168g\/"},"modified":"2023-10-25T08:49:24","modified_gmt":"2023-10-25T08:49:24","slug":"wax-lyrical-vela-media-assam-white-cedar-emb-168g","status":"publish","type":"product","link":"https:\/\/bricer.pt\/?product=wax-lyrical-vela-media-assam-white-cedar-emb-168g","title":{"rendered":"Wax Lyrical  Vela M\u00e9dia &#8211; &#8220;Assam &#038;  White Cedar&#8221;  Emb. 168g"},"content":{"rendered":"<p><strong>Wax Lyrical Vela M\u00e9dia &#8211; &#8220;Assam &amp; White Cedar&#8221;<\/strong> Emb. 168g.<\/p>\n<p>&nbsp;<\/p>\n<p><strong>Caracter\u00edsticas<\/strong>: Uma fragr\u00e2ncia verdadeiramente luxuosa que ostenta um patchouli, \u00e2mbar, orqu\u00eddea, baunilha e base de alm\u00edscar e \u00e9 rica em notas frutadas de bergamota e lim\u00e3o, p\u00eara, ameixa e p\u00eassego, e cintilantes com um cora\u00e7\u00e3o floral de jasmim e jacinto. Com estilo e aroma marcantes, esta vela de cer\u00e2mica apresenta uma famosa estampa de terra cozida para complementar o design da sua casa e \u00e9 preenchida com at\u00e9 26 horas de tempo de queima de perfume indulgente.<\/p>\n","protected":false},"excerpt":{"rendered":"<p>Wax Lyrical Vela M\u00e9dia &#8211; &#8220;Assam &amp; White Cedar&#8221; Emb. 168g. &nbsp; Caracter\u00edsticas: Uma fragr\u00e2ncia verdadeiramente luxuosa que ostenta um patchouli, \u00e2mbar, orqu\u00eddea, baunilha e base de alm\u00edscar e \u00e9 rica em notas frutadas de bergamota e lim\u00e3o, p\u00eara, ameixa e p\u00eassego, e cintilantes com um cora\u00e7\u00e3o floral de jasmim e jacinto. Com estilo e [&hellip;]<\/p>\n","protected":false},"featured_media":2451,"template":"","meta":[],"product_brand":[],"product_cat":[289,55,290],"product_tag":[],"class_list":{"0":"post-2450","1":"product","2":"type-product","3":"status-publish","4":"has-post-thumbnail","6":"product_cat-ambientadores-para-casadph","7":"product_cat-dph","8":"product_cat-velas-ambientadores-para-casadph","9":"pa_marcas-wax-lyrical","10":"pa_pais-reino-unido","12":"first","13":"instock","14":"taxable","15":"shipping-taxable","16":"product-type-simple"},"_links":{"self":[{"href":"https:\/\/bricer.pt\/index.php?rest_route=\/wp\/v2\/product\/2450","targetHints":{"allow":["GET"]}}],"collection":[{"href":"https:\/\/bricer.pt\/index.php?rest_route=\/wp\/v2\/product"}],"about":[{"href":"https:\/\/bricer.pt\/index.php?rest_route=\/wp\/v2\/types\/product"}],"wp:featuredmedia":[{"embeddable":true,"href":"https:\/\/bricer.pt\/index.php?rest_route=\/wp\/v2\/media\/2451"}],"wp:attachment":[{"href":"https:\/\/bricer.pt\/index.php?rest_route=%2Fwp%2Fv2%2Fmedia&parent=2450"}],"wp:term":[{"taxonomy":"product_brand","embeddable":true,"href":"https:\/\/bricer.pt\/index.php?rest_route=%2Fwp%2Fv2%2Fproduct_brand&post=2450"},{"taxonomy":"product_cat","embeddable":true,"href":"https:\/\/bricer.pt\/index.php?rest_route=%2Fwp%2Fv2%2Fproduct_cat&post=2450"},{"taxonomy":"product_tag","embeddable":true,"href":"https:\/\/bricer.pt\/index.php?rest_route=%2Fwp%2Fv2%2Fproduct_tag&post=2450"}],"curies":[{"name":"wp","href":"https:\/\/api.w.org\/{rel}","templated":true}]}}