{"id":2448,"date":"2023-03-06T11:38:36","date_gmt":"2023-03-06T11:38:36","guid":{"rendered":"https:\/\/bricer.pt\/produto\/wax-lyrical-vela-media-green-tea-bergamot-emb-168g\/"},"modified":"2023-10-25T08:49:08","modified_gmt":"2023-10-25T08:49:08","slug":"wax-lyrical-vela-media-green-tea-bergamot-emb-168g","status":"publish","type":"product","link":"https:\/\/bricer.pt\/?product=wax-lyrical-vela-media-green-tea-bergamot-emb-168g","title":{"rendered":"Wax Lyrical  Vela M\u00e9dia &#8211; &#8220;Green Tea &#038; Bergamot&#8221;  Emb. 168g"},"content":{"rendered":"<p><strong>Wax Lyrical Vela M\u00e9dia &#8211; &#8220;Green Tea &amp; Bergamot&#8221;<\/strong> Emb. 168g.<\/p>\n<p>&nbsp;<\/p>\n<p><strong>Caracter\u00edsticas<\/strong>: Notas de bergamota s\u00e3o habilmente suavizadas com ch\u00e1 verde e l\u00edrio branco enquanto uma base de alm\u00edscar e \u00e2mbar acrescenta profundidade a esta fragr\u00e2ncia refrescante. Os \u00f3leos essenciais de lim\u00e3o acrescentam uma reviravolta doce e acentuada ao aroma fresco. Com estilo e aroma marcantes, esta vela de cer\u00e2mica apresenta uma famosa estampa de terra queimada para complementar o design da sua casa e \u00e9 preenchida com at\u00e9 26 horas de tempo de queima da fragr\u00e2ncia indulgente.<\/p>\n","protected":false},"excerpt":{"rendered":"<p>Wax Lyrical Vela M\u00e9dia &#8211; &#8220;Green Tea &amp; Bergamot&#8221; Emb. 168g. &nbsp; Caracter\u00edsticas: Notas de bergamota s\u00e3o habilmente suavizadas com ch\u00e1 verde e l\u00edrio branco enquanto uma base de alm\u00edscar e \u00e2mbar acrescenta profundidade a esta fragr\u00e2ncia refrescante. Os \u00f3leos essenciais de lim\u00e3o acrescentam uma reviravolta doce e acentuada ao aroma fresco. Com estilo e [&hellip;]<\/p>\n","protected":false},"featured_media":2449,"template":"","meta":[],"product_brand":[],"product_cat":[287,55],"product_tag":[],"class_list":{"0":"post-2448","1":"product","2":"type-product","3":"status-publish","4":"has-post-thumbnail","6":"product_cat-ambientadores-para-casa","7":"product_cat-dph","8":"pa_marcas-wax-lyrical","9":"pa_pais-reino-unido","11":"first","12":"instock","13":"taxable","14":"shipping-taxable","15":"product-type-simple"},"_links":{"self":[{"href":"https:\/\/bricer.pt\/index.php?rest_route=\/wp\/v2\/product\/2448","targetHints":{"allow":["GET"]}}],"collection":[{"href":"https:\/\/bricer.pt\/index.php?rest_route=\/wp\/v2\/product"}],"about":[{"href":"https:\/\/bricer.pt\/index.php?rest_route=\/wp\/v2\/types\/product"}],"wp:featuredmedia":[{"embeddable":true,"href":"https:\/\/bricer.pt\/index.php?rest_route=\/wp\/v2\/media\/2449"}],"wp:attachment":[{"href":"https:\/\/bricer.pt\/index.php?rest_route=%2Fwp%2Fv2%2Fmedia&parent=2448"}],"wp:term":[{"taxonomy":"product_brand","embeddable":true,"href":"https:\/\/bricer.pt\/index.php?rest_route=%2Fwp%2Fv2%2Fproduct_brand&post=2448"},{"taxonomy":"product_cat","embeddable":true,"href":"https:\/\/bricer.pt\/index.php?rest_route=%2Fwp%2Fv2%2Fproduct_cat&post=2448"},{"taxonomy":"product_tag","embeddable":true,"href":"https:\/\/bricer.pt\/index.php?rest_route=%2Fwp%2Fv2%2Fproduct_tag&post=2448"}],"curies":[{"name":"wp","href":"https:\/\/api.w.org\/{rel}","templated":true}]}}