{"id":2444,"date":"2023-03-06T11:38:36","date_gmt":"2023-03-06T11:38:36","guid":{"rendered":"https:\/\/bricer.pt\/produto\/wax-lyrical-forro-perfumado-p-gavetas-cotton-emb-6-fls\/"},"modified":"2023-04-17T08:01:41","modified_gmt":"2023-04-17T08:01:41","slug":"wax-lyrical-forro-perfumado-p-gavetas-cotton-emb-6-fls","status":"publish","type":"product","link":"https:\/\/bricer.pt\/?product=wax-lyrical-forro-perfumado-p-gavetas-cotton-emb-6-fls","title":{"rendered":"Wax Lyrical Forro Perfumado p\/ Gavetas &#8220;Cotton&#8221;  Emb. 6 Fls."},"content":{"rendered":"<p><strong>Wax Lyrical Forro Perfumado p\/ Gavetas &#8220;Cotton&#8221;<\/strong> Emb. 6 Fls.<\/p>\n<p>&nbsp;<\/p>\n<p><strong>Caracter\u00edsticas: <\/strong>As notas almiscaradas s\u00e3o salpicadas ao longo desta fragr\u00e2ncia em p\u00f3, que \u00e9 em camadas com aromas de violeta, l\u00edrio, rosa e flores de algod\u00e3o e senta-se contra um pano de fundo de \u00e2mbar quente e b\u00e1lsamos em p\u00f3.<\/p>\n<p><strong>Ingredientes<\/strong>: \u00a01-(1,2,3,4,5,6,7,8-Octahydro-2,3,8,8-tetramethyl-2-naphthalenyl)ethanone, 3 and 4-(4-Hydroxy-4-methylpentyl)-3-cyclohexene-1-carboxaldehyde.\u00a0Pode produzir rea\u00e7\u00e3o al\u00e9rgica.<\/p>\n","protected":false},"excerpt":{"rendered":"<p>Wax Lyrical Forro Perfumado p\/ Gavetas &#8220;Cotton&#8221; Emb. 6 Fls. &nbsp; Caracter\u00edsticas: As notas almiscaradas s\u00e3o salpicadas ao longo desta fragr\u00e2ncia em p\u00f3, que \u00e9 em camadas com aromas de violeta, l\u00edrio, rosa e flores de algod\u00e3o e senta-se contra um pano de fundo de \u00e2mbar quente e b\u00e1lsamos em p\u00f3. Ingredientes: \u00a01-(1,2,3,4,5,6,7,8-Octahydro-2,3,8,8-tetramethyl-2-naphthalenyl)ethanone, 3 and [&hellip;]<\/p>\n","protected":false},"featured_media":2445,"template":"","meta":[],"product_brand":[],"product_cat":[287,55],"product_tag":[],"class_list":{"0":"post-2444","1":"product","2":"type-product","3":"status-publish","4":"has-post-thumbnail","6":"product_cat-ambientadores-para-casa","7":"product_cat-dph","8":"pa_marcas-wax-lyrical","9":"pa_pais-reino-unido","11":"first","12":"instock","13":"taxable","14":"shipping-taxable","15":"product-type-simple"},"_links":{"self":[{"href":"https:\/\/bricer.pt\/index.php?rest_route=\/wp\/v2\/product\/2444","targetHints":{"allow":["GET"]}}],"collection":[{"href":"https:\/\/bricer.pt\/index.php?rest_route=\/wp\/v2\/product"}],"about":[{"href":"https:\/\/bricer.pt\/index.php?rest_route=\/wp\/v2\/types\/product"}],"wp:featuredmedia":[{"embeddable":true,"href":"https:\/\/bricer.pt\/index.php?rest_route=\/wp\/v2\/media\/2445"}],"wp:attachment":[{"href":"https:\/\/bricer.pt\/index.php?rest_route=%2Fwp%2Fv2%2Fmedia&parent=2444"}],"wp:term":[{"taxonomy":"product_brand","embeddable":true,"href":"https:\/\/bricer.pt\/index.php?rest_route=%2Fwp%2Fv2%2Fproduct_brand&post=2444"},{"taxonomy":"product_cat","embeddable":true,"href":"https:\/\/bricer.pt\/index.php?rest_route=%2Fwp%2Fv2%2Fproduct_cat&post=2444"},{"taxonomy":"product_tag","embeddable":true,"href":"https:\/\/bricer.pt\/index.php?rest_route=%2Fwp%2Fv2%2Fproduct_tag&post=2444"}],"curies":[{"name":"wp","href":"https:\/\/api.w.org\/{rel}","templated":true}]}}