{"id":2428,"date":"2023-03-06T11:38:36","date_gmt":"2023-03-06T11:38:36","guid":{"rendered":"https:\/\/bricer.pt\/produto\/wax-lyrical-difusor-c-varetas-lavender-emb-180ml\/"},"modified":"2023-04-17T08:01:40","modified_gmt":"2023-04-17T08:01:40","slug":"wax-lyrical-difusor-c-varetas-lavender-emb-180ml","status":"publish","type":"product","link":"https:\/\/bricer.pt\/?product=wax-lyrical-difusor-c-varetas-lavender-emb-180ml","title":{"rendered":"Wax Lyrical Difusor c\/ Varetas &#8220;Lavender&#8221;  Emb.180ml"},"content":{"rendered":"<p><strong>Wax Lyrical Difusor c\/ Varetas &#8220;Lavender&#8221;<\/strong> Emb.180ml.<\/p>\n<p>&nbsp;<\/p>\n<p><strong>Ingredientes<\/strong>: Esta fragr\u00e2ncia serina muito apreciada \u00e9 caprichosa com notas de lavanda, laranja e flor de lim\u00e3o, emparelhadas em harmonia com notas florais brancas incluindo camomila, orqu\u00eddea, jasmim e l\u00edrio.<\/p>\n<p><strong>Ingredientes<\/strong>:\u00a0 [1-(1,2,3,4,5,6,7,8-Octahydro-2,3,8,8- tetramethyl-2-naphthalenyl)ethanone, Augeo Clean Multi] Hexyl salicylate, Hydroxycitronellal, Linalool, alpha-iso-Methylionone, dLimonene, delta-1-(2,6,6-Trimethyl-3-cyclohexen-1-yl)-2-buten-1-one, dl-Citronellol, p-t-Butylalpha-methylhydrocinnamic aldehyde. Pode produzir rea\u00e7\u00e3o al\u00e9rgica.<\/p>\n","protected":false},"excerpt":{"rendered":"<p>Wax Lyrical Difusor c\/ Varetas &#8220;Lavender&#8221; Emb.180ml. &nbsp; Ingredientes: Esta fragr\u00e2ncia serina muito apreciada \u00e9 caprichosa com notas de lavanda, laranja e flor de lim\u00e3o, emparelhadas em harmonia com notas florais brancas incluindo camomila, orqu\u00eddea, jasmim e l\u00edrio. Ingredientes:\u00a0 [1-(1,2,3,4,5,6,7,8-Octahydro-2,3,8,8- tetramethyl-2-naphthalenyl)ethanone, Augeo Clean Multi] Hexyl salicylate, Hydroxycitronellal, Linalool, alpha-iso-Methylionone, dLimonene, delta-1-(2,6,6-Trimethyl-3-cyclohexen-1-yl)-2-buten-1-one, dl-Citronellol, p-t-Butylalpha-methylhydrocinnamic aldehyde. Pode [&hellip;]<\/p>\n","protected":false},"featured_media":2429,"template":"","meta":[],"product_brand":[],"product_cat":[287,55],"product_tag":[],"class_list":{"0":"post-2428","1":"product","2":"type-product","3":"status-publish","4":"has-post-thumbnail","6":"product_cat-ambientadores-para-casa","7":"product_cat-dph","8":"pa_marcas-wax-lyrical","9":"pa_pais-reino-unido","11":"first","12":"instock","13":"taxable","14":"shipping-taxable","15":"product-type-simple"},"_links":{"self":[{"href":"https:\/\/bricer.pt\/index.php?rest_route=\/wp\/v2\/product\/2428","targetHints":{"allow":["GET"]}}],"collection":[{"href":"https:\/\/bricer.pt\/index.php?rest_route=\/wp\/v2\/product"}],"about":[{"href":"https:\/\/bricer.pt\/index.php?rest_route=\/wp\/v2\/types\/product"}],"wp:featuredmedia":[{"embeddable":true,"href":"https:\/\/bricer.pt\/index.php?rest_route=\/wp\/v2\/media\/2429"}],"wp:attachment":[{"href":"https:\/\/bricer.pt\/index.php?rest_route=%2Fwp%2Fv2%2Fmedia&parent=2428"}],"wp:term":[{"taxonomy":"product_brand","embeddable":true,"href":"https:\/\/bricer.pt\/index.php?rest_route=%2Fwp%2Fv2%2Fproduct_brand&post=2428"},{"taxonomy":"product_cat","embeddable":true,"href":"https:\/\/bricer.pt\/index.php?rest_route=%2Fwp%2Fv2%2Fproduct_cat&post=2428"},{"taxonomy":"product_tag","embeddable":true,"href":"https:\/\/bricer.pt\/index.php?rest_route=%2Fwp%2Fv2%2Fproduct_tag&post=2428"}],"curies":[{"name":"wp","href":"https:\/\/api.w.org\/{rel}","templated":true}]}}