{"id":2426,"date":"2023-03-06T11:38:36","date_gmt":"2023-03-06T11:38:36","guid":{"rendered":"https:\/\/bricer.pt\/produto\/wax-lyrical-rhs-difusor-c-varetas-sweet-pea-emb-180ml\/"},"modified":"2023-04-17T08:01:40","modified_gmt":"2023-04-17T08:01:40","slug":"wax-lyrical-rhs-difusor-c-varetas-sweet-pea-emb-180ml","status":"publish","type":"product","link":"https:\/\/bricer.pt\/?product=wax-lyrical-rhs-difusor-c-varetas-sweet-pea-emb-180ml","title":{"rendered":"Wax Lyrical RHS Difusor c\/ Varetas &#8220;Sweet Pea&#8221; Emb. 180ml"},"content":{"rendered":"<p><strong>Wax Lyrical RHS Difusor c\/ Varetas &#8220;Sweet Pea&#8221;\u00a0<\/strong> \u00a0Emb. 180ml.<\/p>\n<p>&nbsp;<\/p>\n<p><strong>Caracter\u00edsticas<\/strong>: Infundindo mem\u00f3rias de ervilhas doces rec\u00e9m-colhidas, esta fragr\u00e2ncia floral dispersa tons suaves em p\u00f3. Uma pitada de violeta e um toque delicado de alm\u00edscar e baunilha encerra esta delicada fragr\u00e2ncia. RHS Fragrant Garden \u00e9 uma colec\u00e7\u00e3o intemporal e adquiriu uma legi\u00e3o de f\u00e3s de dedos verdes que adoram as fragr\u00e2ncias florais cl\u00e1ssicas.<\/p>\n<p><strong>Ingredientes<\/strong>:[Augeo Clean Multi, Geraniol] 1-(1,2,3,4,5,6,7,8-Octahydro-2,3,8,8-tetramethyl-2-naphthalenyl)ethanone, 3 and 4-(4-Hydroxy-4-methylpentyl)-3-cyclohexene-1-carboxaldehyde, Hydroxycitronellal, l-Citronellol. Pode produzir rea\u00e7\u00e3o al\u00e9rgica.<\/p>\n","protected":false},"excerpt":{"rendered":"<p>Wax Lyrical RHS Difusor c\/ Varetas &#8220;Sweet Pea&#8221;\u00a0 \u00a0Emb. 180ml. &nbsp; Caracter\u00edsticas: Infundindo mem\u00f3rias de ervilhas doces rec\u00e9m-colhidas, esta fragr\u00e2ncia floral dispersa tons suaves em p\u00f3. Uma pitada de violeta e um toque delicado de alm\u00edscar e baunilha encerra esta delicada fragr\u00e2ncia. RHS Fragrant Garden \u00e9 uma colec\u00e7\u00e3o intemporal e adquiriu uma legi\u00e3o de f\u00e3s [&hellip;]<\/p>\n","protected":false},"featured_media":2427,"template":"","meta":[],"product_brand":[],"product_cat":[287,55],"product_tag":[],"class_list":{"0":"post-2426","1":"product","2":"type-product","3":"status-publish","4":"has-post-thumbnail","6":"product_cat-ambientadores-para-casa","7":"product_cat-dph","8":"pa_marcas-wax-lyrical","9":"pa_pais-reino-unido","11":"first","12":"instock","13":"taxable","14":"shipping-taxable","15":"product-type-simple"},"_links":{"self":[{"href":"https:\/\/bricer.pt\/index.php?rest_route=\/wp\/v2\/product\/2426","targetHints":{"allow":["GET"]}}],"collection":[{"href":"https:\/\/bricer.pt\/index.php?rest_route=\/wp\/v2\/product"}],"about":[{"href":"https:\/\/bricer.pt\/index.php?rest_route=\/wp\/v2\/types\/product"}],"wp:featuredmedia":[{"embeddable":true,"href":"https:\/\/bricer.pt\/index.php?rest_route=\/wp\/v2\/media\/2427"}],"wp:attachment":[{"href":"https:\/\/bricer.pt\/index.php?rest_route=%2Fwp%2Fv2%2Fmedia&parent=2426"}],"wp:term":[{"taxonomy":"product_brand","embeddable":true,"href":"https:\/\/bricer.pt\/index.php?rest_route=%2Fwp%2Fv2%2Fproduct_brand&post=2426"},{"taxonomy":"product_cat","embeddable":true,"href":"https:\/\/bricer.pt\/index.php?rest_route=%2Fwp%2Fv2%2Fproduct_cat&post=2426"},{"taxonomy":"product_tag","embeddable":true,"href":"https:\/\/bricer.pt\/index.php?rest_route=%2Fwp%2Fv2%2Fproduct_tag&post=2426"}],"curies":[{"name":"wp","href":"https:\/\/api.w.org\/{rel}","templated":true}]}}