{"id":2420,"date":"2023-03-06T11:38:30","date_gmt":"2023-03-06T11:38:30","guid":{"rendered":"https:\/\/bricer.pt\/produto\/wax-lyrical-velas-lavender-conjunto-12-unidades\/"},"modified":"2023-04-17T08:01:38","modified_gmt":"2023-04-17T08:01:38","slug":"wax-lyrical-velas-lavender-conjunto-12-unidades","status":"publish","type":"product","link":"https:\/\/bricer.pt\/?product=wax-lyrical-velas-lavender-conjunto-12-unidades","title":{"rendered":"Wax Lyrical Velas  \u201cLavender\u201d  Conjunto 12 Unidades"},"content":{"rendered":"<p><strong>Wax Lyrical Velas \u201cLavender\u201d\u00a0<\/strong> \u00a0Conjunto 12 Unidades.<\/p>\n<p>&nbsp;<\/p>\n<p><strong>Caracter\u00edsticas<\/strong>: Perfumes suaves de lavanda s\u00e3o levantados com uma pitada de notas de fragr\u00e2ncia de eucalipto e bergamota e uma base delicada de s\u00e2ndalo acrescenta o toque final.<\/p>\n<p><strong>Ingredientes<\/strong>:(Z)-3,4,5,6,6-Pentamethylhept-3-en-2-one, 3 and 4-(4-Hydroxy-4-methylpentyl)-3-cyclohexene-1-carboxaldehyde, Coumarin, Linalool. Pode produzir rea\u00e7\u00e3o al\u00e9rgica.<\/p>\n<p><strong>Advert\u00eancias<\/strong>: Manter fora do alcance das crian\u00e7as e animais de estima\u00e7\u00e3o. Nunca deixe uma vela acesa sem vigil\u00e2ncia. Descarte a vela quando restarem 5mm de cera. Nunca mova uma vela acesa. N\u00e3o queime velas em cima ou perto de qualquer coisa que possa pegar fogo. Deixe pelo menos 5 cm entre as velas. N\u00e3o inale o fumo da vela. N\u00e3o use as velas em queimadores a \u00f3leo ou em aparelhos de fus\u00e3o de cera.<\/p>\n","protected":false},"excerpt":{"rendered":"<p>Wax Lyrical Velas \u201cLavender\u201d\u00a0 \u00a0Conjunto 12 Unidades. &nbsp; Caracter\u00edsticas: Perfumes suaves de lavanda s\u00e3o levantados com uma pitada de notas de fragr\u00e2ncia de eucalipto e bergamota e uma base delicada de s\u00e2ndalo acrescenta o toque final. Ingredientes:(Z)-3,4,5,6,6-Pentamethylhept-3-en-2-one, 3 and 4-(4-Hydroxy-4-methylpentyl)-3-cyclohexene-1-carboxaldehyde, Coumarin, Linalool. Pode produzir rea\u00e7\u00e3o al\u00e9rgica. Advert\u00eancias: Manter fora do alcance das crian\u00e7as e animais [&hellip;]<\/p>\n","protected":false},"featured_media":2421,"template":"","meta":[],"product_brand":[],"product_cat":[289,55,290],"product_tag":[],"class_list":{"0":"post-2420","1":"product","2":"type-product","3":"status-publish","4":"has-post-thumbnail","6":"product_cat-ambientadores-para-casadph","7":"product_cat-dph","8":"product_cat-velas-ambientadores-para-casadph","9":"pa_marcas-wax-lyrical","10":"pa_pais-reino-unido","12":"first","13":"instock","14":"taxable","15":"shipping-taxable","16":"product-type-simple"},"_links":{"self":[{"href":"https:\/\/bricer.pt\/index.php?rest_route=\/wp\/v2\/product\/2420","targetHints":{"allow":["GET"]}}],"collection":[{"href":"https:\/\/bricer.pt\/index.php?rest_route=\/wp\/v2\/product"}],"about":[{"href":"https:\/\/bricer.pt\/index.php?rest_route=\/wp\/v2\/types\/product"}],"wp:featuredmedia":[{"embeddable":true,"href":"https:\/\/bricer.pt\/index.php?rest_route=\/wp\/v2\/media\/2421"}],"wp:attachment":[{"href":"https:\/\/bricer.pt\/index.php?rest_route=%2Fwp%2Fv2%2Fmedia&parent=2420"}],"wp:term":[{"taxonomy":"product_brand","embeddable":true,"href":"https:\/\/bricer.pt\/index.php?rest_route=%2Fwp%2Fv2%2Fproduct_brand&post=2420"},{"taxonomy":"product_cat","embeddable":true,"href":"https:\/\/bricer.pt\/index.php?rest_route=%2Fwp%2Fv2%2Fproduct_cat&post=2420"},{"taxonomy":"product_tag","embeddable":true,"href":"https:\/\/bricer.pt\/index.php?rest_route=%2Fwp%2Fv2%2Fproduct_tag&post=2420"}],"curies":[{"name":"wp","href":"https:\/\/api.w.org\/{rel}","templated":true}]}}