{"id":2416,"date":"2023-03-06T11:38:30","date_gmt":"2023-03-06T11:38:30","guid":{"rendered":"https:\/\/bricer.pt\/produto\/wax-lyrical-recarga-p-difusor-oriental-orchid-cedar-emb-200ml\/"},"modified":"2023-04-17T08:01:38","modified_gmt":"2023-04-17T08:01:38","slug":"wax-lyrical-recarga-p-difusor-oriental-orchid-cedar-emb-200ml","status":"publish","type":"product","link":"https:\/\/bricer.pt\/?product=wax-lyrical-recarga-p-difusor-oriental-orchid-cedar-emb-200ml","title":{"rendered":"Wax Lyrical Recarga p\/ Difusor &#8220;Oriental Orchid &#038; Cedar&#8221;  Emb. 200ml"},"content":{"rendered":"<p><strong>Wax Lyrical Recarga p\/ Difusor &#8220;Oriental Orchid &amp; Cedar&#8221;<\/strong> Emb. 200ml.<\/p>\n<p>&nbsp;<\/p>\n<p><strong>Caracter\u00edsticas<\/strong>: Este aroma oriental abre-se com uma explos\u00e3o de pimenta rosa e flor de laranjeira levando a um cora\u00e7\u00e3o de p\u00eara refrescante e orqu\u00eddea preciosa sobre uma base que mistura notas quentes de \u00e2mbar com baunilha cremosa e madeira de cedro.<\/p>\n<p><strong>Advert\u00eancias<\/strong>: N\u00e3o coloque em superf\u00edcies pintadas ou sint\u00e9ticas. N\u00e3o \u00e9 para consumo. Pode produzir uma rea\u00e7\u00e3o al\u00e9rgica da pele. Descarte o recipiente no local de descarte aprovado, de acordo com os regulamentos locais. Lavar as m\u00e3os depois do contacto com a pele no manuseamento.<\/p>\n","protected":false},"excerpt":{"rendered":"<p>Wax Lyrical Recarga p\/ Difusor &#8220;Oriental Orchid &amp; Cedar&#8221; Emb. 200ml. &nbsp; Caracter\u00edsticas: Este aroma oriental abre-se com uma explos\u00e3o de pimenta rosa e flor de laranjeira levando a um cora\u00e7\u00e3o de p\u00eara refrescante e orqu\u00eddea preciosa sobre uma base que mistura notas quentes de \u00e2mbar com baunilha cremosa e madeira de cedro. Advert\u00eancias: N\u00e3o [&hellip;]<\/p>\n","protected":false},"featured_media":2417,"template":"","meta":[],"product_brand":[],"product_cat":[55,288],"product_tag":[],"class_list":{"0":"post-2416","1":"product","2":"type-product","3":"status-publish","4":"has-post-thumbnail","6":"product_cat-dph","7":"product_cat-velas","8":"pa_marcas-wax-lyrical","9":"pa_pais-reino-unido","11":"first","12":"instock","13":"taxable","14":"shipping-taxable","15":"product-type-simple"},"_links":{"self":[{"href":"https:\/\/bricer.pt\/index.php?rest_route=\/wp\/v2\/product\/2416","targetHints":{"allow":["GET"]}}],"collection":[{"href":"https:\/\/bricer.pt\/index.php?rest_route=\/wp\/v2\/product"}],"about":[{"href":"https:\/\/bricer.pt\/index.php?rest_route=\/wp\/v2\/types\/product"}],"wp:featuredmedia":[{"embeddable":true,"href":"https:\/\/bricer.pt\/index.php?rest_route=\/wp\/v2\/media\/2417"}],"wp:attachment":[{"href":"https:\/\/bricer.pt\/index.php?rest_route=%2Fwp%2Fv2%2Fmedia&parent=2416"}],"wp:term":[{"taxonomy":"product_brand","embeddable":true,"href":"https:\/\/bricer.pt\/index.php?rest_route=%2Fwp%2Fv2%2Fproduct_brand&post=2416"},{"taxonomy":"product_cat","embeddable":true,"href":"https:\/\/bricer.pt\/index.php?rest_route=%2Fwp%2Fv2%2Fproduct_cat&post=2416"},{"taxonomy":"product_tag","embeddable":true,"href":"https:\/\/bricer.pt\/index.php?rest_route=%2Fwp%2Fv2%2Fproduct_tag&post=2416"}],"curies":[{"name":"wp","href":"https:\/\/api.w.org\/{rel}","templated":true}]}}