{"id":2414,"date":"2023-03-06T11:38:30","date_gmt":"2023-03-06T11:38:30","guid":{"rendered":"https:\/\/bricer.pt\/produto\/wax-lyrical-vela-perfumada-oriental-orchid-cedar-1-unidade\/"},"modified":"2023-04-17T08:01:38","modified_gmt":"2023-04-17T08:01:38","slug":"wax-lyrical-vela-perfumada-oriental-orchid-cedar-1-unidade","status":"publish","type":"product","link":"https:\/\/bricer.pt\/?product=wax-lyrical-vela-perfumada-oriental-orchid-cedar-1-unidade","title":{"rendered":"Wax Lyrical Vela Perfumada &#8220;Oriental Orchid &#038; Cedar&#8221;  1 Unidade"},"content":{"rendered":"<p><strong>Wax Lyrical Vela Perfumada &#8220;Oriental Orchid &amp; Cedar&#8221;<\/strong> 1 Unidade.<\/p>\n<p>&nbsp;<\/p>\n<p><strong>Caracter\u00edsticas<\/strong>: Este aroma oriental abre-se com uma explos\u00e3o de pimenta rosa e flor de laranjeira levando a um cora\u00e7\u00e3o de p\u00eara refrescante e orqu\u00eddea preciosa sobre uma base que mistura notas quentes de \u00e2mbar com baunilha cremosa e madeira de cedro.<\/p>\n<p><strong>Advert\u00eancias<\/strong>: Mantenha fora do alcance de crian\u00e7as. Nunca deixe uma vela acesa sem vigil\u00e2ncia. N\u00e3o queime velas perto de qualquer coisa que possa pegar fogo. Deixe pelo menos 10 cm entre as velas. Descarte a vela quando restarem 5mm de cera. Pode produzir uma rea\u00e7\u00e3o al\u00e9rgica da pele. Durabilidade prevista: cerca de 60 horas. N\u00e3o utilizar a tampa como base.<\/p>\n","protected":false},"excerpt":{"rendered":"<p>Wax Lyrical Vela Perfumada &#8220;Oriental Orchid &amp; Cedar&#8221; 1 Unidade. &nbsp; Caracter\u00edsticas: Este aroma oriental abre-se com uma explos\u00e3o de pimenta rosa e flor de laranjeira levando a um cora\u00e7\u00e3o de p\u00eara refrescante e orqu\u00eddea preciosa sobre uma base que mistura notas quentes de \u00e2mbar com baunilha cremosa e madeira de cedro. Advert\u00eancias: Mantenha fora [&hellip;]<\/p>\n","protected":false},"featured_media":2415,"template":"","meta":[],"product_brand":[],"product_cat":[289,55,290],"product_tag":[],"class_list":{"0":"post-2414","1":"product","2":"type-product","3":"status-publish","4":"has-post-thumbnail","6":"product_cat-ambientadores-para-casadph","7":"product_cat-dph","8":"product_cat-velas-ambientadores-para-casadph","9":"pa_marcas-wax-lyrical","10":"pa_pais-reino-unido","12":"first","13":"instock","14":"taxable","15":"shipping-taxable","16":"product-type-simple"},"_links":{"self":[{"href":"https:\/\/bricer.pt\/index.php?rest_route=\/wp\/v2\/product\/2414","targetHints":{"allow":["GET"]}}],"collection":[{"href":"https:\/\/bricer.pt\/index.php?rest_route=\/wp\/v2\/product"}],"about":[{"href":"https:\/\/bricer.pt\/index.php?rest_route=\/wp\/v2\/types\/product"}],"wp:featuredmedia":[{"embeddable":true,"href":"https:\/\/bricer.pt\/index.php?rest_route=\/wp\/v2\/media\/2415"}],"wp:attachment":[{"href":"https:\/\/bricer.pt\/index.php?rest_route=%2Fwp%2Fv2%2Fmedia&parent=2414"}],"wp:term":[{"taxonomy":"product_brand","embeddable":true,"href":"https:\/\/bricer.pt\/index.php?rest_route=%2Fwp%2Fv2%2Fproduct_brand&post=2414"},{"taxonomy":"product_cat","embeddable":true,"href":"https:\/\/bricer.pt\/index.php?rest_route=%2Fwp%2Fv2%2Fproduct_cat&post=2414"},{"taxonomy":"product_tag","embeddable":true,"href":"https:\/\/bricer.pt\/index.php?rest_route=%2Fwp%2Fv2%2Fproduct_tag&post=2414"}],"curies":[{"name":"wp","href":"https:\/\/api.w.org\/{rel}","templated":true}]}}