{"id":2412,"date":"2023-03-06T11:38:30","date_gmt":"2023-03-06T11:38:30","guid":{"rendered":"https:\/\/bricer.pt\/produto\/wax-lyrical-vela-perfumada-black-cherry-rose-1-unidade\/"},"modified":"2023-04-17T08:01:38","modified_gmt":"2023-04-17T08:01:38","slug":"wax-lyrical-vela-perfumada-black-cherry-rose-1-unidade","status":"publish","type":"product","link":"https:\/\/bricer.pt\/?product=wax-lyrical-vela-perfumada-black-cherry-rose-1-unidade","title":{"rendered":"Wax Lyrical Vela Perfumada &#8220;Black Cherry &#038; Rose&#8221;   1 Unidade"},"content":{"rendered":"<p><strong>Wax Lyrical Vela Perfumada &#8220;Black Cherry &amp; Rose&#8221;<\/strong> 1 Unidade.<\/p>\n<p>&nbsp;<\/p>\n<p><strong>Caracter\u00edsticas<\/strong>: Uma fragr\u00e2ncia exuberante de ch\u00e1 verde fresco e rosa \u00e9 combinada com notas de cereja frutada e levantada por notas verdes de ger\u00e2nio, caules orvalhados e \u00edris r\u00e9gia, suportada por uma base quente e doce de baunilha.<\/p>\n<p><strong>Advert\u00eancias<\/strong>: Mantenha fora do alcance de crian\u00e7as. Nunca deixe uma vela acesa sem vigil\u00e2ncia. N\u00e3o queime velas perto de qualquer coisa que possa pegar fogo. Deixe pelo menos 10 cm entre as velas. Descarte a vela quando restarem 5mm de cera. Pode produzir uma rea\u00e7\u00e3o al\u00e9rgica da pele. Durabilidade prevista: cerca de 60 horas. N\u00e3o utilizar a tampa como base.<\/p>\n","protected":false},"excerpt":{"rendered":"<p>Wax Lyrical Vela Perfumada &#8220;Black Cherry &amp; Rose&#8221; 1 Unidade. &nbsp; Caracter\u00edsticas: Uma fragr\u00e2ncia exuberante de ch\u00e1 verde fresco e rosa \u00e9 combinada com notas de cereja frutada e levantada por notas verdes de ger\u00e2nio, caules orvalhados e \u00edris r\u00e9gia, suportada por uma base quente e doce de baunilha. Advert\u00eancias: Mantenha fora do alcance de [&hellip;]<\/p>\n","protected":false},"featured_media":2413,"template":"","meta":[],"product_brand":[],"product_cat":[289,55,290],"product_tag":[],"class_list":{"0":"post-2412","1":"product","2":"type-product","3":"status-publish","4":"has-post-thumbnail","6":"product_cat-ambientadores-para-casadph","7":"product_cat-dph","8":"product_cat-velas-ambientadores-para-casadph","9":"pa_marcas-wax-lyrical","10":"pa_pais-reino-unido","12":"first","13":"instock","14":"taxable","15":"shipping-taxable","16":"product-type-simple"},"_links":{"self":[{"href":"https:\/\/bricer.pt\/index.php?rest_route=\/wp\/v2\/product\/2412","targetHints":{"allow":["GET"]}}],"collection":[{"href":"https:\/\/bricer.pt\/index.php?rest_route=\/wp\/v2\/product"}],"about":[{"href":"https:\/\/bricer.pt\/index.php?rest_route=\/wp\/v2\/types\/product"}],"wp:featuredmedia":[{"embeddable":true,"href":"https:\/\/bricer.pt\/index.php?rest_route=\/wp\/v2\/media\/2413"}],"wp:attachment":[{"href":"https:\/\/bricer.pt\/index.php?rest_route=%2Fwp%2Fv2%2Fmedia&parent=2412"}],"wp:term":[{"taxonomy":"product_brand","embeddable":true,"href":"https:\/\/bricer.pt\/index.php?rest_route=%2Fwp%2Fv2%2Fproduct_brand&post=2412"},{"taxonomy":"product_cat","embeddable":true,"href":"https:\/\/bricer.pt\/index.php?rest_route=%2Fwp%2Fv2%2Fproduct_cat&post=2412"},{"taxonomy":"product_tag","embeddable":true,"href":"https:\/\/bricer.pt\/index.php?rest_route=%2Fwp%2Fv2%2Fproduct_tag&post=2412"}],"curies":[{"name":"wp","href":"https:\/\/api.w.org\/{rel}","templated":true}]}}