{"id":2390,"date":"2023-03-06T11:38:30","date_gmt":"2023-03-06T11:38:30","guid":{"rendered":"https:\/\/bricer.pt\/produto\/ecozone-limpeza-e-descalcificacao-de-maquina-de-cafe-emb-500ml\/"},"modified":"2023-04-17T08:01:37","modified_gmt":"2023-04-17T08:01:37","slug":"ecozone-limpeza-e-descalcificacao-de-maquina-de-cafe-emb-500ml","status":"publish","type":"product","link":"https:\/\/bricer.pt\/?product=ecozone-limpeza-e-descalcificacao-de-maquina-de-cafe-emb-500ml","title":{"rendered":"Ecozone Limpeza e Descalcifica\u00e7\u00e3o de M\u00e1quina de Caf\u00e9  Emb. 500ml"},"content":{"rendered":"<p>Ecozone Limpeza e Descalcifica\u00e7\u00e3o de M\u00e1quina de Caf\u00e9\u00a0 \u00a0 Emb. 500ml<\/p>\n","protected":false},"excerpt":{"rendered":"<p>Ecozone Limpeza e Descalcifica\u00e7\u00e3o de M\u00e1quina de Caf\u00e9\u00a0 \u00a0 Emb. 500ml<\/p>\n","protected":false},"featured_media":2391,"template":"","meta":[],"product_brand":[],"product_cat":[55,58],"product_tag":[],"class_list":{"0":"post-2390","1":"product","2":"type-product","3":"status-publish","4":"has-post-thumbnail","6":"product_cat-dph","7":"product_cat-limpeza-e-manutencao","8":"pa_marcas-ecozone","9":"pa_pais-reino-unido","11":"first","12":"instock","13":"taxable","14":"shipping-taxable","15":"product-type-simple"},"_links":{"self":[{"href":"https:\/\/bricer.pt\/index.php?rest_route=\/wp\/v2\/product\/2390","targetHints":{"allow":["GET"]}}],"collection":[{"href":"https:\/\/bricer.pt\/index.php?rest_route=\/wp\/v2\/product"}],"about":[{"href":"https:\/\/bricer.pt\/index.php?rest_route=\/wp\/v2\/types\/product"}],"wp:featuredmedia":[{"embeddable":true,"href":"https:\/\/bricer.pt\/index.php?rest_route=\/wp\/v2\/media\/2391"}],"wp:attachment":[{"href":"https:\/\/bricer.pt\/index.php?rest_route=%2Fwp%2Fv2%2Fmedia&parent=2390"}],"wp:term":[{"taxonomy":"product_brand","embeddable":true,"href":"https:\/\/bricer.pt\/index.php?rest_route=%2Fwp%2Fv2%2Fproduct_brand&post=2390"},{"taxonomy":"product_cat","embeddable":true,"href":"https:\/\/bricer.pt\/index.php?rest_route=%2Fwp%2Fv2%2Fproduct_cat&post=2390"},{"taxonomy":"product_tag","embeddable":true,"href":"https:\/\/bricer.pt\/index.php?rest_route=%2Fwp%2Fv2%2Fproduct_tag&post=2390"}],"curies":[{"name":"wp","href":"https:\/\/api.w.org\/{rel}","templated":true}]}}