{"id":2384,"date":"2023-03-06T11:38:30","date_gmt":"2023-03-06T11:38:30","guid":{"rendered":"https:\/\/bricer.pt\/produto\/ecozone-limpeza-de-aco-inoxidavel-emb-1un\/"},"modified":"2023-04-17T08:01:36","modified_gmt":"2023-04-17T08:01:36","slug":"ecozone-limpeza-de-aco-inoxidavel-emb-1un","status":"publish","type":"product","link":"https:\/\/bricer.pt\/?product=ecozone-limpeza-de-aco-inoxidavel-emb-1un","title":{"rendered":"Ecozone Limpeza de A\u00e7o Inoxid\u00e1vel  Emb. 1Un."},"content":{"rendered":"<p>Ecozone Limpeza de A\u00e7o Inoxid\u00e1vel\u00a0 \u00a0 Emb. 1Un.<\/p>\n","protected":false},"excerpt":{"rendered":"<p>Ecozone Limpeza de A\u00e7o Inoxid\u00e1vel\u00a0 \u00a0 Emb. 1Un.<\/p>\n","protected":false},"featured_media":2385,"template":"","meta":[],"product_brand":[],"product_cat":[55,58],"product_tag":[],"class_list":{"0":"post-2384","1":"product","2":"type-product","3":"status-publish","4":"has-post-thumbnail","6":"product_cat-dph","7":"product_cat-limpeza-e-manutencao","8":"pa_marcas-ecozone","9":"pa_pais-reino-unido","11":"first","12":"instock","13":"taxable","14":"shipping-taxable","15":"product-type-simple"},"_links":{"self":[{"href":"https:\/\/bricer.pt\/index.php?rest_route=\/wp\/v2\/product\/2384","targetHints":{"allow":["GET"]}}],"collection":[{"href":"https:\/\/bricer.pt\/index.php?rest_route=\/wp\/v2\/product"}],"about":[{"href":"https:\/\/bricer.pt\/index.php?rest_route=\/wp\/v2\/types\/product"}],"wp:featuredmedia":[{"embeddable":true,"href":"https:\/\/bricer.pt\/index.php?rest_route=\/wp\/v2\/media\/2385"}],"wp:attachment":[{"href":"https:\/\/bricer.pt\/index.php?rest_route=%2Fwp%2Fv2%2Fmedia&parent=2384"}],"wp:term":[{"taxonomy":"product_brand","embeddable":true,"href":"https:\/\/bricer.pt\/index.php?rest_route=%2Fwp%2Fv2%2Fproduct_brand&post=2384"},{"taxonomy":"product_cat","embeddable":true,"href":"https:\/\/bricer.pt\/index.php?rest_route=%2Fwp%2Fv2%2Fproduct_cat&post=2384"},{"taxonomy":"product_tag","embeddable":true,"href":"https:\/\/bricer.pt\/index.php?rest_route=%2Fwp%2Fv2%2Fproduct_tag&post=2384"}],"curies":[{"name":"wp","href":"https:\/\/api.w.org\/{rel}","templated":true}]}}