{"id":2354,"date":"2023-03-06T11:38:18","date_gmt":"2023-03-06T11:38:18","guid":{"rendered":"https:\/\/bricer.pt\/produto\/ecoegg-toalhas-de-bambu-reutilizaveis-emb-1un\/"},"modified":"2023-04-17T08:01:33","modified_gmt":"2023-04-17T08:01:33","slug":"ecoegg-toalhas-de-bambu-reutilizaveis-emb-1un","status":"publish","type":"product","link":"https:\/\/bricer.pt\/?product=ecoegg-toalhas-de-bambu-reutilizaveis-emb-1un","title":{"rendered":"EcoEgg Toalhas de Bambu Reutiliz\u00e1veis  Emb. 1Un."},"content":{"rendered":"<p><strong>EcoEgg Toalhas de Bambu Reutiliz\u00e1veis<\/strong> Emb. 1 Unidade.<\/p>\n<p>&nbsp;<\/p>\n<p><strong>Caracter\u00edsticas<\/strong>: Ecoegg podem substituir o tradicional rolo de cozinha e s\u00e3o absorventes, duradouras e reutiliz\u00e1veis. Cada uma das 20 toalhas pode ser lavada e reutilizada at\u00e9 85 vezes, dando ao utilizador 1700 utiliza\u00e7\u00f5es.<\/p>\n<p><strong>Instru\u00e7\u00f5es<\/strong>: 1 &#8211; Usar a toalha de bambu at\u00e9 ficar suja. 2 &#8211; Lavar a 40\u00baC\/104\u00baF. 3 &#8211; Pendurar para secar. 4 &#8211; Utilizar at\u00e9 85 vezes.<\/p>\n","protected":false},"excerpt":{"rendered":"<p>EcoEgg Toalhas de Bambu Reutiliz\u00e1veis Emb. 1 Unidade. &nbsp; Caracter\u00edsticas: Ecoegg podem substituir o tradicional rolo de cozinha e s\u00e3o absorventes, duradouras e reutiliz\u00e1veis. Cada uma das 20 toalhas pode ser lavada e reutilizada at\u00e9 85 vezes, dando ao utilizador 1700 utiliza\u00e7\u00f5es. Instru\u00e7\u00f5es: 1 &#8211; Usar a toalha de bambu at\u00e9 ficar suja. 2 &#8211; [&hellip;]<\/p>\n","protected":false},"featured_media":2355,"template":"","meta":[],"product_brand":[],"product_cat":[55,58],"product_tag":[],"class_list":{"0":"post-2354","1":"product","2":"type-product","3":"status-publish","4":"has-post-thumbnail","6":"product_cat-dph","7":"product_cat-limpeza-e-manutencao","8":"pa_marcas-ecoegg","9":"pa_pais-reino-unido","11":"first","12":"instock","13":"taxable","14":"shipping-taxable","15":"product-type-simple"},"_links":{"self":[{"href":"https:\/\/bricer.pt\/index.php?rest_route=\/wp\/v2\/product\/2354","targetHints":{"allow":["GET"]}}],"collection":[{"href":"https:\/\/bricer.pt\/index.php?rest_route=\/wp\/v2\/product"}],"about":[{"href":"https:\/\/bricer.pt\/index.php?rest_route=\/wp\/v2\/types\/product"}],"wp:featuredmedia":[{"embeddable":true,"href":"https:\/\/bricer.pt\/index.php?rest_route=\/wp\/v2\/media\/2355"}],"wp:attachment":[{"href":"https:\/\/bricer.pt\/index.php?rest_route=%2Fwp%2Fv2%2Fmedia&parent=2354"}],"wp:term":[{"taxonomy":"product_brand","embeddable":true,"href":"https:\/\/bricer.pt\/index.php?rest_route=%2Fwp%2Fv2%2Fproduct_brand&post=2354"},{"taxonomy":"product_cat","embeddable":true,"href":"https:\/\/bricer.pt\/index.php?rest_route=%2Fwp%2Fv2%2Fproduct_cat&post=2354"},{"taxonomy":"product_tag","embeddable":true,"href":"https:\/\/bricer.pt\/index.php?rest_route=%2Fwp%2Fv2%2Fproduct_tag&post=2354"}],"curies":[{"name":"wp","href":"https:\/\/api.w.org\/{rel}","templated":true}]}}