{"id":2334,"date":"2023-03-06T11:38:08","date_gmt":"2023-03-06T11:38:08","guid":{"rendered":"https:\/\/bricer.pt\/produto\/jewel-summer-breeze-vac-scents-discs-emb-6un\/"},"modified":"2023-04-17T08:01:31","modified_gmt":"2023-04-17T08:01:31","slug":"jewel-summer-breeze-vac-scents-discs-emb-6un","status":"publish","type":"product","link":"https:\/\/bricer.pt\/?product=jewel-summer-breeze-vac-scents-discs-emb-6un","title":{"rendered":"Jewel &#8220;Summer Breeze Vac Scents Discs&#8221;  Emb. 6Un."},"content":{"rendered":"<p><strong>Jewel &#8220;Summer Breeze Vac Scents Discs&#8221;\u00a0<\/strong> Emb. 6Un.<\/p>\n<p>&nbsp;<\/p>\n<p><strong>Caracter\u00edsticas<\/strong>: Elimina eficazmente muitos dos odores problem\u00e1ticos encontrados em casa. Formulados para deixar a fragr\u00e2ncia sempre que aspirar.<\/p>\n<p><strong>Ingredientes:<\/strong> hexil cinamalde\u00eddo e limoneno.<\/p>\n<p><strong>Instru\u00e7\u00f5es:<\/strong> retire a embalagem e coloque um disco perfumado no saco do p\u00f3 ou no contentor de res\u00edduos do aspirador. Sempre que voc\u00ea substituir o saco de v\u00e1cuo ou esvaziar o recipiente, coloque um novo disco perfumado. N\u00e3o use em aspiradores de p\u00f3 h\u00famido ou enquanto aspira l\u00edquidos.<\/p>\n<p><strong>Advert\u00eancias<\/strong>: mantenha longe de crian\u00e7as e animais de estima\u00e7\u00e3o. Este produto cont\u00e9m perfume. Algumas pessoas e animais de estima\u00e7\u00e3o podem ser sens\u00edveis a perfumes. \u00a0Pode causar uma rea\u00e7\u00e3o al\u00e9rgica. Em caso de contato com a pele, lave bem com \u00e1gua e sab\u00e3o. Em contato com os olhos, lave com \u00e1gua. Use somente conforme as instru\u00e7\u00f5es.<\/p>\n","protected":false},"excerpt":{"rendered":"<p>Jewel &#8220;Summer Breeze Vac Scents Discs&#8221;\u00a0 Emb. 6Un. &nbsp; Caracter\u00edsticas: Elimina eficazmente muitos dos odores problem\u00e1ticos encontrados em casa. Formulados para deixar a fragr\u00e2ncia sempre que aspirar. Ingredientes: hexil cinamalde\u00eddo e limoneno. Instru\u00e7\u00f5es: retire a embalagem e coloque um disco perfumado no saco do p\u00f3 ou no contentor de res\u00edduos do aspirador. Sempre que voc\u00ea [&hellip;]<\/p>\n","protected":false},"featured_media":2335,"template":"","meta":[],"product_brand":[],"product_cat":[55,58],"product_tag":[],"class_list":{"0":"post-2334","1":"product","2":"type-product","3":"status-publish","4":"has-post-thumbnail","6":"product_cat-dph","7":"product_cat-limpeza-e-manutencao","8":"pa_marcas-jewel","9":"pa_pais-reino-unido","11":"first","12":"instock","13":"taxable","14":"shipping-taxable","15":"product-type-simple"},"_links":{"self":[{"href":"https:\/\/bricer.pt\/index.php?rest_route=\/wp\/v2\/product\/2334","targetHints":{"allow":["GET"]}}],"collection":[{"href":"https:\/\/bricer.pt\/index.php?rest_route=\/wp\/v2\/product"}],"about":[{"href":"https:\/\/bricer.pt\/index.php?rest_route=\/wp\/v2\/types\/product"}],"wp:featuredmedia":[{"embeddable":true,"href":"https:\/\/bricer.pt\/index.php?rest_route=\/wp\/v2\/media\/2335"}],"wp:attachment":[{"href":"https:\/\/bricer.pt\/index.php?rest_route=%2Fwp%2Fv2%2Fmedia&parent=2334"}],"wp:term":[{"taxonomy":"product_brand","embeddable":true,"href":"https:\/\/bricer.pt\/index.php?rest_route=%2Fwp%2Fv2%2Fproduct_brand&post=2334"},{"taxonomy":"product_cat","embeddable":true,"href":"https:\/\/bricer.pt\/index.php?rest_route=%2Fwp%2Fv2%2Fproduct_cat&post=2334"},{"taxonomy":"product_tag","embeddable":true,"href":"https:\/\/bricer.pt\/index.php?rest_route=%2Fwp%2Fv2%2Fproduct_tag&post=2334"}],"curies":[{"name":"wp","href":"https:\/\/api.w.org\/{rel}","templated":true}]}}