{"id":2328,"date":"2023-03-06T11:38:08","date_gmt":"2023-03-06T11:38:08","guid":{"rendered":"https:\/\/bricer.pt\/produto\/jewel-carpet-freshener-lavender-fields-emb-425g\/"},"modified":"2023-04-17T08:01:31","modified_gmt":"2023-04-17T08:01:31","slug":"jewel-carpet-freshener-lavender-fields-emb-425g","status":"publish","type":"product","link":"https:\/\/bricer.pt\/?product=jewel-carpet-freshener-lavender-fields-emb-425g","title":{"rendered":"Jewel  &#8220;Carpet Freshener Lavender Fields&#8221;  Emb. 425g"},"content":{"rendered":"<p><strong>Jewel &#8220;Carpet Freshener Lavender Fields&#8221;\u00a0<\/strong> \u00a0Emb. 425g.<\/p>\n<p>&nbsp;<\/p>\n<p><strong>Caracter\u00edsticas<\/strong>: Pode ser usado para refrescar: latas de lixo, caixas de areia para gatos, interiores de carros, etc.<\/p>\n<p><strong>Instru\u00e7\u00f5es<\/strong>: segure o recipiente em \u00e2ngulo e espalhe o p\u00f3 de maneira leve e uniforme sobre a carpete. Deixe por alguns minutos e passe o aspirador.<\/p>\n<p><strong>Advert\u00eancias<\/strong>: n\u00e3o recomendado para uso em carpetes de p\u00ealo ou tapetes com p\u00ealo enrolado. N\u00e3o use no tapete molhado. Este produto cont\u00e9m perfume. Algumas pessoas e animais de estima\u00e7\u00e3o podem ser sens\u00edveis a perfumes. Manter afastado de crian\u00e7as e animais de estima\u00e7\u00e3o e remova os animais da sala antes da aplica\u00e7\u00e3o. Em caso de contato com a pele, lave bem com \u00e1gua e sab\u00e3o. Se entrar acidentalmente em contato com os olhos, lave com \u00e1gua. Em caso de ingest\u00e3o, consulte um m\u00e9dico. Lave bem as m\u00e3os ap\u00f3s o uso. Use apenas como instru\u00eddo.<\/p>\n","protected":false},"excerpt":{"rendered":"<p>Jewel &#8220;Carpet Freshener Lavender Fields&#8221;\u00a0 \u00a0Emb. 425g. &nbsp; Caracter\u00edsticas: Pode ser usado para refrescar: latas de lixo, caixas de areia para gatos, interiores de carros, etc. Instru\u00e7\u00f5es: segure o recipiente em \u00e2ngulo e espalhe o p\u00f3 de maneira leve e uniforme sobre a carpete. Deixe por alguns minutos e passe o aspirador. Advert\u00eancias: n\u00e3o recomendado [&hellip;]<\/p>\n","protected":false},"featured_media":2329,"template":"","meta":[],"product_brand":[],"product_cat":[55,58],"product_tag":[],"class_list":{"0":"post-2328","1":"product","2":"type-product","3":"status-publish","4":"has-post-thumbnail","6":"product_cat-dph","7":"product_cat-limpeza-e-manutencao","8":"pa_marcas-jewel","9":"pa_pais-reino-unido","11":"first","12":"instock","13":"taxable","14":"shipping-taxable","15":"product-type-simple"},"_links":{"self":[{"href":"https:\/\/bricer.pt\/index.php?rest_route=\/wp\/v2\/product\/2328","targetHints":{"allow":["GET"]}}],"collection":[{"href":"https:\/\/bricer.pt\/index.php?rest_route=\/wp\/v2\/product"}],"about":[{"href":"https:\/\/bricer.pt\/index.php?rest_route=\/wp\/v2\/types\/product"}],"wp:featuredmedia":[{"embeddable":true,"href":"https:\/\/bricer.pt\/index.php?rest_route=\/wp\/v2\/media\/2329"}],"wp:attachment":[{"href":"https:\/\/bricer.pt\/index.php?rest_route=%2Fwp%2Fv2%2Fmedia&parent=2328"}],"wp:term":[{"taxonomy":"product_brand","embeddable":true,"href":"https:\/\/bricer.pt\/index.php?rest_route=%2Fwp%2Fv2%2Fproduct_brand&post=2328"},{"taxonomy":"product_cat","embeddable":true,"href":"https:\/\/bricer.pt\/index.php?rest_route=%2Fwp%2Fv2%2Fproduct_cat&post=2328"},{"taxonomy":"product_tag","embeddable":true,"href":"https:\/\/bricer.pt\/index.php?rest_route=%2Fwp%2Fv2%2Fproduct_tag&post=2328"}],"curies":[{"name":"wp","href":"https:\/\/api.w.org\/{rel}","templated":true}]}}