{"id":2326,"date":"2023-03-06T11:38:08","date_gmt":"2023-03-06T11:38:08","guid":{"rendered":"https:\/\/bricer.pt\/produto\/neutradol-bathroom-after-flush-mousse-spray-emb-300ml\/"},"modified":"2023-04-17T08:01:31","modified_gmt":"2023-04-17T08:01:31","slug":"neutradol-bathroom-after-flush-mousse-spray-emb-300ml","status":"publish","type":"product","link":"https:\/\/bricer.pt\/?product=neutradol-bathroom-after-flush-mousse-spray-emb-300ml","title":{"rendered":"Neutradol &#8220;Bathroom After Flush Mousse&#8221; Spray  Emb. 300ml"},"content":{"rendered":"<p><strong>Neutradol &#8220;Bathroom After Flush Mousse&#8221; Spray\u00a0<\/strong> \u00a0 Emb. 300ml.<\/p>\n<p>&nbsp;<\/p>\n<p><strong>Caracter\u00edsticas<\/strong>: Ajuda a prevenir o calc\u00e1rio, limpa e mata 99,9% das bact\u00e9rias. Manter\u00e1 o seu WC completamente livre de odores desagrad\u00e1veis, deixando-o limpo e fresco. Seguro para uso em fossas s\u00e9pticas.<\/p>\n<p><strong>Instru\u00e7\u00f5es<\/strong>: lave primeiro. Agite bem. Segure a lata apontando para baixo na sanita e a uma altura de 40 cm. Borrife uma leve camada de espuma na sanita acima da linha d&#8217;\u00e1gua. Uma rajada de dois a tr\u00eas segundos \u00e9 tudo o que \u00e9 necess\u00e1rio. Use diariamente.<\/p>\n<p><strong>Ingredientes<\/strong>: &lt;5% surfactantes n\u00e3o i\u00f4nicos, surfactantes cati\u00f4nicos, surfactantes anfot\u00e9ricos, perfume hexilcinamalde\u00eddo, citronelol, geraniol, limoneno, linalol, butilfenil metilproponial. Pode provocar uma rea\u00e7\u00e3o al\u00e9rgica.<\/p>\n<p><strong>Advert\u00eancias:<\/strong> Manter fora do alcance de crian\u00e7as.<\/p>\n","protected":false},"excerpt":{"rendered":"<p>Neutradol &#8220;Bathroom After Flush Mousse&#8221; Spray\u00a0 \u00a0 Emb. 300ml. &nbsp; Caracter\u00edsticas: Ajuda a prevenir o calc\u00e1rio, limpa e mata 99,9% das bact\u00e9rias. Manter\u00e1 o seu WC completamente livre de odores desagrad\u00e1veis, deixando-o limpo e fresco. Seguro para uso em fossas s\u00e9pticas. Instru\u00e7\u00f5es: lave primeiro. Agite bem. Segure a lata apontando para baixo na sanita e [&hellip;]<\/p>\n","protected":false},"featured_media":2327,"template":"","meta":[],"product_brand":[],"product_cat":[55,58],"product_tag":[],"class_list":{"0":"post-2326","1":"product","2":"type-product","3":"status-publish","4":"has-post-thumbnail","6":"product_cat-dph","7":"product_cat-limpeza-e-manutencao","8":"pa_marcas-neutradol","9":"pa_pais-reino-unido","11":"first","12":"instock","13":"taxable","14":"shipping-taxable","15":"product-type-simple"},"_links":{"self":[{"href":"https:\/\/bricer.pt\/index.php?rest_route=\/wp\/v2\/product\/2326","targetHints":{"allow":["GET"]}}],"collection":[{"href":"https:\/\/bricer.pt\/index.php?rest_route=\/wp\/v2\/product"}],"about":[{"href":"https:\/\/bricer.pt\/index.php?rest_route=\/wp\/v2\/types\/product"}],"wp:featuredmedia":[{"embeddable":true,"href":"https:\/\/bricer.pt\/index.php?rest_route=\/wp\/v2\/media\/2327"}],"wp:attachment":[{"href":"https:\/\/bricer.pt\/index.php?rest_route=%2Fwp%2Fv2%2Fmedia&parent=2326"}],"wp:term":[{"taxonomy":"product_brand","embeddable":true,"href":"https:\/\/bricer.pt\/index.php?rest_route=%2Fwp%2Fv2%2Fproduct_brand&post=2326"},{"taxonomy":"product_cat","embeddable":true,"href":"https:\/\/bricer.pt\/index.php?rest_route=%2Fwp%2Fv2%2Fproduct_cat&post=2326"},{"taxonomy":"product_tag","embeddable":true,"href":"https:\/\/bricer.pt\/index.php?rest_route=%2Fwp%2Fv2%2Fproduct_tag&post=2326"}],"curies":[{"name":"wp","href":"https:\/\/api.w.org\/{rel}","templated":true}]}}