{"id":2322,"date":"2023-03-06T11:38:08","date_gmt":"2023-03-06T11:38:08","guid":{"rendered":"https:\/\/bricer.pt\/produto\/neutradol-original-car-sachet-emb-50g\/"},"modified":"2023-04-17T08:01:31","modified_gmt":"2023-04-17T08:01:31","slug":"neutradol-original-car-sachet-emb-50g","status":"publish","type":"product","link":"https:\/\/bricer.pt\/?product=neutradol-original-car-sachet-emb-50g","title":{"rendered":"Neutradol &#8220;Original Car Sachet&#8221;  Emb. 50g"},"content":{"rendered":"<p><strong>Neutradol &#8220;Original Car Sachet&#8221;\u00a0<\/strong> \u00a0Emb. 50g.<\/p>\n<p>&nbsp;<\/p>\n<p><strong>Caracter\u00edsticas<\/strong>: Nossa f\u00f3rmula higi\u00e9nica e n\u00e3o t\u00f3xica, elimina as mol\u00e9culas que causam maus odores em sua casa, no seu carro ou caravana.<\/p>\n<p><strong>Ingredientes<\/strong>: Eucaliptol, Hexil Cinnamal, Eugenol, Butilfenil Metilpropional,<br \/>\nAlfa-Pinenos, Beta-Pinenos, D-Limoneno, Geraniol, Citronelol, \u00c1lcool Cinam\u00edlico<br \/>\ne Citronelal. Pode produzir uma rea\u00e7\u00e3o al\u00e9rgica.<\/p>\n<p><strong>Instru\u00e7\u00f5es<\/strong>: remova a etiqueta frontal usando a aba destac\u00e1vel. Em condi\u00e7\u00f5es de calor, para prolongar a vida \u00fatil do gel, remova o r\u00f3tulo e cubra novamente metade ou mais da grelha (dobre parte do r\u00f3tulo atr\u00e1s ou rasgue). Remova a etiqueta traseira para expor a \u00e1rea adesiva e posicione no carro em uma superf\u00edcie limpa e seca n\u00e3o polida. Dura at\u00e9 30 dias em temperaturas n\u00e3o superiores a 20\u00baC.<\/p>\n<p>&nbsp;<\/p>\n","protected":false},"excerpt":{"rendered":"<p>Neutradol &#8220;Original Car Sachet&#8221;\u00a0 \u00a0Emb. 50g. &nbsp; Caracter\u00edsticas: Nossa f\u00f3rmula higi\u00e9nica e n\u00e3o t\u00f3xica, elimina as mol\u00e9culas que causam maus odores em sua casa, no seu carro ou caravana. Ingredientes: Eucaliptol, Hexil Cinnamal, Eugenol, Butilfenil Metilpropional, Alfa-Pinenos, Beta-Pinenos, D-Limoneno, Geraniol, Citronelol, \u00c1lcool Cinam\u00edlico e Citronelal. Pode produzir uma rea\u00e7\u00e3o al\u00e9rgica. Instru\u00e7\u00f5es: remova a etiqueta frontal [&hellip;]<\/p>\n","protected":false},"featured_media":2323,"template":"","meta":[],"product_brand":[],"product_cat":[287,55],"product_tag":[],"class_list":{"0":"post-2322","1":"product","2":"type-product","3":"status-publish","4":"has-post-thumbnail","6":"product_cat-ambientadores-para-casa","7":"product_cat-dph","8":"pa_marcas-neutradol","9":"pa_pais-reino-unido","11":"first","12":"instock","13":"taxable","14":"shipping-taxable","15":"product-type-simple"},"_links":{"self":[{"href":"https:\/\/bricer.pt\/index.php?rest_route=\/wp\/v2\/product\/2322","targetHints":{"allow":["GET"]}}],"collection":[{"href":"https:\/\/bricer.pt\/index.php?rest_route=\/wp\/v2\/product"}],"about":[{"href":"https:\/\/bricer.pt\/index.php?rest_route=\/wp\/v2\/types\/product"}],"wp:featuredmedia":[{"embeddable":true,"href":"https:\/\/bricer.pt\/index.php?rest_route=\/wp\/v2\/media\/2323"}],"wp:attachment":[{"href":"https:\/\/bricer.pt\/index.php?rest_route=%2Fwp%2Fv2%2Fmedia&parent=2322"}],"wp:term":[{"taxonomy":"product_brand","embeddable":true,"href":"https:\/\/bricer.pt\/index.php?rest_route=%2Fwp%2Fv2%2Fproduct_brand&post=2322"},{"taxonomy":"product_cat","embeddable":true,"href":"https:\/\/bricer.pt\/index.php?rest_route=%2Fwp%2Fv2%2Fproduct_cat&post=2322"},{"taxonomy":"product_tag","embeddable":true,"href":"https:\/\/bricer.pt\/index.php?rest_route=%2Fwp%2Fv2%2Fproduct_tag&post=2322"}],"curies":[{"name":"wp","href":"https:\/\/api.w.org\/{rel}","templated":true}]}}