{"id":2320,"date":"2023-03-06T11:38:08","date_gmt":"2023-03-06T11:38:08","guid":{"rendered":"https:\/\/bricer.pt\/produto\/neutradol-dustbin-odour-destroyer-emb-350g\/"},"modified":"2023-04-17T08:01:30","modified_gmt":"2023-04-17T08:01:30","slug":"neutradol-dustbin-odour-destroyer-emb-350g","status":"publish","type":"product","link":"https:\/\/bricer.pt\/?product=neutradol-dustbin-odour-destroyer-emb-350g","title":{"rendered":"Neutradol  &#8220;Dustbin Odour Destroyer&#8221;  Emb. 350g"},"content":{"rendered":"<p><strong>Neutradol &#8220;Dustbin Odour Destroyer&#8221;\u00a0<\/strong> \u00a0 Emb. 350g.<\/p>\n<p>&nbsp;<\/p>\n<p><strong>Caracter\u00edsticas<\/strong>: Nossa f\u00f3rmula higi\u00e9nica e n\u00e3o t\u00f3xica, elimina as mol\u00e9culas que causam maus odores em sua casa, seu local de trabalho ou seu carro. Polvilhe quando usar o caixote de lixo.<\/p>\n<p><strong>Ingredientes<\/strong>: Citral e d-limoneno.<\/p>\n<p><strong>Instru\u00e7\u00f5es<\/strong>: segure o recipiente e espalhe o p\u00f3 de maneira leve e uniforme sobre o lixo. Use com frequ\u00eancia e o seu caixote de lixo permanecer\u00e1 com um cheiro agrad\u00e1vel e fresco.<\/p>\n<p><strong>Advert\u00eancias<\/strong>: manter afastado de crian\u00e7as e animais de estima\u00e7\u00e3o. Lave bem as m\u00e3os ap\u00f3s o uso. Use apenas como instru\u00eddo. Nocivo para os organismos aqu\u00e1ticos com efeitos duradouros. Se uma rea\u00e7\u00e3o al\u00e9rgica se desenvolver, interrompa o uso.<\/p>\n<p>&nbsp;<\/p>\n","protected":false},"excerpt":{"rendered":"<p>Neutradol &#8220;Dustbin Odour Destroyer&#8221;\u00a0 \u00a0 Emb. 350g. &nbsp; Caracter\u00edsticas: Nossa f\u00f3rmula higi\u00e9nica e n\u00e3o t\u00f3xica, elimina as mol\u00e9culas que causam maus odores em sua casa, seu local de trabalho ou seu carro. Polvilhe quando usar o caixote de lixo. Ingredientes: Citral e d-limoneno. Instru\u00e7\u00f5es: segure o recipiente e espalhe o p\u00f3 de maneira leve e [&hellip;]<\/p>\n","protected":false},"featured_media":2321,"template":"","meta":[],"product_brand":[],"product_cat":[55,58],"product_tag":[],"class_list":{"0":"post-2320","1":"product","2":"type-product","3":"status-publish","4":"has-post-thumbnail","6":"product_cat-dph","7":"product_cat-limpeza-e-manutencao","8":"pa_marcas-neutradol","9":"pa_pais-reino-unido","11":"first","12":"instock","13":"taxable","14":"shipping-taxable","15":"product-type-simple"},"_links":{"self":[{"href":"https:\/\/bricer.pt\/index.php?rest_route=\/wp\/v2\/product\/2320","targetHints":{"allow":["GET"]}}],"collection":[{"href":"https:\/\/bricer.pt\/index.php?rest_route=\/wp\/v2\/product"}],"about":[{"href":"https:\/\/bricer.pt\/index.php?rest_route=\/wp\/v2\/types\/product"}],"wp:featuredmedia":[{"embeddable":true,"href":"https:\/\/bricer.pt\/index.php?rest_route=\/wp\/v2\/media\/2321"}],"wp:attachment":[{"href":"https:\/\/bricer.pt\/index.php?rest_route=%2Fwp%2Fv2%2Fmedia&parent=2320"}],"wp:term":[{"taxonomy":"product_brand","embeddable":true,"href":"https:\/\/bricer.pt\/index.php?rest_route=%2Fwp%2Fv2%2Fproduct_brand&post=2320"},{"taxonomy":"product_cat","embeddable":true,"href":"https:\/\/bricer.pt\/index.php?rest_route=%2Fwp%2Fv2%2Fproduct_cat&post=2320"},{"taxonomy":"product_tag","embeddable":true,"href":"https:\/\/bricer.pt\/index.php?rest_route=%2Fwp%2Fv2%2Fproduct_tag&post=2320"}],"curies":[{"name":"wp","href":"https:\/\/api.w.org\/{rel}","templated":true}]}}