{"id":2318,"date":"2023-03-06T11:38:08","date_gmt":"2023-03-06T11:38:08","guid":{"rendered":"https:\/\/bricer.pt\/produto\/neutradol-deofab-aerosol-spray-emb-300ml\/"},"modified":"2023-04-17T08:01:30","modified_gmt":"2023-04-17T08:01:30","slug":"neutradol-deofab-aerosol-spray-emb-300ml","status":"publish","type":"product","link":"https:\/\/bricer.pt\/?product=neutradol-deofab-aerosol-spray-emb-300ml","title":{"rendered":"Neutradol &#8220;Deofab Aerosol&#8221; Spray  Emb. 300ml"},"content":{"rendered":"<p><strong>Neutradol &#8220;Deofab Aerosol&#8221; Spray\u00a0<\/strong> \u00a0Emb. 300ml.<\/p>\n<p>&nbsp;<\/p>\n<p><strong>Caracter\u00edsticas<\/strong>: Destr\u00f3i todos os odores ruins, mesmo os mais fortes como fumo, comida e mofo. Pode ser usado com seguran\u00e7a em casa, para t\u00e9nis, roupas, cobertores para animais de estima\u00e7\u00e3o, cortinas, tapetes, roupas de cama, etc.<\/p>\n<p><strong>Ingredientes: <\/strong>Eucalyptol, Hexyl Cinnamic Aldehyde, Eugenol, Butylphenyl Methylpropional, Alpha-Pinenes, D-Limonene, Geraniol, Citronellol, Citronellal, Benzisothiazolinone<\/p>\n<p><strong>Instru\u00e7\u00f5es<\/strong>: em tecidos que podem manchar como seda ou cores delicadas, teste<br \/>\numa pequena \u00e1rea que n\u00e3o pode ser vista. N\u00e3o use em couro ou camur\u00e7a. Agite<br \/>\nprimeiro, pulverize o tecido a cerca de 30cm. Pulverize a superf\u00edcie uniforme-<br \/>\nmente. Reaplique para odores mais pesados. Use regularmente para manter os<br \/>\ntecidos livres de odor.<\/p>\n<p><strong>Advert\u00eancias<\/strong>: pode explodir se aquecido. Proteja da luz solar. N\u00e3o exponha a temperaturas superiores a 50\u00baC. Proibido fumar. Pode provocar uma rea\u00e7\u00e3o al\u00e9rgica. Manter fora do alcance de crian\u00e7as.<\/p>\n","protected":false},"excerpt":{"rendered":"<p>Neutradol &#8220;Deofab Aerosol&#8221; Spray\u00a0 \u00a0Emb. 300ml. &nbsp; Caracter\u00edsticas: Destr\u00f3i todos os odores ruins, mesmo os mais fortes como fumo, comida e mofo. Pode ser usado com seguran\u00e7a em casa, para t\u00e9nis, roupas, cobertores para animais de estima\u00e7\u00e3o, cortinas, tapetes, roupas de cama, etc. Ingredientes: Eucalyptol, Hexyl Cinnamic Aldehyde, Eugenol, Butylphenyl Methylpropional, Alpha-Pinenes, D-Limonene, Geraniol, Citronellol, [&hellip;]<\/p>\n","protected":false},"featured_media":2319,"template":"","meta":[],"product_brand":[],"product_cat":[55,58],"product_tag":[],"class_list":{"0":"post-2318","1":"product","2":"type-product","3":"status-publish","4":"has-post-thumbnail","6":"product_cat-dph","7":"product_cat-limpeza-e-manutencao","8":"pa_marcas-neutradol","9":"pa_pais-reino-unido","11":"first","12":"instock","13":"taxable","14":"shipping-taxable","15":"product-type-simple"},"_links":{"self":[{"href":"https:\/\/bricer.pt\/index.php?rest_route=\/wp\/v2\/product\/2318","targetHints":{"allow":["GET"]}}],"collection":[{"href":"https:\/\/bricer.pt\/index.php?rest_route=\/wp\/v2\/product"}],"about":[{"href":"https:\/\/bricer.pt\/index.php?rest_route=\/wp\/v2\/types\/product"}],"wp:featuredmedia":[{"embeddable":true,"href":"https:\/\/bricer.pt\/index.php?rest_route=\/wp\/v2\/media\/2319"}],"wp:attachment":[{"href":"https:\/\/bricer.pt\/index.php?rest_route=%2Fwp%2Fv2%2Fmedia&parent=2318"}],"wp:term":[{"taxonomy":"product_brand","embeddable":true,"href":"https:\/\/bricer.pt\/index.php?rest_route=%2Fwp%2Fv2%2Fproduct_brand&post=2318"},{"taxonomy":"product_cat","embeddable":true,"href":"https:\/\/bricer.pt\/index.php?rest_route=%2Fwp%2Fv2%2Fproduct_cat&post=2318"},{"taxonomy":"product_tag","embeddable":true,"href":"https:\/\/bricer.pt\/index.php?rest_route=%2Fwp%2Fv2%2Fproduct_tag&post=2318"}],"curies":[{"name":"wp","href":"https:\/\/api.w.org\/{rel}","templated":true}]}}