{"id":2314,"date":"2023-03-06T11:38:08","date_gmt":"2023-03-06T11:38:08","guid":{"rendered":"https:\/\/bricer.pt\/produto\/neutradol-white-bouquet-smart-foam-p-carpetes-spray-emb-300ml\/"},"modified":"2023-04-17T08:01:30","modified_gmt":"2023-04-17T08:01:30","slug":"neutradol-white-bouquet-smart-foam-p-carpetes-spray-emb-300ml","status":"publish","type":"product","link":"https:\/\/bricer.pt\/?product=neutradol-white-bouquet-smart-foam-p-carpetes-spray-emb-300ml","title":{"rendered":"Neutradol &#8220;White Bouquet Smart Foam&#8221; p\/ Carpetes Spray  Emb. 300ml"},"content":{"rendered":"<p><strong>Neutradol &#8220;White Bouquet Smart Foam&#8221; p\/ Carpetes Spray<\/strong>\u00a0 \u00a0Emb. 300ml.<\/p>\n<p>&nbsp;<\/p>\n<p><strong>Caracter\u00edsticas<\/strong>: Pode ser aplicado para desodorizar carpetes, tapetes e estofados, deixando o ambiente fresco e perfumado! Nossa f\u00f3rmula de secagem r\u00e1pida garante que os odores do dia a dia sejam eliminados sem deixar res\u00edduos pegajosos ou a necessidade de aspirar.<\/p>\n<p><strong>Ingredientes<\/strong>: seringalde\u00eddo. Pode produzir uma rea\u00e7\u00e3o al\u00e9rgica.<\/p>\n<p><strong>Instru\u00e7\u00f5es<\/strong>: em tecidos que podem manchar, como couro ou camur\u00e7a, teste em uma pequena \u00e1rea impercept\u00edvel. Agite bem. Segure a lata a cerca de 35-40 cm da carpete, tapete ou estofamento e borrife uniformemente com uma leve camada de espuma.<\/p>\n<p><strong>Advert\u00eancias<\/strong>: Mantenha fora do alcance das crian\u00e7as.<\/p>\n","protected":false},"excerpt":{"rendered":"<p>Neutradol &#8220;White Bouquet Smart Foam&#8221; p\/ Carpetes Spray\u00a0 \u00a0Emb. 300ml. &nbsp; Caracter\u00edsticas: Pode ser aplicado para desodorizar carpetes, tapetes e estofados, deixando o ambiente fresco e perfumado! Nossa f\u00f3rmula de secagem r\u00e1pida garante que os odores do dia a dia sejam eliminados sem deixar res\u00edduos pegajosos ou a necessidade de aspirar. Ingredientes: seringalde\u00eddo. Pode produzir [&hellip;]<\/p>\n","protected":false},"featured_media":2315,"template":"","meta":[],"product_brand":[],"product_cat":[55,58],"product_tag":[],"class_list":{"0":"post-2314","1":"product","2":"type-product","3":"status-publish","4":"has-post-thumbnail","6":"product_cat-dph","7":"product_cat-limpeza-e-manutencao","8":"pa_marcas-neutradol","9":"pa_pais-reino-unido","11":"first","12":"instock","13":"taxable","14":"shipping-taxable","15":"product-type-simple"},"_links":{"self":[{"href":"https:\/\/bricer.pt\/index.php?rest_route=\/wp\/v2\/product\/2314","targetHints":{"allow":["GET"]}}],"collection":[{"href":"https:\/\/bricer.pt\/index.php?rest_route=\/wp\/v2\/product"}],"about":[{"href":"https:\/\/bricer.pt\/index.php?rest_route=\/wp\/v2\/types\/product"}],"wp:featuredmedia":[{"embeddable":true,"href":"https:\/\/bricer.pt\/index.php?rest_route=\/wp\/v2\/media\/2315"}],"wp:attachment":[{"href":"https:\/\/bricer.pt\/index.php?rest_route=%2Fwp%2Fv2%2Fmedia&parent=2314"}],"wp:term":[{"taxonomy":"product_brand","embeddable":true,"href":"https:\/\/bricer.pt\/index.php?rest_route=%2Fwp%2Fv2%2Fproduct_brand&post=2314"},{"taxonomy":"product_cat","embeddable":true,"href":"https:\/\/bricer.pt\/index.php?rest_route=%2Fwp%2Fv2%2Fproduct_cat&post=2314"},{"taxonomy":"product_tag","embeddable":true,"href":"https:\/\/bricer.pt\/index.php?rest_route=%2Fwp%2Fv2%2Fproduct_tag&post=2314"}],"curies":[{"name":"wp","href":"https:\/\/api.w.org\/{rel}","templated":true}]}}