{"id":2308,"date":"2023-03-06T11:38:08","date_gmt":"2023-03-06T11:38:08","guid":{"rendered":"https:\/\/bricer.pt\/produto\/neutradol-super-fresh-vacuum-sac-emb-3un\/"},"modified":"2023-04-17T08:01:30","modified_gmt":"2023-04-17T08:01:30","slug":"neutradol-super-fresh-vacuum-sac-emb-3un","status":"publish","type":"product","link":"https:\/\/bricer.pt\/?product=neutradol-super-fresh-vacuum-sac-emb-3un","title":{"rendered":"Neutradol &#8220;Super Fresh Vacuum  Sac&#8221;  Emb. 3Un"},"content":{"rendered":"<p><strong>Neutradol &#8220;Super Fresh Vacuum Sac&#8221;\u00a0<\/strong> \u00a0Emb. 3 Unidades<\/p>\n<p>&nbsp;<\/p>\n<p><strong>Caracter\u00edsticas<\/strong>: Nossa f\u00f3rmula higi\u00e9nica e n\u00e3o t\u00f3xica, elimina as mol\u00e9culas que causam maus odores em sua casa, ambiente de trabalho e no seu carro.<\/p>\n<p><strong>Ingredientes<\/strong>: d-limonene, hexyl cinnamic aldehyde, eucalyptol, eugenol, citronellal, alpha pinenes, citronellol. Pode produzir uma rea\u00e7\u00e3o al\u00e9rgica. Use somente conforme as instru\u00e7\u00f5es.<\/p>\n<p><strong>Instru\u00e7\u00f5es<\/strong>: retire a embalagem e coloque um disco perfumado no saco do p\u00f3 ou no contentor de res\u00edduos do aspirador. Sempre que voc\u00ea substituir o saco de v\u00e1cuo ou esvaziar o recipiente, coloque um novo disco perfumado.<\/p>\n<p><strong>Advert\u00eancias<\/strong>: N\u00e3o use em aspiradores de p\u00f3 h\u00famido ou enquanto aspira l\u00edquidos. Nocivo para os organismos aqu\u00e1ticos com efeitos duradouros. Manter fora do alcance de crian\u00e7as e animais de estima\u00e7\u00e3o. Evitar a liberta\u00e7\u00e3o para o meio ambiente. Lave as m\u00e3os ap\u00f3s o uso.<\/p>\n","protected":false},"excerpt":{"rendered":"<p>Neutradol &#8220;Super Fresh Vacuum Sac&#8221;\u00a0 \u00a0Emb. 3 Unidades &nbsp; Caracter\u00edsticas: Nossa f\u00f3rmula higi\u00e9nica e n\u00e3o t\u00f3xica, elimina as mol\u00e9culas que causam maus odores em sua casa, ambiente de trabalho e no seu carro. Ingredientes: d-limonene, hexyl cinnamic aldehyde, eucalyptol, eugenol, citronellal, alpha pinenes, citronellol. Pode produzir uma rea\u00e7\u00e3o al\u00e9rgica. Use somente conforme as instru\u00e7\u00f5es. Instru\u00e7\u00f5es: [&hellip;]<\/p>\n","protected":false},"featured_media":2309,"template":"","meta":[],"product_brand":[],"product_cat":[55,58],"product_tag":[],"class_list":{"0":"post-2308","1":"product","2":"type-product","3":"status-publish","4":"has-post-thumbnail","6":"product_cat-dph","7":"product_cat-limpeza-e-manutencao","8":"pa_marcas-neutradol","9":"pa_pais-reino-unido","11":"first","12":"instock","13":"taxable","14":"shipping-taxable","15":"product-type-simple"},"_links":{"self":[{"href":"https:\/\/bricer.pt\/index.php?rest_route=\/wp\/v2\/product\/2308","targetHints":{"allow":["GET"]}}],"collection":[{"href":"https:\/\/bricer.pt\/index.php?rest_route=\/wp\/v2\/product"}],"about":[{"href":"https:\/\/bricer.pt\/index.php?rest_route=\/wp\/v2\/types\/product"}],"wp:featuredmedia":[{"embeddable":true,"href":"https:\/\/bricer.pt\/index.php?rest_route=\/wp\/v2\/media\/2309"}],"wp:attachment":[{"href":"https:\/\/bricer.pt\/index.php?rest_route=%2Fwp%2Fv2%2Fmedia&parent=2308"}],"wp:term":[{"taxonomy":"product_brand","embeddable":true,"href":"https:\/\/bricer.pt\/index.php?rest_route=%2Fwp%2Fv2%2Fproduct_brand&post=2308"},{"taxonomy":"product_cat","embeddable":true,"href":"https:\/\/bricer.pt\/index.php?rest_route=%2Fwp%2Fv2%2Fproduct_cat&post=2308"},{"taxonomy":"product_tag","embeddable":true,"href":"https:\/\/bricer.pt\/index.php?rest_route=%2Fwp%2Fv2%2Fproduct_tag&post=2308"}],"curies":[{"name":"wp","href":"https:\/\/api.w.org\/{rel}","templated":true}]}}