{"id":2304,"date":"2023-03-06T11:38:08","date_gmt":"2023-03-06T11:38:08","guid":{"rendered":"https:\/\/bricer.pt\/produto\/neutradol-original-carpet-deodorizer-emb-350g\/"},"modified":"2023-04-17T08:01:30","modified_gmt":"2023-04-17T08:01:30","slug":"neutradol-original-carpet-deodorizer-emb-350g","status":"publish","type":"product","link":"https:\/\/bricer.pt\/?product=neutradol-original-carpet-deodorizer-emb-350g","title":{"rendered":"Neutradol &#8220;Original Carpet  Deodorizer&#8221;  Emb. 350g"},"content":{"rendered":"<p><strong>Neutradol &#8220;Original Carpet Deodorizer&#8221;\u00a0<\/strong> \u00a0Emb. 350g.<\/p>\n<p>&nbsp;<\/p>\n<p><strong>Caracter\u00edsticas<\/strong>: Nossa f\u00f3rmula higi\u00e9nica e n\u00e3o t\u00f3xica, elimina as mol\u00e9culas que causam maus odores em sua casa, seu local de trabalho ou seu carro.<\/p>\n<p><strong>Instru\u00e7\u00f5es<\/strong>: segure o recipiente e espalhe o p\u00f3 de maneira leve e uniforme sobre a carpete. Deixe por alguns minutos e aspire.<\/p>\n<p><strong>Advert\u00eancias<\/strong>: n\u00e3o recomendado para uso em carpetes de p\u00ealo ou tapetes com p\u00ealo enrolado. N\u00e3o use no tapete molhado. Este produto cont\u00e9m perfume. Algumas pessoas e animais de estima\u00e7\u00e3o podem ser sens\u00edveis a perfumes. Manter afastado de crian\u00e7as e animais de estima\u00e7\u00e3o e remova os animais da sala antes da aplica\u00e7\u00e3o. Em caso de contato com a pele, lave bem com \u00e1gua e sab\u00e3o. Se entrar acidentalmente em contato com os olhos, lave com \u00e1gua. Em caso de ingest\u00e3o, consulte um m\u00e9dico. Lave bem as m\u00e3os ap\u00f3s o uso. Use apenas como instru\u00eddo.<\/p>\n","protected":false},"excerpt":{"rendered":"<p>Neutradol &#8220;Original Carpet Deodorizer&#8221;\u00a0 \u00a0Emb. 350g. &nbsp; Caracter\u00edsticas: Nossa f\u00f3rmula higi\u00e9nica e n\u00e3o t\u00f3xica, elimina as mol\u00e9culas que causam maus odores em sua casa, seu local de trabalho ou seu carro. Instru\u00e7\u00f5es: segure o recipiente e espalhe o p\u00f3 de maneira leve e uniforme sobre a carpete. Deixe por alguns minutos e aspire. Advert\u00eancias: n\u00e3o [&hellip;]<\/p>\n","protected":false},"featured_media":2305,"template":"","meta":[],"product_brand":[],"product_cat":[55,58],"product_tag":[],"class_list":{"0":"post-2304","1":"product","2":"type-product","3":"status-publish","4":"has-post-thumbnail","6":"product_cat-dph","7":"product_cat-limpeza-e-manutencao","8":"pa_marcas-neutradol","9":"pa_pais-reino-unido","11":"first","12":"instock","13":"taxable","14":"shipping-taxable","15":"product-type-simple"},"_links":{"self":[{"href":"https:\/\/bricer.pt\/index.php?rest_route=\/wp\/v2\/product\/2304","targetHints":{"allow":["GET"]}}],"collection":[{"href":"https:\/\/bricer.pt\/index.php?rest_route=\/wp\/v2\/product"}],"about":[{"href":"https:\/\/bricer.pt\/index.php?rest_route=\/wp\/v2\/types\/product"}],"wp:featuredmedia":[{"embeddable":true,"href":"https:\/\/bricer.pt\/index.php?rest_route=\/wp\/v2\/media\/2305"}],"wp:attachment":[{"href":"https:\/\/bricer.pt\/index.php?rest_route=%2Fwp%2Fv2%2Fmedia&parent=2304"}],"wp:term":[{"taxonomy":"product_brand","embeddable":true,"href":"https:\/\/bricer.pt\/index.php?rest_route=%2Fwp%2Fv2%2Fproduct_brand&post=2304"},{"taxonomy":"product_cat","embeddable":true,"href":"https:\/\/bricer.pt\/index.php?rest_route=%2Fwp%2Fv2%2Fproduct_cat&post=2304"},{"taxonomy":"product_tag","embeddable":true,"href":"https:\/\/bricer.pt\/index.php?rest_route=%2Fwp%2Fv2%2Fproduct_tag&post=2304"}],"curies":[{"name":"wp","href":"https:\/\/api.w.org\/{rel}","templated":true}]}}