{"id":2280,"date":"2023-03-06T11:38:02","date_gmt":"2023-03-06T11:38:02","guid":{"rendered":"https:\/\/bricer.pt\/produto\/neutradol-one-desinfetante-relaxing-cotton-aerosol-spray-emb-300ml\/"},"modified":"2023-04-17T08:01:28","modified_gmt":"2023-04-17T08:01:28","slug":"neutradol-one-desinfetante-relaxing-cotton-aerosol-spray-emb-300ml","status":"publish","type":"product","link":"https:\/\/bricer.pt\/?product=neutradol-one-desinfetante-relaxing-cotton-aerosol-spray-emb-300ml","title":{"rendered":"Neutradol One Desinfetante &#8220;Relaxing Cotton&#8221; Aerosol  Spray  Emb. 300ml"},"content":{"rendered":"<p><strong>Neutradol One Desinfetante &#8220;Relaxing Cotton&#8221;<\/strong> Aerosol Spray Emb. 300ml<\/p>\n<p>&nbsp;<\/p>\n<p><strong>Caracter\u00edsticas<\/strong>: Ajuda a proteger de bact\u00e9rias e v\u00edrus nocivos. A nossa f\u00f3rmula mata 99,9% das bact\u00e9rias existentes em nossa casa e \u00e9 igualmente eficaz no combate de v\u00edrus e fungos. Este produto foi desenvolvido para ajudar a proteger a si e \u00e1 sua fam\u00edlia. \u00c9 um spray com uma fragr\u00e2ncia agrad\u00e1vel que n\u00e3o requer enxaguamento ou limpeza ap\u00f3s utiliza\u00e7\u00e3o. Funciona em superf\u00edcies duras e macias e elimina os odores a\u00e9reos. Locais de aplica\u00e7\u00e3o: superf\u00edcies de trabalho, pias, cortinas para banheiras, casas-de-banho, sof\u00e1s, colch\u00f5es, almofadas, camas para animais de estima\u00e7\u00e3o, assentos em tecido de ve\u00edculos, lixeiras, ma\u00e7anetas e \u00e1reas adjacentes.<\/p>\n<p><strong>Ingredientes<\/strong>: Ethanol 74.44% w\/w, 744,4 g\/kg e Sodium NItrite. Pode provocar uma rea\u00e7\u00e3o al\u00e9rgica.<\/p>\n<p><strong>Instru\u00e7\u00f5es<\/strong>: Agitar bem, pulverizar uniformemente com a lata na vertical a cerca de 20 cm da \u00e1rea\/superf\u00edcie de aplica\u00e7\u00e3o. Depois de aplicado, deixar secar ao ar. N\u00e3o utilizar em madeira envernizada ou polida, superf\u00edcies pintadas ou acr\u00edlico. Verificar a adequa\u00e7\u00e3o do produto em \u00e1reas impercet\u00edveis antes de um nova aplica\u00e7\u00e3o. Este produto mata as bact\u00e9rias, fungos e v\u00edrus: Bacteria (E. Coli, Salmonella, Listeria, Staph. Aureus, Streptococcus, MRSA), Fungos (P\u00e9 de Atleta, Fungos, Candida Albicans, Aspergillus Brasiliensis), V\u00edrus (Influenza Tipo A H1N1, Rinov\u00edrus, Rotav\u00edrus, Poliov\u00edrus Tipo 1, Adenov\u00edrus Tipo 2, Herpes Viridae, V\u00edrus da Hepatite A-E).<\/p>\n<p><strong>Advert\u00eancias<\/strong>: Aerossol extremamente inflam\u00e1vel. Recipiente sob press\u00e3o: risco de explos\u00e3o sob a a\u00e7\u00e3o do calor. Se for necess\u00e1rio consultar um m\u00e9dico, mostre-lhe a embalagem ou o r\u00f3tulo. Manter fora do alcance das crian\u00e7as. Manter afastado do calor, superf\u00edcies quentes, fa\u00edscas, chama aberta ou outras fontes de igni\u00e7\u00e3o. N\u00e3o fumar. N\u00e3o pulverizar sobre a chama aberta ou outra fonte de igni\u00e7\u00e3o. N\u00e3o furar nem queimar, mesmo ap\u00f3s utiliza\u00e7\u00e3o. Manter ao abrigo da luz solar. N\u00e3o expor a temperaturas superiores a 50\u00baC\/122\u00baF. Proteger da luz solar direta. Use apenas como indicado nas instru\u00e7\u00f5es de uso.<\/p>\n","protected":false},"excerpt":{"rendered":"<p>Neutradol One Desinfetante &#8220;Relaxing Cotton&#8221; Aerosol Spray Emb. 300ml &nbsp; Caracter\u00edsticas: Ajuda a proteger de bact\u00e9rias e v\u00edrus nocivos. A nossa f\u00f3rmula mata 99,9% das bact\u00e9rias existentes em nossa casa e \u00e9 igualmente eficaz no combate de v\u00edrus e fungos. Este produto foi desenvolvido para ajudar a proteger a si e \u00e1 sua fam\u00edlia. \u00c9 [&hellip;]<\/p>\n","protected":false},"featured_media":2281,"template":"","meta":[],"product_brand":[],"product_cat":[55,58],"product_tag":[],"class_list":{"0":"post-2280","1":"product","2":"type-product","3":"status-publish","4":"has-post-thumbnail","6":"product_cat-dph","7":"product_cat-limpeza-e-manutencao","8":"pa_marcas-neutradol","9":"pa_pais-reino-unido","11":"first","12":"instock","13":"taxable","14":"shipping-taxable","15":"product-type-simple"},"_links":{"self":[{"href":"https:\/\/bricer.pt\/index.php?rest_route=\/wp\/v2\/product\/2280","targetHints":{"allow":["GET"]}}],"collection":[{"href":"https:\/\/bricer.pt\/index.php?rest_route=\/wp\/v2\/product"}],"about":[{"href":"https:\/\/bricer.pt\/index.php?rest_route=\/wp\/v2\/types\/product"}],"wp:featuredmedia":[{"embeddable":true,"href":"https:\/\/bricer.pt\/index.php?rest_route=\/wp\/v2\/media\/2281"}],"wp:attachment":[{"href":"https:\/\/bricer.pt\/index.php?rest_route=%2Fwp%2Fv2%2Fmedia&parent=2280"}],"wp:term":[{"taxonomy":"product_brand","embeddable":true,"href":"https:\/\/bricer.pt\/index.php?rest_route=%2Fwp%2Fv2%2Fproduct_brand&post=2280"},{"taxonomy":"product_cat","embeddable":true,"href":"https:\/\/bricer.pt\/index.php?rest_route=%2Fwp%2Fv2%2Fproduct_cat&post=2280"},{"taxonomy":"product_tag","embeddable":true,"href":"https:\/\/bricer.pt\/index.php?rest_route=%2Fwp%2Fv2%2Fproduct_tag&post=2280"}],"curies":[{"name":"wp","href":"https:\/\/api.w.org\/{rel}","templated":true}]}}