{"id":2278,"date":"2023-03-06T11:38:02","date_gmt":"2023-03-06T11:38:02","guid":{"rendered":"https:\/\/bricer.pt\/produto\/green-shield-toalhetes-desinfetantes-de-superficies-emb-60un\/"},"modified":"2023-04-17T08:01:27","modified_gmt":"2023-04-17T08:01:27","slug":"green-shield-toalhetes-desinfetantes-de-superficies-emb-60un","status":"publish","type":"product","link":"https:\/\/bricer.pt\/?product=green-shield-toalhetes-desinfetantes-de-superficies-emb-60un","title":{"rendered":"Green Shield Toalhetes Desinfetantes de Superf\u00edcies  Emb. 60Un."},"content":{"rendered":"<p><strong>Green Shield Toalhetes Desinfetantes de Superf\u00edcies<\/strong> Emb. 60Un.<\/p>\n<p>&nbsp;<\/p>\n<p><strong>Caracter\u00edsticas<\/strong>: Os toalhetes anti-bacterianos podem ser usados como uma forma conveniente de limpar e desinfectar as superf\u00edcies da sua casa. Cada toalhete descart\u00e1vel\u00a0 mata germes onde quer que o use, mesmo que seja adequado para usar em madeira. Sem frascos, sem esponjas, sem confus\u00e3o. Limpa o v\u00edrus em superf\u00edcies duras e n\u00e3o porosas em 10 minutos. Mata 99,9% de v\u00edrus e bact\u00e9rias. Remove mais de 95% dos alerg\u00e9nios (Poeiras, \u00c1caros e Part\u00edculas de P\u00f3len).<\/p>\n<p><strong>Instru\u00e7\u00f5es<\/strong>: cuidadosamente descole a etiqueta e utilize uma toalhita de cada<br \/>\nvez; esfregue a superf\u00edcie para uma limpeza mais higi\u00e9nica; sele novamente a etiqueta para prevenir que n\u00e3o sequem; coloque a toalhita utilizada no lixo; lave<br \/>\nas m\u00e3os ap\u00f3s utiliza\u00e7\u00e3o.<\/p>\n<p><strong>Advert\u00eancias<\/strong>: Manter fora do alcance das crian\u00e7as; Manter afastado dos animais; N\u00e3o utilizar em carpetes, estofos ou outros tecidos; N\u00e3o utilizar em madeiras pintadas, polidas, n\u00e3o tratadas ou laminados n\u00e3o selados; N\u00e3o utilizar para uso pessoal; Evitar contacto com os olhos e pele gretada; Se isto ocorrer, enxague imediatamente com \u00e1gua a correr e procure ajuda m\u00e9dica; N\u00e3o deitar a toalhita na sanita; Testar sempre numa \u00e1rea escondida antes de utilizar; Para pele<br \/>\nsens\u00edvel, usar luvas de borracha. Utilizar de prefer\u00eancia antes do final de: ver data<br \/>\nindicada. Ap\u00f3s abertura utilizar em 6 meses.<\/p>\n<p>&nbsp;<\/p>\n<p>&nbsp;<\/p>\n<p>&nbsp;<\/p>\n","protected":false},"excerpt":{"rendered":"<p>Green Shield Toalhetes Desinfetantes de Superf\u00edcies Emb. 60Un. &nbsp; Caracter\u00edsticas: Os toalhetes anti-bacterianos podem ser usados como uma forma conveniente de limpar e desinfectar as superf\u00edcies da sua casa. Cada toalhete descart\u00e1vel\u00a0 mata germes onde quer que o use, mesmo que seja adequado para usar em madeira. Sem frascos, sem esponjas, sem confus\u00e3o. Limpa o [&hellip;]<\/p>\n","protected":false},"featured_media":2279,"template":"","meta":[],"product_brand":[],"product_cat":[55,58],"product_tag":[],"class_list":{"0":"post-2278","1":"product","2":"type-product","3":"status-publish","4":"has-post-thumbnail","6":"product_cat-dph","7":"product_cat-limpeza-e-manutencao","8":"pa_marcas-green-shield","9":"pa_pais-reino-unido","11":"first","12":"instock","13":"taxable","14":"shipping-taxable","15":"product-type-simple"},"_links":{"self":[{"href":"https:\/\/bricer.pt\/index.php?rest_route=\/wp\/v2\/product\/2278","targetHints":{"allow":["GET"]}}],"collection":[{"href":"https:\/\/bricer.pt\/index.php?rest_route=\/wp\/v2\/product"}],"about":[{"href":"https:\/\/bricer.pt\/index.php?rest_route=\/wp\/v2\/types\/product"}],"wp:featuredmedia":[{"embeddable":true,"href":"https:\/\/bricer.pt\/index.php?rest_route=\/wp\/v2\/media\/2279"}],"wp:attachment":[{"href":"https:\/\/bricer.pt\/index.php?rest_route=%2Fwp%2Fv2%2Fmedia&parent=2278"}],"wp:term":[{"taxonomy":"product_brand","embeddable":true,"href":"https:\/\/bricer.pt\/index.php?rest_route=%2Fwp%2Fv2%2Fproduct_brand&post=2278"},{"taxonomy":"product_cat","embeddable":true,"href":"https:\/\/bricer.pt\/index.php?rest_route=%2Fwp%2Fv2%2Fproduct_cat&post=2278"},{"taxonomy":"product_tag","embeddable":true,"href":"https:\/\/bricer.pt\/index.php?rest_route=%2Fwp%2Fv2%2Fproduct_tag&post=2278"}],"curies":[{"name":"wp","href":"https:\/\/api.w.org\/{rel}","templated":true}]}}