{"id":2266,"date":"2023-03-06T11:38:02","date_gmt":"2023-03-06T11:38:02","guid":{"rendered":"https:\/\/bricer.pt\/produto\/radox-spa-rejuvenate-bath-soak-emb-500-ml\/"},"modified":"2023-04-17T08:01:27","modified_gmt":"2023-04-17T08:01:27","slug":"radox-spa-rejuvenate-bath-soak-emb-500-ml","status":"publish","type":"product","link":"https:\/\/bricer.pt\/?product=radox-spa-rejuvenate-bath-soak-emb-500-ml","title":{"rendered":"Radox Spa Rejuvenate Bath Soak   Emb. 500 ml"},"content":{"rendered":"<p><strong>Radox Spa Rejuvenate Bath Soak<\/strong> Emb. 500 ml.<\/p>\n<p>&nbsp;<\/p>\n<p><strong>Instru\u00e7\u00f5es<\/strong>: Utilize no corpo , durante o banho, e enxague no final.<\/p>\n<p><strong>Advert\u00eancias<\/strong>: Evitar contacto com os olhos, se tal acontecer, enxaguar com<br \/>\nagua fria e limpar cuidadosamente. Apenas para uso de adultos.<\/p>\n<p><strong>Ingredientes<\/strong>: Aqua, Sodium Laureth Sulfate, Cocamidopropyl Betaine, Sodium Chloride, Parfum, Sine Adipe Lac, Citrus Aurantium Dulcis Peel Oil, Camelia Sinensis Leaf Extract, Jasminum Officinale Flower Extract, Sodium Lactate, Lactic Acid, Styrene\/Acrylates Copolymer, Polyquaternium-7, Linalool, Alpha-Isomethyl Ionone, Hexyl Cinnamal, Glycerin, Sodium Benzoate, CI 47005, CI 42090.<\/p>\n<p>&nbsp;<\/p>\n","protected":false},"excerpt":{"rendered":"<p>Radox Spa Rejuvenate Bath Soak Emb. 500 ml. &nbsp; Instru\u00e7\u00f5es: Utilize no corpo , durante o banho, e enxague no final. Advert\u00eancias: Evitar contacto com os olhos, se tal acontecer, enxaguar com agua fria e limpar cuidadosamente. Apenas para uso de adultos. Ingredientes: Aqua, Sodium Laureth Sulfate, Cocamidopropyl Betaine, Sodium Chloride, Parfum, Sine Adipe Lac, [&hellip;]<\/p>\n","protected":false},"featured_media":2267,"template":"","meta":[],"product_brand":[],"product_cat":[55,56],"product_tag":[],"class_list":{"0":"post-2266","1":"product","2":"type-product","3":"status-publish","4":"has-post-thumbnail","6":"product_cat-dph","7":"product_cat-higiene-e-beleza-geis-de-banho","8":"pa_marcas-radox","9":"pa_pais-reino-unido","11":"first","12":"instock","13":"taxable","14":"shipping-taxable","15":"product-type-simple"},"_links":{"self":[{"href":"https:\/\/bricer.pt\/index.php?rest_route=\/wp\/v2\/product\/2266","targetHints":{"allow":["GET"]}}],"collection":[{"href":"https:\/\/bricer.pt\/index.php?rest_route=\/wp\/v2\/product"}],"about":[{"href":"https:\/\/bricer.pt\/index.php?rest_route=\/wp\/v2\/types\/product"}],"wp:featuredmedia":[{"embeddable":true,"href":"https:\/\/bricer.pt\/index.php?rest_route=\/wp\/v2\/media\/2267"}],"wp:attachment":[{"href":"https:\/\/bricer.pt\/index.php?rest_route=%2Fwp%2Fv2%2Fmedia&parent=2266"}],"wp:term":[{"taxonomy":"product_brand","embeddable":true,"href":"https:\/\/bricer.pt\/index.php?rest_route=%2Fwp%2Fv2%2Fproduct_brand&post=2266"},{"taxonomy":"product_cat","embeddable":true,"href":"https:\/\/bricer.pt\/index.php?rest_route=%2Fwp%2Fv2%2Fproduct_cat&post=2266"},{"taxonomy":"product_tag","embeddable":true,"href":"https:\/\/bricer.pt\/index.php?rest_route=%2Fwp%2Fv2%2Fproduct_tag&post=2266"}],"curies":[{"name":"wp","href":"https:\/\/api.w.org\/{rel}","templated":true}]}}