{"id":22,"date":"2023-03-06T11:01:10","date_gmt":"2023-03-06T11:01:10","guid":{"rendered":"https:\/\/bricer.pt\/produto\/7-up-refrigerante-c-sabor-a-mojito-lata-330ml\/"},"modified":"2026-04-14T14:53:43","modified_gmt":"2026-04-14T14:53:43","slug":"7-up-refrigerante-c-sabor-a-mojito-lata-330ml","status":"publish","type":"product","link":"https:\/\/bricer.pt\/?product=7-up-refrigerante-c-sabor-a-mojito-lata-330ml","title":{"rendered":"7 Up Refrigerante c\/ Sabor a &#8220;Mojito&#8221; Lata 330ml"},"content":{"rendered":"<p><strong>7 Up Refrigerante c\/ Sabor a &#8220;Mojito&#8221; Lata 330ml.<\/strong><\/p>\n<p><strong>Alerg\u00e9nios:<\/strong> ver MAI\u00daSCULAS.<\/p>\n<p><strong>Ingredientes<\/strong>: \u00e1gua gaseificada, a\u00e7\u00facar, acidificantes (\u00e1cido c\u00edtrico, \u00e1cido m\u00e1lico), aromas, regulador de acidez (citrato de s\u00f3dio), conservantes (sorbato de pot\u00e1ssio, benzoato de s\u00f3dio), educolrante (glicos\u00eddeos de esteviol), estabilizadores (goma ar\u00e1bica, \u00e9steres de glicerol de colof\u00f3nia).<\/p>\n<p><strong>Declara\u00e7\u00e3o Nutricional p\/100ml<\/strong>: Energia 122kJ\/29kcal; L\u00edpidos 0,0g (dos quais saturados 0,0g); Hidratos de Carbono 7,0g (dos quais a\u00e7\u00facares 7,0g); Prote\u00ednas 0,0g; Sal 0,05g.<\/p>\n","protected":false},"excerpt":{"rendered":"<p>7 Up Refrigerante c\/ Sabor a &#8220;Mojito&#8221; Lata 330ml. Alerg\u00e9nios: ver MAI\u00daSCULAS. Ingredientes: \u00e1gua gaseificada, a\u00e7\u00facar, acidificantes (\u00e1cido c\u00edtrico, \u00e1cido m\u00e1lico), aromas, regulador de acidez (citrato de s\u00f3dio), conservantes (sorbato de pot\u00e1ssio, benzoato de s\u00f3dio), educolrante (glicos\u00eddeos de esteviol), estabilizadores (goma ar\u00e1bica, \u00e9steres de glicerol de colof\u00f3nia). Declara\u00e7\u00e3o Nutricional p\/100ml: Energia 122kJ\/29kcal; L\u00edpidos 0,0g (dos [&hellip;]<\/p>\n","protected":false},"featured_media":23,"template":"","meta":[],"product_brand":[],"product_cat":[20,21],"product_tag":[],"class_list":{"0":"post-22","1":"product","2":"type-product","3":"status-publish","4":"has-post-thumbnail","6":"product_cat-bebidas","7":"product_cat-refrigerantes-bebidas","8":"pa_marcas-7up","9":"pa_pais-estados-unidos-da-america","11":"first","12":"outofstock","13":"taxable","14":"shipping-taxable","15":"product-type-simple"},"_links":{"self":[{"href":"https:\/\/bricer.pt\/index.php?rest_route=\/wp\/v2\/product\/22","targetHints":{"allow":["GET"]}}],"collection":[{"href":"https:\/\/bricer.pt\/index.php?rest_route=\/wp\/v2\/product"}],"about":[{"href":"https:\/\/bricer.pt\/index.php?rest_route=\/wp\/v2\/types\/product"}],"wp:featuredmedia":[{"embeddable":true,"href":"https:\/\/bricer.pt\/index.php?rest_route=\/wp\/v2\/media\/23"}],"wp:attachment":[{"href":"https:\/\/bricer.pt\/index.php?rest_route=%2Fwp%2Fv2%2Fmedia&parent=22"}],"wp:term":[{"taxonomy":"product_brand","embeddable":true,"href":"https:\/\/bricer.pt\/index.php?rest_route=%2Fwp%2Fv2%2Fproduct_brand&post=22"},{"taxonomy":"product_cat","embeddable":true,"href":"https:\/\/bricer.pt\/index.php?rest_route=%2Fwp%2Fv2%2Fproduct_cat&post=22"},{"taxonomy":"product_tag","embeddable":true,"href":"https:\/\/bricer.pt\/index.php?rest_route=%2Fwp%2Fv2%2Fproduct_tag&post=22"}],"curies":[{"name":"wp","href":"https:\/\/api.w.org\/{rel}","templated":true}]}}