{"id":2186,"date":"2023-03-06T11:37:43","date_gmt":"2023-03-06T11:37:43","guid":{"rendered":"https:\/\/bricer.pt\/produto\/datta-sport-desodorizante-stick-p-homem-emb-75ml\/"},"modified":"2023-04-17T08:01:20","modified_gmt":"2023-04-17T08:01:20","slug":"datta-sport-desodorizante-stick-p-homem-emb-75ml","status":"publish","type":"product","link":"https:\/\/bricer.pt\/?product=datta-sport-desodorizante-stick-p-homem-emb-75ml","title":{"rendered":"Datta Sport Desodorizante Stick p\/ Homem  Emb. 75ml"},"content":{"rendered":"<p><strong>Datta Sport Desodorizante Stick p\/ Homem<\/strong> Emb. 75ml.<\/p>\n<p>&nbsp;<\/p>\n<p><strong>Caracter\u00edsticas<\/strong>: Proporciona uma sensa\u00e7\u00e3o de frescor e prote\u00e7\u00e3o que perdura o dia todo na pele, gra\u00e7as \u00e0 composi\u00e7\u00e3o da sua f\u00f3rmula e ao seu perfume fresco e intenso.<\/p>\n<p><strong>Ingredientes<\/strong>: \u00c1lcool Denat; \u00c1gua; Fragr\u00e2ncia; Propileno glicol; \u00c1cido palm\u00edtico; \u00c1cido este\u00e1rico; Hidr\u00f3xido de S\u00f3dio; Triclosan; D-Limoneno; Alfa-isometil-lonona<br \/>\nCumarina; Linalool; Hexyl Cinnamal; C.I. 42090<\/p>\n","protected":false},"excerpt":{"rendered":"<p>Datta Sport Desodorizante Stick p\/ Homem Emb. 75ml. &nbsp; Caracter\u00edsticas: Proporciona uma sensa\u00e7\u00e3o de frescor e prote\u00e7\u00e3o que perdura o dia todo na pele, gra\u00e7as \u00e0 composi\u00e7\u00e3o da sua f\u00f3rmula e ao seu perfume fresco e intenso. Ingredientes: \u00c1lcool Denat; \u00c1gua; Fragr\u00e2ncia; Propileno glicol; \u00c1cido palm\u00edtico; \u00c1cido este\u00e1rico; Hidr\u00f3xido de S\u00f3dio; Triclosan; D-Limoneno; Alfa-isometil-lonona Cumarina; [&hellip;]<\/p>\n","protected":false},"featured_media":2187,"template":"","meta":[],"product_brand":[],"product_cat":[55,329],"product_tag":[],"class_list":{"0":"post-2186","1":"product","2":"type-product","3":"status-publish","4":"has-post-thumbnail","6":"product_cat-dph","7":"product_cat-higiene-e-beleza-homem","8":"pa_marcas-datta-sport","9":"pa_pais-espanha","11":"first","12":"instock","13":"taxable","14":"shipping-taxable","15":"product-type-simple"},"_links":{"self":[{"href":"https:\/\/bricer.pt\/index.php?rest_route=\/wp\/v2\/product\/2186","targetHints":{"allow":["GET"]}}],"collection":[{"href":"https:\/\/bricer.pt\/index.php?rest_route=\/wp\/v2\/product"}],"about":[{"href":"https:\/\/bricer.pt\/index.php?rest_route=\/wp\/v2\/types\/product"}],"wp:featuredmedia":[{"embeddable":true,"href":"https:\/\/bricer.pt\/index.php?rest_route=\/wp\/v2\/media\/2187"}],"wp:attachment":[{"href":"https:\/\/bricer.pt\/index.php?rest_route=%2Fwp%2Fv2%2Fmedia&parent=2186"}],"wp:term":[{"taxonomy":"product_brand","embeddable":true,"href":"https:\/\/bricer.pt\/index.php?rest_route=%2Fwp%2Fv2%2Fproduct_brand&post=2186"},{"taxonomy":"product_cat","embeddable":true,"href":"https:\/\/bricer.pt\/index.php?rest_route=%2Fwp%2Fv2%2Fproduct_cat&post=2186"},{"taxonomy":"product_tag","embeddable":true,"href":"https:\/\/bricer.pt\/index.php?rest_route=%2Fwp%2Fv2%2Fproduct_tag&post=2186"}],"curies":[{"name":"wp","href":"https:\/\/api.w.org\/{rel}","templated":true}]}}