{"id":2184,"date":"2023-03-06T11:37:43","date_gmt":"2023-03-06T11:37:43","guid":{"rendered":"https:\/\/bricer.pt\/produto\/briseis-agua-de-colonia-p-homem-emb-1000ml\/"},"modified":"2023-04-17T08:01:20","modified_gmt":"2023-04-17T08:01:20","slug":"briseis-agua-de-colonia-p-homem-emb-1000ml","status":"publish","type":"product","link":"https:\/\/bricer.pt\/?product=briseis-agua-de-colonia-p-homem-emb-1000ml","title":{"rendered":"Briseis \u00c1gua de Col\u00f3nia p\/ Homem  Emb. 1000ml"},"content":{"rendered":"<p><strong>Briseis \u00c1gua de Col\u00f3nia p\/ Homem<\/strong> Emb. 1000ml.<\/p>\n<p>&nbsp;<\/p>\n<p><strong>Ingredientes<\/strong>: \u00c1lcool Denat; \u00c1gua; Fragr\u00e2ncia; Benzofenona-1; \u00c1lcool benz\u00edlico; \u00c1lcool cinam\u00edlico; Citral; Hidroxicitronelal; Cumarina; Geraniol; Linalool; Citronelol; d-limoneno; Extrato de Evernia prunastri.<\/p>\n","protected":false},"excerpt":{"rendered":"<p>Briseis \u00c1gua de Col\u00f3nia p\/ Homem Emb. 1000ml. &nbsp; Ingredientes: \u00c1lcool Denat; \u00c1gua; Fragr\u00e2ncia; Benzofenona-1; \u00c1lcool benz\u00edlico; \u00c1lcool cinam\u00edlico; Citral; Hidroxicitronelal; Cumarina; Geraniol; Linalool; Citronelol; d-limoneno; Extrato de Evernia prunastri.<\/p>\n","protected":false},"featured_media":2185,"template":"","meta":[],"product_brand":[],"product_cat":[55,329],"product_tag":[],"class_list":{"0":"post-2184","1":"product","2":"type-product","3":"status-publish","4":"has-post-thumbnail","6":"product_cat-dph","7":"product_cat-higiene-e-beleza-homem","8":"pa_marcas-briseis","9":"pa_pais-espanha","11":"first","12":"instock","13":"taxable","14":"shipping-taxable","15":"product-type-simple"},"_links":{"self":[{"href":"https:\/\/bricer.pt\/index.php?rest_route=\/wp\/v2\/product\/2184","targetHints":{"allow":["GET"]}}],"collection":[{"href":"https:\/\/bricer.pt\/index.php?rest_route=\/wp\/v2\/product"}],"about":[{"href":"https:\/\/bricer.pt\/index.php?rest_route=\/wp\/v2\/types\/product"}],"wp:featuredmedia":[{"embeddable":true,"href":"https:\/\/bricer.pt\/index.php?rest_route=\/wp\/v2\/media\/2185"}],"wp:attachment":[{"href":"https:\/\/bricer.pt\/index.php?rest_route=%2Fwp%2Fv2%2Fmedia&parent=2184"}],"wp:term":[{"taxonomy":"product_brand","embeddable":true,"href":"https:\/\/bricer.pt\/index.php?rest_route=%2Fwp%2Fv2%2Fproduct_brand&post=2184"},{"taxonomy":"product_cat","embeddable":true,"href":"https:\/\/bricer.pt\/index.php?rest_route=%2Fwp%2Fv2%2Fproduct_cat&post=2184"},{"taxonomy":"product_tag","embeddable":true,"href":"https:\/\/bricer.pt\/index.php?rest_route=%2Fwp%2Fv2%2Fproduct_tag&post=2184"}],"curies":[{"name":"wp","href":"https:\/\/api.w.org\/{rel}","templated":true}]}}