{"id":2180,"date":"2023-03-06T11:37:29","date_gmt":"2023-03-06T11:37:29","guid":{"rendered":"https:\/\/bricer.pt\/produto\/tulipan-negro-desodorizante-spray-p-homem-anti-transpiracao-emb-200ml\/"},"modified":"2023-04-17T08:01:18","modified_gmt":"2023-04-17T08:01:18","slug":"tulipan-negro-desodorizante-spray-p-homem-anti-transpiracao-emb-200ml","status":"publish","type":"product","link":"https:\/\/bricer.pt\/?product=tulipan-negro-desodorizante-spray-p-homem-anti-transpiracao-emb-200ml","title":{"rendered":"Tulip\u00e1n Negro Desodorizante Spray p\/ Homem Anti-Transpira\u00e7\u00e3o  Emb. 200ml"},"content":{"rendered":"<p><strong>Tulip\u00e1n Negro Desodorizante Spray p\/ Homem Anti-Transpira\u00e7\u00e3o<\/strong> Emb. 200ml.<\/p>\n<p>&nbsp;<\/p>\n<p><strong>Caracter\u00edsticas<\/strong>: F\u00f3rmula desenhada especialmente para desportistas. Prote\u00e7\u00e3o antitranspirante de 48 horas, com efic\u00e1cia anti-humidade, mantendo a axila sempre seca gra\u00e7as ao seu &#8220;Energy Cool System&#8221;.<\/p>\n<p><strong>Advert\u00eancias<\/strong>: Extremamente inflam\u00e1vel. Mantenha afastado do calor e de qualquer outra fonte de igni\u00e7\u00e3o. N\u00e3o exponha a temperaturas superiores a 50\u00baC. Manter fora do alcance das crian\u00e7as. N\u00e3o pulverize perto dos olhos e do rosto e evite a inala\u00e7\u00e3o direta.<\/p>\n<p><strong>Ingredientes<\/strong>: Isobutano; Propano; Ciclo-pentasiloxano; Clorohidrato de Alum\u00ednio; Isododecano; Fragr\u00e2ncia; Disteardimonium Hectarite; n-butano; Carbonato de Propileno; Isoestearato de poligliceril-4; Cetyl PEG \/ PPG-10\/1 Dimethlcone; Laurato de hexil; Linalool; Limonene; Alfa-isometil lonona; Eugenol; Geraniol; Citronelol; Cumarina; Benzil benzaato; Butil-fenilmetilproplonal; Citral.<\/p>\n","protected":false},"excerpt":{"rendered":"<p>Tulip\u00e1n Negro Desodorizante Spray p\/ Homem Anti-Transpira\u00e7\u00e3o Emb. 200ml. &nbsp; Caracter\u00edsticas: F\u00f3rmula desenhada especialmente para desportistas. Prote\u00e7\u00e3o antitranspirante de 48 horas, com efic\u00e1cia anti-humidade, mantendo a axila sempre seca gra\u00e7as ao seu &#8220;Energy Cool System&#8221;. Advert\u00eancias: Extremamente inflam\u00e1vel. Mantenha afastado do calor e de qualquer outra fonte de igni\u00e7\u00e3o. N\u00e3o exponha a temperaturas superiores a [&hellip;]<\/p>\n","protected":false},"featured_media":2181,"template":"","meta":[],"product_brand":[],"product_cat":[55,329],"product_tag":[],"class_list":{"0":"post-2180","1":"product","2":"type-product","3":"status-publish","4":"has-post-thumbnail","6":"product_cat-dph","7":"product_cat-higiene-e-beleza-homem","8":"pa_marcas-tulipan-negro","9":"pa_pais-espanha","11":"first","12":"instock","13":"taxable","14":"shipping-taxable","15":"product-type-simple"},"_links":{"self":[{"href":"https:\/\/bricer.pt\/index.php?rest_route=\/wp\/v2\/product\/2180","targetHints":{"allow":["GET"]}}],"collection":[{"href":"https:\/\/bricer.pt\/index.php?rest_route=\/wp\/v2\/product"}],"about":[{"href":"https:\/\/bricer.pt\/index.php?rest_route=\/wp\/v2\/types\/product"}],"wp:featuredmedia":[{"embeddable":true,"href":"https:\/\/bricer.pt\/index.php?rest_route=\/wp\/v2\/media\/2181"}],"wp:attachment":[{"href":"https:\/\/bricer.pt\/index.php?rest_route=%2Fwp%2Fv2%2Fmedia&parent=2180"}],"wp:term":[{"taxonomy":"product_brand","embeddable":true,"href":"https:\/\/bricer.pt\/index.php?rest_route=%2Fwp%2Fv2%2Fproduct_brand&post=2180"},{"taxonomy":"product_cat","embeddable":true,"href":"https:\/\/bricer.pt\/index.php?rest_route=%2Fwp%2Fv2%2Fproduct_cat&post=2180"},{"taxonomy":"product_tag","embeddable":true,"href":"https:\/\/bricer.pt\/index.php?rest_route=%2Fwp%2Fv2%2Fproduct_tag&post=2180"}],"curies":[{"name":"wp","href":"https:\/\/api.w.org\/{rel}","templated":true}]}}